{"id":21046,"date":"2022-05-07T11:49:02","date_gmt":"2022-05-07T09:49:02","guid":{"rendered":"https:\/\/ak47.nu\/produkt\/well-d90f-replica-d90f-aeg-6mm-airsoft\/"},"modified":"2025-12-03T20:31:09","modified_gmt":"2025-12-03T19:31:09","slug":"well-d90f-replika-aeg-6mm-airsoft","status":"publish","type":"product","link":"https:\/\/ak47.nu\/de\/produkt\/airsoft\/el-drivna\/kulsprutor\/well-d90f-replika-aeg-6mm-airsoft\/","title":{"rendered":"WELL D90F Replika - AEG 6mm Airsoft | WELL"},"content":{"rendered":"<h1>WELL D90F Replika - AEG 6mm Airsoft<\/h1>\n<h2>Kompakte und vielseitige Airsoft-Replika<\/h2>\n<p>Die WELL D90F Replika ist eine Airsoft-Version der klassischen D90F Maschinenpistole. Fast vollst\u00e4ndig aus strapazierf\u00e4higem Kunststoff gefertigt, spiegelt diese Replika das Original wider und ist sowohl leicht als auch robust. Ihr kompaktes Design und ihre geringe Gr\u00f6\u00dfe machen sie zu einer komfortablen Waffe, die sich ideal f\u00fcr den Nah- bis Mittelbereich eignet. Entdecken Sie unsere gro\u00dfe Auswahl an <a href=\"https:\/\/ak47.nu\/de\/butik\/\">authentischen Airsoft-Repliken<\/a>.<\/p>\n<h3>Vorteile des Bullpup-Systems<\/h3>\n<p>Der verl\u00e4ngerte Lauf - der weit hinter den Abzug reicht, was f\u00fcr Bullpup-Feuerwaffen charakteristisch ist - erh\u00f6ht die Schusspr\u00e4zision. Das Bullpup-Design erh\u00f6ht den Benutzerkomfort, da die Replika kurz und leicht zu man\u00f6vrieren ist und gleichzeitig Stabilit\u00e4t und Genauigkeit bietet. Verbessern Sie Ihr Airsoft-Erlebnis mit dem richtigen <a href=\"https:\/\/ak47.nu\/de\/airsoft\/\">Airsoft-Zubeh\u00f6r<\/a>.<\/p>\n<h3>Hohe Magazinkapazit\u00e4t und Feuerrate<\/h3>\n<p>Mit einem 300-Schuss-Magazin, kombiniert mit Genauigkeit, vollautomatischer Funktion und einer theoretischen Feuerrate von 400 Schuss pro Minute, ist diese Replika ein perfektes Werkzeug f\u00fcr CQB-Szenarien (Close Quarters Battle). Mit 0,12 g BBs erreicht sie eine Geschwindigkeit von 180 FPS (Feet Per Second). Es k\u00f6nnen auch schwerere 0,20 g BBs verwendet werden, die die Reichweite leicht verringern, aber die Genauigkeit erh\u00f6hen. Finden Sie alles, was Sie brauchen bei <a href=\"https:\/\/ak47.nu\/de\/\">uns<\/a>.<\/p>\n<h3>RIS-Schiene f\u00fcr Zubeh\u00f6r<\/h3>\n<p>Die Replika verf\u00fcgt \u00fcber eine RIS-Schiene auf der R\u00fcckseite, oberhalb des Magazins. Dies erm\u00f6glicht die Anbringung verschiedener elektrooptischer Ger\u00e4te oder einer Taschenlampe, wodurch Sie Ihre Waffe an Ihre Bed\u00fcrfnisse anpassen k\u00f6nnen.<\/p>\n<h3>Das Set beinhaltet:<\/h3>\n<ul>\n <li>Replika<\/li>\n <li>Magazin<\/li>\n <li>Batterie<\/li>\n <li>Ladeger\u00e4t<\/li>\n<\/ul>","protected":false},"excerpt":{"rendered":"<p>WELL D90F Replika &#8211; AEG 6mm Airsoft Kompakte und vielseitige Airsoft-Replika Die WELL D90F Replika ist eine Airsoft-Version der klassischen D90F Maschinenpistole. Fast vollst\u00e4ndig aus strapazierf\u00e4higem Kunststoff gefertigt, spiegelt diese Replika das Original wider und ist sowohl leicht als auch robust. Ihr kompaktes Design und ihre geringe Gr\u00f6\u00dfe machen sie zu einer komfortablen Waffe, die [&#8230;]","protected":false},"featured_media":21041,"template":"","meta":[],"product_brand":[],"product_cat":[402],"product_tag":[],"class_list":{"0":"post-21046","1":"product","2":"type-product","3":"status-publish","4":"has-post-thumbnail","6":"product_cat-kulsprutor","7":"pa_brand-well","9":"first","10":"outofstock","11":"taxable","12":"shipping-taxable","13":"purchasable","14":"product-type-simple"},"_links":{"self":[{"href":"https:\/\/ak47.nu\/de\/wp-json\/wp\/v2\/product\/21046","targetHints":{"allow":["GET"]}}],"collection":[{"href":"https:\/\/ak47.nu\/de\/wp-json\/wp\/v2\/product"}],"about":[{"href":"https:\/\/ak47.nu\/de\/wp-json\/wp\/v2\/types\/product"}],"wp:featuredmedia":[{"embeddable":true,"href":"https:\/\/ak47.nu\/de\/wp-json\/wp\/v2\/media\/21041"}],"wp:attachment":[{"href":"https:\/\/ak47.nu\/de\/wp-json\/wp\/v2\/media?parent=21046"}],"wp:term":[{"taxonomy":"product_brand","embeddable":true,"href":"https:\/\/ak47.nu\/de\/wp-json\/wp\/v2\/product_brand?post=21046"},{"taxonomy":"product_cat","embeddable":true,"href":"https:\/\/ak47.nu\/de\/wp-json\/wp\/v2\/product_cat?post=21046"},{"taxonomy":"product_tag","embeddable":true,"href":"https:\/\/ak47.nu\/de\/wp-json\/wp\/v2\/product_tag?post=21046"}],"curies":[{"name":"wp","href":"https:\/\/api.w.org\/{rel}","templated":true}]}}