{"id":21120,"date":"2022-05-07T12:36:07","date_gmt":"2022-05-07T10:36:07","guid":{"rendered":"https:\/\/ak47.nu\/produkt\/original-gletcher-magasin-1-pce-m712-c96-mauser-auto\/"},"modified":"2025-12-03T20:11:23","modified_gmt":"2025-12-03T19:11:23","slug":"gletcher-magazin-m712-c96-mauser-auto","status":"publish","type":"product","link":"https:\/\/ak47.nu\/de\/produkt\/zubehor-2\/magasin\/gletcher-magazin-m712-c96-mauser-auto\/","title":{"rendered":"Gletcher Magazin - M712 C96 Mauser Auto"},"content":{"rendered":"<h1>Gletcher Magazin - M712 C96 Mauser Auto<\/h1>\n<h2>Magazin f\u00fcr Gletcher M712 C96 Mauser Auto<\/h2>\n<p>Dieses Magazin wurde speziell f\u00fcr die Gletcher M712 C96 Mauser Auto entwickelt, um eine nahtlose und zuverl\u00e4ssige Leistung zu gew\u00e4hrleisten. Jede Packung enth\u00e4lt ein Magazin und einen Inbusschl\u00fcssel f\u00fcr einfache Wartung und Installation. Maximieren Sie Ihr Schie\u00dferlebnis und stellen Sie sicher, dass Ihre Gletcher M712 C96 Mauser Auto mit diesem unverzichtbaren Zubeh\u00f6r immer einsatzbereit ist. Vergessen Sie nicht, <a href=\"https:\/\/ak47.nu\/de\/butik\/\">andere Gletcher-Produkte zu entdecken<\/a>, um Ihre Ausr\u00fcstung zu vervollst\u00e4ndigen.<\/p>\n\n<ul>\n <li><strong>Kompatibilit\u00e4t:<\/strong> Entwickelt f\u00fcr Gletcher M712 C96 Mauser Auto<\/li>\n <li><strong>Verpackung:<\/strong> Verkauft in einer Packung mit 1 Magazin<\/li>\n <li><strong>Inklusive:<\/strong> Inbusschl\u00fcssel f\u00fcr die Wartung enthalten<\/li>\n<\/ul>\n\n<p>Stellen Sie sicher, dass Sie immer gen\u00fcgend Munition f\u00fcr Ihre Luftpistole haben. Dieses Magazin ist ein Muss f\u00fcr jeden Besitzer einer Gletcher M712 C96 Mauser Auto. <a href=\"https:\/\/ak47.nu\/de\/zubehor-2\/magasin\/\">Entdecken Sie unser Angebot an Ersatzteilen<\/a>, um Ihre Pistole in Top-Zustand zu halten. Besuchen Sie <a href=\"https:\/\/ak47.nu\/de\/\">unsere Website<\/a>, um weitere Produkte und Zubeh\u00f6r zu finden.<\/p>","protected":false},"excerpt":{"rendered":"<p>Gletcher Magazin &#8211; M712 C96 Mauser Auto Magazin f\u00fcr Gletcher M712 C96 Mauser Auto Dieses Magazin wurde speziell f\u00fcr die Gletcher M712 C96 Mauser Auto entwickelt, um eine nahtlose und zuverl\u00e4ssige Leistung zu gew\u00e4hrleisten. Jede Packung enth\u00e4lt ein Magazin und einen Inbusschl\u00fcssel f\u00fcr einfache Wartung und Installation. Maximieren Sie Ihr Schie\u00dferlebnis und stellen Sie sicher, [&#8230;]","protected":false},"featured_media":21118,"template":"","meta":[],"product_brand":[],"product_cat":[464],"product_tag":[],"class_list":{"0":"post-21120","1":"product","2":"type-product","3":"status-publish","4":"has-post-thumbnail","6":"product_cat-magasin","7":"pa_brand-gletcher","9":"first","10":"instock","11":"sale","12":"taxable","13":"shipping-taxable","14":"purchasable","15":"product-type-simple"},"_links":{"self":[{"href":"https:\/\/ak47.nu\/de\/wp-json\/wp\/v2\/product\/21120","targetHints":{"allow":["GET"]}}],"collection":[{"href":"https:\/\/ak47.nu\/de\/wp-json\/wp\/v2\/product"}],"about":[{"href":"https:\/\/ak47.nu\/de\/wp-json\/wp\/v2\/types\/product"}],"wp:featuredmedia":[{"embeddable":true,"href":"https:\/\/ak47.nu\/de\/wp-json\/wp\/v2\/media\/21118"}],"wp:attachment":[{"href":"https:\/\/ak47.nu\/de\/wp-json\/wp\/v2\/media?parent=21120"}],"wp:term":[{"taxonomy":"product_brand","embeddable":true,"href":"https:\/\/ak47.nu\/de\/wp-json\/wp\/v2\/product_brand?post=21120"},{"taxonomy":"product_cat","embeddable":true,"href":"https:\/\/ak47.nu\/de\/wp-json\/wp\/v2\/product_cat?post=21120"},{"taxonomy":"product_tag","embeddable":true,"href":"https:\/\/ak47.nu\/de\/wp-json\/wp\/v2\/product_tag?post=21120"}],"curies":[{"name":"wp","href":"https:\/\/api.w.org\/{rel}","templated":true}]}}