{"id":21125,"date":"2022-05-07T12:36:12","date_gmt":"2022-05-07T10:36:12","guid":{"rendered":"https:\/\/ak47.nu\/produkt\/umarex-glock-17-airsoft-replica-spare-mag-gen5\/"},"modified":"2025-12-03T20:25:26","modified_gmt":"2025-12-03T19:25:26","slug":"umarex-glock-17-gen5-airsoft-ersatzmagazin","status":"publish","type":"product","link":"https:\/\/ak47.nu\/de\/produkt\/zubehor-2\/magasin\/umarex-glock-17-gen5-airsoft-ersatzmagazin\/","title":{"rendered":"UMAREX GLOCK 17 Gen5 Airsoft Ersatzmagazin"},"content":{"rendered":"<h1>UMAREX - GLOCK 17 AIRSOFT REPLICA SPARE MAG - GEN5<\/h1>\n<h2>GBB Glock 17 Gen.5 CO2 Pistolen Replika Magazin<\/h2>\n<p>Dies ist ein Ersatzmagazin f\u00fcr die GBB Glock 17 Gen.5 CO2 Pistolen Replika (Artikelnummer: 2.6439) von UMAREX. Wenn Sie eine solche Replika besitzen und ein zus\u00e4tzliches Magazin ben\u00f6tigen, ist dies die perfekte L\u00f6sung. Mit einem zus\u00e4tzlichen Magazin k\u00f6nnen Sie mehr Zeit damit verbringen, sich auf Ihr Spiel zu konzentrieren, und weniger Zeit mit dem Nachladen. Besuchen Sie <a href=\"https:\/\/ak47.nu\/de\/butik\/\">unsere Airsoft-Seite<\/a> f\u00fcr weitere Airsoft-Produkte.<\/p>\n<p>Das Magazin wurde speziell f\u00fcr die Glock 17 Gen.5 CO2 Pistolen Replika entwickelt, um eine perfekte Passform und optimale Funktion zu gew\u00e4hrleisten. Mehr Magazine zur Hand zu haben, ist ideal f\u00fcr l\u00e4ngere Airsoft-Sessions oder Szenarien, in denen schnelle Magazinwechsel entscheidend sind.  F\u00fcr eine gr\u00f6\u00dfere Auswahl an Airsoft-Zubeh\u00f6r, schauen Sie sich <a href=\"https:\/\/ak47.nu\/de\/zubehor-2\/magasin\/\">unser Airsoft-Sortiment<\/a> an.<\/p>\n<p>Investieren Sie in ein zus\u00e4tzliches Magazin, damit Sie auf jede Situation auf dem Airsoft-Feld vorbereitet sind.  Alle unsere Produkte finden Sie auf <a href=\"https:\/\/ak47.nu\/de\/\">unserer Website<\/a>.<\/p>\n<ul>\n <li><strong>Kompatibilit\u00e4t:<\/strong> GBB Glock 17 Gen.5 CO2 Pistolen Replika (Artikelnummer: 2.6439)<\/li>\n <li><strong>Typ:<\/strong> Ersatzmagazin<\/li>\n<\/ul>","protected":false},"excerpt":{"rendered":"<p>UMAREX &#8211; GLOCK 17 AIRSOFT REPLICA SPARE MAG &#8211; GEN5 GBB Glock 17 Gen.5 CO2 Pistolen Replika Magazin Dies ist ein Ersatzmagazin f\u00fcr die GBB Glock 17 Gen.5 CO2 Pistolen Replika (Artikelnummer: 2.6439) von UMAREX. Wenn Sie eine solche Replika besitzen und ein zus\u00e4tzliches Magazin ben\u00f6tigen, ist dies die perfekte L\u00f6sung. Mit einem zus\u00e4tzlichen Magazin [&#8230;]","protected":false},"featured_media":21121,"template":"","meta":[],"product_brand":[],"product_cat":[464],"product_tag":[],"class_list":{"0":"post-21125","1":"product","2":"type-product","3":"status-publish","4":"has-post-thumbnail","6":"product_cat-magasin","7":"pa_brand-umarex","9":"first","10":"outofstock","11":"sale","12":"taxable","13":"shipping-taxable","14":"purchasable","15":"product-type-simple"},"_links":{"self":[{"href":"https:\/\/ak47.nu\/de\/wp-json\/wp\/v2\/product\/21125","targetHints":{"allow":["GET"]}}],"collection":[{"href":"https:\/\/ak47.nu\/de\/wp-json\/wp\/v2\/product"}],"about":[{"href":"https:\/\/ak47.nu\/de\/wp-json\/wp\/v2\/types\/product"}],"wp:featuredmedia":[{"embeddable":true,"href":"https:\/\/ak47.nu\/de\/wp-json\/wp\/v2\/media\/21121"}],"wp:attachment":[{"href":"https:\/\/ak47.nu\/de\/wp-json\/wp\/v2\/media?parent=21125"}],"wp:term":[{"taxonomy":"product_brand","embeddable":true,"href":"https:\/\/ak47.nu\/de\/wp-json\/wp\/v2\/product_brand?post=21125"},{"taxonomy":"product_cat","embeddable":true,"href":"https:\/\/ak47.nu\/de\/wp-json\/wp\/v2\/product_cat?post=21125"},{"taxonomy":"product_tag","embeddable":true,"href":"https:\/\/ak47.nu\/de\/wp-json\/wp\/v2\/product_tag?post=21125"}],"curies":[{"name":"wp","href":"https:\/\/api.w.org\/{rel}","templated":true}]}}