{"id":21127,"date":"2022-05-07T12:36:16","date_gmt":"2022-05-07T10:36:16","guid":{"rendered":"https:\/\/ak47.nu\/produkt\/norica-n-a-c-1701-magasin-co2\/"},"modified":"2025-12-03T20:32:36","modified_gmt":"2025-12-03T19:32:36","slug":"norica-nac-1701-magazin-co2","status":"publish","type":"product","link":"https:\/\/ak47.nu\/de\/produkt\/zubehor-2\/magasin\/norica-nac-1701-magazin-co2\/","title":{"rendered":"Norica N.A.C. 1701 Magazin CO2 | 21 Schuss"},"content":{"rendered":"<h1>Norica - N.A.C. 1701 Magazin - CO2<\/h1>\n<h2>Magazin f\u00fcr N.A.C. 1701 CO2 Gewehr<\/h2>\n<p>Dieses Magazin wurde speziell f\u00fcr das N.A.C. 1701 CO2-Gewehr entwickelt. Mit einer Kapazit\u00e4t von 21 Schuss erm\u00f6glicht dieses Magazin l\u00e4ngere Schie\u00dfsessions ohne h\u00e4ufiges Nachladen. Perfekt f\u00fcr Training und Freizeitschie\u00dfen. Sichern Sie Ihre Schie\u00dfzeit mit diesem zuverl\u00e4ssigen Magazin!<\/p>\n<h3>Eigenschaften:<\/h3>\n<ul>\n <li><strong>Kompatibilit\u00e4t:<\/strong> Entwickelt f\u00fcr das N.A.C. 1701 CO2-Gewehr.<\/li>\n <li><strong>Kapazit\u00e4t:<\/strong> Fasst 21 Schuss, wodurch die Notwendigkeit zum h\u00e4ufigen Nachladen reduziert wird.<\/li>\n<\/ul>\n\n<p>Verbessern Sie Ihr Schie\u00dferlebnis mit diesem Magazin. Finden Sie <a href=\"https:\/\/ak47.nu\/de\/butik\/\">\u00e4hnliche Magazine<\/a> und anderes <a href=\"https:\/\/ak47.nu\/de\/zubehor-2\/magasin\/\">Luftgewehrzubeh\u00f6r<\/a> in unserem Sortiment. Besuchen Sie <a href=\"https:\/\/ak47.nu\/de\/\">unsere Website<\/a>, um die gesamte Auswahl zu sehen.<\/p>","protected":false},"excerpt":{"rendered":"<p>Uppt\u00e4ck Norica N.A.C. 1701 Magasin &#8211; CO2 f\u00f6r en enast\u00e5ende prestanda. Med denna h\u00f6gkvalitativa CO2-magasin fr\u00e5n Norica f\u00e5r du en p\u00e5litlig och kraftfull luftvapenupplevelse. Utforska v\u00e5rt sortiment och hitta det perfekta magasinet f\u00f6r dina behov. K\u00f6p Norica N.A.C. 1701 Magasin &#8211; CO2 nu f\u00f6r optimala resultat inom luftvapen.<\/p>","protected":false},"featured_media":21126,"template":"","meta":[],"product_brand":[],"product_cat":[464],"product_tag":[],"class_list":{"0":"post-21127","1":"product","2":"type-product","3":"status-publish","4":"has-post-thumbnail","6":"product_cat-magasin","7":"pa_brand-kwc","8":"pa_farg-svart","10":"first","11":"instock","12":"sale","13":"taxable","14":"shipping-taxable","15":"purchasable","16":"product-type-simple"},"_links":{"self":[{"href":"https:\/\/ak47.nu\/de\/wp-json\/wp\/v2\/product\/21127","targetHints":{"allow":["GET"]}}],"collection":[{"href":"https:\/\/ak47.nu\/de\/wp-json\/wp\/v2\/product"}],"about":[{"href":"https:\/\/ak47.nu\/de\/wp-json\/wp\/v2\/types\/product"}],"wp:featuredmedia":[{"embeddable":true,"href":"https:\/\/ak47.nu\/de\/wp-json\/wp\/v2\/media\/21126"}],"wp:attachment":[{"href":"https:\/\/ak47.nu\/de\/wp-json\/wp\/v2\/media?parent=21127"}],"wp:term":[{"taxonomy":"product_brand","embeddable":true,"href":"https:\/\/ak47.nu\/de\/wp-json\/wp\/v2\/product_brand?post=21127"},{"taxonomy":"product_cat","embeddable":true,"href":"https:\/\/ak47.nu\/de\/wp-json\/wp\/v2\/product_cat?post=21127"},{"taxonomy":"product_tag","embeddable":true,"href":"https:\/\/ak47.nu\/de\/wp-json\/wp\/v2\/product_tag?post=21127"}],"curies":[{"name":"wp","href":"https:\/\/api.w.org\/{rel}","templated":true}]}}