{"id":21133,"date":"2022-05-07T12:36:25","date_gmt":"2022-05-07T10:36:25","guid":{"rendered":"https:\/\/ak47.nu\/produkt\/original-gletcher-magasin-1-pce-uzm-uzi\/"},"modified":"2025-08-21T10:47:57","modified_gmt":"2025-08-21T08:47:57","slug":"gletcher-uzm-uzi-magazin-1-stk","status":"publish","type":"product","link":"https:\/\/ak47.nu\/de\/produkt\/zubehor-2\/magasin\/gletcher-uzm-uzi-magazin-1-stk\/","title":{"rendered":"Gletcher UZM UZI Magazin - 1 Stk. | GLETCHER"},"content":{"rendered":"<h1>Gletcher UZM UZI Magazin - 1 Stk.<\/h1>\n<h2>Magazin f\u00fcr Gletcher UZM UZI<\/h2>\n<p>Dieses Magazin wurde speziell f\u00fcr die Gletcher UZM UZI entwickelt, um eine optimale Funktion und Zuverl\u00e4ssigkeit Ihrer Luftpistole zu gew\u00e4hrleisten. Das Magazin wird in einer Packung mit 1 St\u00fcck geliefert und enth\u00e4lt einen Inbusschl\u00fcssel f\u00fcr eine bequeme Installation und Wartung. Um unsere Auswahl an anderen authentischen Produkten zu sehen, besuchen Sie <a href=\"https:\/\/ak47.nu\/de\/butik\/\">unsere Gletcher-Kollektion<\/a>. Hier finden Sie auch weiteres <a href=\"https:\/\/ak47.nu\/de\/zubehor-2\/magasin\/\">Waffenzubeh\u00f6r<\/a>. Stellen Sie mit diesem Originalmagazin die beste Leistung f\u00fcr Ihre Gletcher UZM UZI sicher.<\/p>\n<h3>Eigenschaften:<\/h3>\n<ul>\n <li><strong>Kompatibilit\u00e4t:<\/strong> Entwickelt f\u00fcr die Gletcher UZM UZI Luftpistole<\/li>\n <li><strong>Inklusive:<\/strong> Lieferung mit Inbusschl\u00fcssel zur einfachen Montage<\/li>\n <li><strong>Verpackung:<\/strong> Wird in einer Packung mit 1 St\u00fcck verkauft<\/li>\n<\/ul>\n<p>Optimieren Sie Ihr Schie\u00dferlebnis mit diesem Magazin. <a href=\"https:\/\/ak47.nu\/de\/\">Besuchen Sie unsere Webseite<\/a>, um weitere Produkte zu entdecken!<\/p>","protected":false},"excerpt":{"rendered":"<p>K\u00f6p original Gletcher Magasin f\u00f6r UZM och UZI &#8211; 1 stycke. Hitta det b\u00e4sta priset och kvaliteten p\u00e5 Gletcher Magasin f\u00f6r UZM och UZI hos oss.<\/p>","protected":false},"featured_media":21132,"template":"","meta":[],"product_brand":[],"product_cat":[464,450],"product_tag":[],"class_list":{"0":"post-21133","1":"product","2":"type-product","3":"status-publish","4":"has-post-thumbnail","6":"product_cat-magasin","7":"product_cat-tillbehor-2","8":"pa_brand-gletcher","10":"first","11":"outofstock","12":"sale","13":"taxable","14":"shipping-taxable","15":"purchasable","16":"product-type-simple"},"_links":{"self":[{"href":"https:\/\/ak47.nu\/de\/wp-json\/wp\/v2\/product\/21133","targetHints":{"allow":["GET"]}}],"collection":[{"href":"https:\/\/ak47.nu\/de\/wp-json\/wp\/v2\/product"}],"about":[{"href":"https:\/\/ak47.nu\/de\/wp-json\/wp\/v2\/types\/product"}],"wp:featuredmedia":[{"embeddable":true,"href":"https:\/\/ak47.nu\/de\/wp-json\/wp\/v2\/media\/21132"}],"wp:attachment":[{"href":"https:\/\/ak47.nu\/de\/wp-json\/wp\/v2\/media?parent=21133"}],"wp:term":[{"taxonomy":"product_brand","embeddable":true,"href":"https:\/\/ak47.nu\/de\/wp-json\/wp\/v2\/product_brand?post=21133"},{"taxonomy":"product_cat","embeddable":true,"href":"https:\/\/ak47.nu\/de\/wp-json\/wp\/v2\/product_cat?post=21133"},{"taxonomy":"product_tag","embeddable":true,"href":"https:\/\/ak47.nu\/de\/wp-json\/wp\/v2\/product_tag?post=21133"}],"curies":[{"name":"wp","href":"https:\/\/api.w.org\/{rel}","templated":true}]}}