{"id":21137,"date":"2022-05-07T12:36:31","date_gmt":"2022-05-07T10:36:31","guid":{"rendered":"https:\/\/ak47.nu\/produkt\/original-gletcher-magasin-1-pce-clt-1911\/"},"modified":"2025-12-03T20:11:20","modified_gmt":"2025-12-03T19:11:20","slug":"gletcher-clt-1911-magazin-1-stuck","status":"publish","type":"product","link":"https:\/\/ak47.nu\/de\/produkt\/zubehor-2\/magasin\/gletcher-clt-1911-magazin-1-stuck\/","title":{"rendered":"Gletcher CLT 1911 Magazin - 1 St\u00fcck"},"content":{"rendered":"<h1>Original Gletcher Magazin f\u00fcr CLT 1911<\/h1>\n<h2>Magazin f\u00fcr Gletcher CLT 1911<\/h2>\n<p>Dieses Originalmagazin wurde speziell f\u00fcr die Gletcher CLT 1911 entwickelt. Die Packung enth\u00e4lt ein Magazin und einen Sechskantschl\u00fcssel. Kaufen Sie dieses wichtige Zubeh\u00f6r f\u00fcr Ihre Luftpistole.\nUm unsere Auswahl an anderen Produkten zu sehen, besuchen Sie unseren <a href=\"https:\/\/ak47.nu\/de\/butik\/\">Shop<\/a>. Sie k\u00f6nnen auch weitere <a href=\"https:\/\/ak47.nu\/de\/zubehor-2\/magasin\/\">Gletcher-Produkte<\/a> in unserem Sortiment finden. Vergessen Sie nicht, unsere <a href=\"https:\/\/ak47.nu\/de\/\">Website<\/a> f\u00fcr die neuesten Angebote zu besuchen.<\/p>","protected":false},"excerpt":{"rendered":"<p>Original Gletcher Magazin f\u00fcr CLT 1911 Magazin f\u00fcr Gletcher CLT 1911 Dieses Originalmagazin wurde speziell f\u00fcr die Gletcher CLT 1911 entwickelt. Die Packung enth\u00e4lt ein Magazin und einen Sechskantschl\u00fcssel. Kaufen Sie dieses wichtige Zubeh\u00f6r f\u00fcr Ihre Luftpistole. Um unsere Auswahl an anderen Produkten zu sehen, besuchen Sie unseren Shop. Sie k\u00f6nnen auch weitere Gletcher-Produkte in [&#8230;]","protected":false},"featured_media":21134,"template":"","meta":[],"product_brand":[],"product_cat":[464],"product_tag":[],"class_list":{"0":"post-21137","1":"product","2":"type-product","3":"status-publish","4":"has-post-thumbnail","6":"product_cat-magasin","7":"pa_brand-gletcher","9":"first","10":"outofstock","11":"sale","12":"taxable","13":"shipping-taxable","14":"purchasable","15":"product-type-simple"},"_links":{"self":[{"href":"https:\/\/ak47.nu\/de\/wp-json\/wp\/v2\/product\/21137","targetHints":{"allow":["GET"]}}],"collection":[{"href":"https:\/\/ak47.nu\/de\/wp-json\/wp\/v2\/product"}],"about":[{"href":"https:\/\/ak47.nu\/de\/wp-json\/wp\/v2\/types\/product"}],"wp:featuredmedia":[{"embeddable":true,"href":"https:\/\/ak47.nu\/de\/wp-json\/wp\/v2\/media\/21134"}],"wp:attachment":[{"href":"https:\/\/ak47.nu\/de\/wp-json\/wp\/v2\/media?parent=21137"}],"wp:term":[{"taxonomy":"product_brand","embeddable":true,"href":"https:\/\/ak47.nu\/de\/wp-json\/wp\/v2\/product_brand?post=21137"},{"taxonomy":"product_cat","embeddable":true,"href":"https:\/\/ak47.nu\/de\/wp-json\/wp\/v2\/product_cat?post=21137"},{"taxonomy":"product_tag","embeddable":true,"href":"https:\/\/ak47.nu\/de\/wp-json\/wp\/v2\/product_tag?post=21137"}],"curies":[{"name":"wp","href":"https:\/\/api.w.org\/{rel}","templated":true}]}}