{"id":21144,"date":"2022-05-07T12:36:35","date_gmt":"2022-05-07T10:36:35","guid":{"rendered":"https:\/\/ak47.nu\/produkt\/original-gletcher-magasin-1-pce-m1891-mosin-nagant\/"},"modified":"2025-12-03T20:11:25","modified_gmt":"2025-12-03T19:11:25","slug":"gletcher-m1891-mosin-nagant-magazin","status":"publish","type":"product","link":"https:\/\/ak47.nu\/de\/produkt\/zubehor-2\/magasin\/gletcher-m1891-mosin-nagant-magazin\/","title":{"rendered":"Gletcher M1891 Mosin-Nagant Magazin | GLETCHER"},"content":{"rendered":"<h1>Original Gletcher Magazin - M1891 Mosin-Nagant<\/h1>\n<h2>Magazin f\u00fcr Gletcher M1891 Mosin-Nagant<\/h2>\n<p>Dies ist ein Originalmagazin, das speziell f\u00fcr den Gletcher M1891 Mosin-Nagant entwickelt wurde. Perfekt, um ein verlorenes oder besch\u00e4digtes Magazin zu ersetzen oder einfach ein zus\u00e4tzliches bei der Verwendung zur Hand zu haben. Das Magazin wird nach den gleichen hohen Standards wie die Originalteile hergestellt, um einen st\u00f6rungsfreien Betrieb und Zuverl\u00e4ssigkeit zu gew\u00e4hrleisten.<\/p>\n<h3>Eingebauter Inbusschl\u00fcssel<\/h3>\n<p>Ein einzigartiges Merkmal dieses Magazins ist der eingebaute Inbusschl\u00fcssel. Dieses praktische Werkzeug ist direkt in das Magazin integriert, sodass Sie Anpassungen und Wartungsarbeiten an Ihrem Gletcher M1891 Mosin-Nagant direkt vor Ort einfach durchf\u00fchren k\u00f6nnen. Sie m\u00fcssen nicht mehr nach separaten Werkzeugen suchen.<\/p>\n<ul>\n  <li>Magazin f\u00fcr Gletcher M1891 Mosin-Nagant<\/li>\n  <li>Eingebauter Inbusschl\u00fcssel<\/li>\n  <li>Verkauft in einer Verpackung mit 1 St\u00fcck<\/li>\n<\/ul>\n<p>Stellen Sie sicher, dass Sie immer ein zus\u00e4tzliches <a href=\"https:\/\/ak47.nu\/de\/butik\/\">Gletcher M1891 Mosin-Nagant Magazin<\/a> griffbereit haben. Besuchen Sie unsere <a href=\"https:\/\/ak47.nu\/de\/zubehor-2\/magasin\/\">Gletcher Ersatzteile<\/a> Kategorie f\u00fcr weiteres Zubeh\u00f6r. <a href=\"https:\/\/ak47.nu\/de\/\">Jetzt einkaufen<\/a>!<\/p>","protected":false},"excerpt":{"rendered":"<p>Original Gletcher Magazin &#8211; M1891 Mosin-Nagant Magazin f\u00fcr Gletcher M1891 Mosin-Nagant Dies ist ein Originalmagazin, das speziell f\u00fcr den Gletcher M1891 Mosin-Nagant entwickelt wurde. Perfekt, um ein verlorenes oder besch\u00e4digtes Magazin zu ersetzen oder einfach ein zus\u00e4tzliches bei der Verwendung zur Hand zu haben. Das Magazin wird nach den gleichen hohen Standards wie die Originalteile [&#8230;]","protected":false},"featured_media":21138,"template":"","meta":[],"product_brand":[],"product_cat":[464],"product_tag":[],"class_list":{"0":"post-21144","1":"product","2":"type-product","3":"status-publish","4":"has-post-thumbnail","6":"product_cat-magasin","7":"pa_brand-gletcher","9":"first","10":"outofstock","11":"sale","12":"taxable","13":"shipping-taxable","14":"purchasable","15":"product-type-simple"},"_links":{"self":[{"href":"https:\/\/ak47.nu\/de\/wp-json\/wp\/v2\/product\/21144","targetHints":{"allow":["GET"]}}],"collection":[{"href":"https:\/\/ak47.nu\/de\/wp-json\/wp\/v2\/product"}],"about":[{"href":"https:\/\/ak47.nu\/de\/wp-json\/wp\/v2\/types\/product"}],"wp:featuredmedia":[{"embeddable":true,"href":"https:\/\/ak47.nu\/de\/wp-json\/wp\/v2\/media\/21138"}],"wp:attachment":[{"href":"https:\/\/ak47.nu\/de\/wp-json\/wp\/v2\/media?parent=21144"}],"wp:term":[{"taxonomy":"product_brand","embeddable":true,"href":"https:\/\/ak47.nu\/de\/wp-json\/wp\/v2\/product_brand?post=21144"},{"taxonomy":"product_cat","embeddable":true,"href":"https:\/\/ak47.nu\/de\/wp-json\/wp\/v2\/product_cat?post=21144"},{"taxonomy":"product_tag","embeddable":true,"href":"https:\/\/ak47.nu\/de\/wp-json\/wp\/v2\/product_tag?post=21144"}],"curies":[{"name":"wp","href":"https:\/\/api.w.org\/{rel}","templated":true}]}}