{"id":21145,"date":"2022-05-07T12:36:35","date_gmt":"2022-05-07T10:36:35","guid":{"rendered":"https:\/\/ak47.nu\/produkt\/norica-n-a-c-1703-magasin-co2\/"},"modified":"2025-08-21T10:47:53","modified_gmt":"2025-08-21T08:47:53","slug":"norica-nac-1703-magazin-co2","status":"publish","type":"product","link":"https:\/\/ak47.nu\/de\/produkt\/zubehor-2\/magasin\/norica-nac-1703-magazin-co2\/","title":{"rendered":"Norica N.A.C. 1703 Magazin CO2 - 19 Schuss"},"content":{"rendered":"<h1>Norica - N.A.C. 1703 Magazin - CO2<\/h1>\n<h2>Magazin f\u00fcr N.A.C. 1703 CO2 Gewehre<\/h2>\n<p>Dieses Magazin wurde speziell f\u00fcr das N.A.C. 1703 CO2-Gewehr entwickelt und gew\u00e4hrleistet ein reibungsloses und st\u00f6rungsfreies Schie\u00dferlebnis. Mit einer Kapazit\u00e4t von 19 Schuss k\u00f6nnen Sie sich auf Ihr Ziel konzentrieren, ohne so oft nachladen zu m\u00fcssen.<\/p>\n<h3>Eigenschaften:<\/h3>\n<ul>\n<li><strong>Kompatibilit\u00e4t:<\/strong> Speziell f\u00fcr das N.A.C. 1703 CO2-Gewehr entwickelt.<\/li>\n<li><strong>Kapazit\u00e4t:<\/strong> Kann 19 Schuss aufnehmen, wodurch die Notwendigkeit h\u00e4ufigen Nachladens reduziert wird.<\/li>\n<\/ul>\n<p>Investieren Sie in dieses Magazin, um Ihre Zeit auf dem Schie\u00dfstand zu maximieren. Mit seiner hohen Kapazit\u00e4t und zuverl\u00e4ssigen Funktion werden Sie ein effizienteres und unterhaltsameres Schie\u00dferlebnis genie\u00dfen. Um Ihre Ausr\u00fcstung in Top-Zustand zu halten, schauen Sie sich unser Angebot an <a href=\"https:\/\/ak47.nu\/de\/butik\/\">anderen Magazinen und Zubeh\u00f6rteilen<\/a> an, die zu Ihrem N.A.C. 1703 CO2-Gewehr passen. Besuchen Sie unsere <a href=\"https:\/\/ak47.nu\/de\/zubehor-2\/magasin\/\">Kategorie f\u00fcr Waffenzubeh\u00f6r<\/a>, um unser komplettes Sortiment zu sehen. Vergessen Sie nicht, <a href=\"https:\/\/ak47.nu\/de\/\">unsere Website<\/a> zu erkunden, um die neuesten Produkte und Angebote zu entdecken.<\/p>","protected":false},"excerpt":{"rendered":"<p>Uppt\u00e4ck Norica N.A.C. 1703 Magasin med CO2-funktion &#8211; den perfekta l\u00f6sningen f\u00f6r ditt skyttebehov. Utforska v\u00e5rt sortiment av CO2-drivna vapen och hitta det som passar dig b\u00e4st. K\u00f6p Norica N.A.C. 1703 Magasin med CO2 online idag och njut av en enast\u00e5ende skjutupplevelse.<\/p>","protected":false},"featured_media":21142,"template":"","meta":[],"product_brand":[],"product_cat":[464,450],"product_tag":[],"class_list":{"0":"post-21145","1":"product","2":"type-product","3":"status-publish","4":"has-post-thumbnail","6":"product_cat-magasin","7":"product_cat-tillbehor-2","8":"pa_brand-kwc","10":"first","11":"instock","12":"taxable","13":"shipping-taxable","14":"purchasable","15":"product-type-simple"},"_links":{"self":[{"href":"https:\/\/ak47.nu\/de\/wp-json\/wp\/v2\/product\/21145","targetHints":{"allow":["GET"]}}],"collection":[{"href":"https:\/\/ak47.nu\/de\/wp-json\/wp\/v2\/product"}],"about":[{"href":"https:\/\/ak47.nu\/de\/wp-json\/wp\/v2\/types\/product"}],"wp:featuredmedia":[{"embeddable":true,"href":"https:\/\/ak47.nu\/de\/wp-json\/wp\/v2\/media\/21142"}],"wp:attachment":[{"href":"https:\/\/ak47.nu\/de\/wp-json\/wp\/v2\/media?parent=21145"}],"wp:term":[{"taxonomy":"product_brand","embeddable":true,"href":"https:\/\/ak47.nu\/de\/wp-json\/wp\/v2\/product_brand?post=21145"},{"taxonomy":"product_cat","embeddable":true,"href":"https:\/\/ak47.nu\/de\/wp-json\/wp\/v2\/product_cat?post=21145"},{"taxonomy":"product_tag","embeddable":true,"href":"https:\/\/ak47.nu\/de\/wp-json\/wp\/v2\/product_tag?post=21145"}],"curies":[{"name":"wp","href":"https:\/\/api.w.org\/{rel}","templated":true}]}}