{"id":21149,"date":"2022-05-07T12:36:39","date_gmt":"2022-05-07T10:36:39","guid":{"rendered":"https:\/\/ak47.nu\/produkt\/original-gletcher-magasin-1-pce-pm51-pm-1951\/"},"modified":"2025-08-21T10:47:47","modified_gmt":"2025-08-21T08:47:47","slug":"gletcher-pm51-pm-1951-magazin","status":"publish","type":"product","link":"https:\/\/ak47.nu\/de\/produkt\/zubehor-2\/magasin\/gletcher-pm51-pm-1951-magazin\/","title":{"rendered":"Gletcher PM51\/PM 1951 Magazin - 1 Stk"},"content":{"rendered":"<h1>Original Gletcher Magazin - PM51 \/ PM 1951<\/h1>\n\n<h2>Magazin f\u00fcr Gletcher PM51 und PM 1951<\/h2>\n\n<p>Dieses Originalmagazin wurde speziell f\u00fcr die Luftpistolenmodelle Gletcher PM51 und PM 1951 entwickelt. Stellen Sie mit diesem hochwertigen Magazin eine optimale Funktion und Leistung Ihrer Luftpistole sicher.  Perfekt f\u00fcr Training und Wettkampf. Hier finden Sie <a href=\"https:\/\/ak47.nu\/de\/butik\/\">\u00e4hnliche Produkte<\/a>.<\/p>\n\n<h3>Im Paket enthalten:<\/h3>\n\n<ul>\n    <li>1 Stk. Magazin f\u00fcr Gletcher PM51 \/ PM 1951<\/li>\n    <li>1 Stk. Inbusschl\u00fcssel<\/li>\n<\/ul>\n\n<p>Das Magazin wird in einer Packung mit 1 St\u00fcck verkauft und enth\u00e4lt einen Inbusschl\u00fcssel zur einfachen Installation und Wartung.  Mit diesem Magazin k\u00f6nnen Sie Ihre Luftpistole schnell und einfach nachladen, was ein verbessertes Schie\u00dferlebnis erm\u00f6glicht.  Vervollst\u00e4ndigen Sie Ihre Ausr\u00fcstung mit diesem wichtigen Zubeh\u00f6r. Um unser breites Angebot an <a href=\"https:\/\/ak47.nu\/de\/zubehor-2\/magasin\/\">Waffenzubeh\u00f6r zu sehen<\/a>, besuchen Sie unsere Kategorieseite. Sie k\u00f6nnen auch unsere <a href=\"https:\/\/ak47.nu\/de\/\">Homepage<\/a> besuchen, um weitere Informationen zu erhalten.<\/p>","protected":false},"excerpt":{"rendered":"<p>Original Gletcher Magazin &#8211; PM51 \/ PM 1951 Magazin f\u00fcr Gletcher PM51 und PM 1951 Dieses Originalmagazin wurde speziell f\u00fcr die Luftpistolenmodelle Gletcher PM51 und PM 1951 entwickelt. Stellen Sie mit diesem hochwertigen Magazin eine optimale Funktion und Leistung Ihrer Luftpistole sicher. Perfekt f\u00fcr Training und Wettkampf. Hier finden Sie \u00e4hnliche Produkte. Im Paket enthalten: [&#8230;]","protected":false},"featured_media":21148,"template":"","meta":[],"product_brand":[],"product_cat":[464,450],"product_tag":[],"class_list":{"0":"post-21149","1":"product","2":"type-product","3":"status-publish","4":"has-post-thumbnail","6":"product_cat-magasin","7":"product_cat-tillbehor-2","8":"pa_brand-gletcher","10":"first","11":"instock","12":"sale","13":"taxable","14":"shipping-taxable","15":"purchasable","16":"product-type-simple"},"_links":{"self":[{"href":"https:\/\/ak47.nu\/de\/wp-json\/wp\/v2\/product\/21149","targetHints":{"allow":["GET"]}}],"collection":[{"href":"https:\/\/ak47.nu\/de\/wp-json\/wp\/v2\/product"}],"about":[{"href":"https:\/\/ak47.nu\/de\/wp-json\/wp\/v2\/types\/product"}],"wp:featuredmedia":[{"embeddable":true,"href":"https:\/\/ak47.nu\/de\/wp-json\/wp\/v2\/media\/21148"}],"wp:attachment":[{"href":"https:\/\/ak47.nu\/de\/wp-json\/wp\/v2\/media?parent=21149"}],"wp:term":[{"taxonomy":"product_brand","embeddable":true,"href":"https:\/\/ak47.nu\/de\/wp-json\/wp\/v2\/product_brand?post=21149"},{"taxonomy":"product_cat","embeddable":true,"href":"https:\/\/ak47.nu\/de\/wp-json\/wp\/v2\/product_cat?post=21149"},{"taxonomy":"product_tag","embeddable":true,"href":"https:\/\/ak47.nu\/de\/wp-json\/wp\/v2\/product_tag?post=21149"}],"curies":[{"name":"wp","href":"https:\/\/api.w.org\/{rel}","templated":true}]}}