{"id":21159,"date":"2022-05-07T12:36:47","date_gmt":"2022-05-07T10:36:47","guid":{"rendered":"https:\/\/ak47.nu\/produkt\/original-gletcher-magasin-1-pce-jericho-941-jrh941\/"},"modified":"2025-12-03T20:11:05","modified_gmt":"2025-12-03T19:11:05","slug":"gletcher-magazin-jericho-941-jrh941","status":"publish","type":"product","link":"https:\/\/ak47.nu\/de\/produkt\/zubehor-2\/magasin\/gletcher-magazin-jericho-941-jrh941\/","title":{"rendered":"Gletcher Magazin JERICHO 941 \/ JRH941"},"content":{"rendered":"<h1>Gletcher Magazin - JERICHO 941 \/ JRH941<\/h1>\n<h2>Magazin f\u00fcr Gletcher JRH 941<\/h2>\n<p>Dieses Magazin wurde speziell f\u00fcr die Verwendung mit der Gletcher JRH 941 Luftpistole entwickelt. Um weiteres authentisches Zubeh\u00f6r und Ersatzteile zu entdecken, besuchen Sie unsere <a href=\"https:\/\/ak47.nu\/de\/butik\/\">Gletcher Zubeh\u00f6rseite<\/a>.<\/p>\n<p><strong>Hauptmerkmale:<\/strong><\/p>\n<ul>\n <li><strong>Kompatibilit\u00e4t:<\/strong> Passt perfekt zu den Modellen Gletcher JERICHO 941 und JRH941.<\/li>\n <li><strong>Verpackung:<\/strong> Wird einzeln verkauft.<\/li>\n <li><strong>Enthaltenes Werkzeug:<\/strong> Ein Inbusschl\u00fcssel f\u00fcr Wartung und Einstellungen ist enthalten.<\/li>\n<\/ul>\n<p>Um unsere breite Auswahl an Luftpistolen und Zubeh\u00f6r zu sehen, besuchen Sie unsere <a href=\"https:\/\/ak47.nu\/de\/zubehor-2\/magasin\/\">Luftpistolen Kategorie<\/a>. F\u00fcr weitere Informationen \u00fcber Gletcher und seine Produkte, besuchen Sie <a href=\"https:\/\/ak47.nu\/de\/\">unsere Webseite<\/a>.<\/p>","protected":false},"excerpt":{"rendered":"<p>Gletcher Magazin &#8211; JERICHO 941 \/ JRH941 Magazin f\u00fcr Gletcher JRH 941 Dieses Magazin wurde speziell f\u00fcr die Verwendung mit der Gletcher JRH 941 Luftpistole entwickelt. Um weiteres authentisches Zubeh\u00f6r und Ersatzteile zu entdecken, besuchen Sie unsere Gletcher Zubeh\u00f6rseite. Hauptmerkmale: Kompatibilit\u00e4t: Passt perfekt zu den Modellen Gletcher JERICHO 941 und JRH941. Verpackung: Wird einzeln verkauft. [&#8230;]","protected":false},"featured_media":21158,"template":"","meta":[],"product_brand":[],"product_cat":[464],"product_tag":[],"class_list":{"0":"post-21159","1":"product","2":"type-product","3":"status-publish","4":"has-post-thumbnail","6":"product_cat-magasin","7":"pa_brand-gletcher","9":"first","10":"outofstock","11":"sale","12":"taxable","13":"shipping-taxable","14":"purchasable","15":"product-type-simple"},"_links":{"self":[{"href":"https:\/\/ak47.nu\/de\/wp-json\/wp\/v2\/product\/21159","targetHints":{"allow":["GET"]}}],"collection":[{"href":"https:\/\/ak47.nu\/de\/wp-json\/wp\/v2\/product"}],"about":[{"href":"https:\/\/ak47.nu\/de\/wp-json\/wp\/v2\/types\/product"}],"wp:featuredmedia":[{"embeddable":true,"href":"https:\/\/ak47.nu\/de\/wp-json\/wp\/v2\/media\/21158"}],"wp:attachment":[{"href":"https:\/\/ak47.nu\/de\/wp-json\/wp\/v2\/media?parent=21159"}],"wp:term":[{"taxonomy":"product_brand","embeddable":true,"href":"https:\/\/ak47.nu\/de\/wp-json\/wp\/v2\/product_brand?post=21159"},{"taxonomy":"product_cat","embeddable":true,"href":"https:\/\/ak47.nu\/de\/wp-json\/wp\/v2\/product_cat?post=21159"},{"taxonomy":"product_tag","embeddable":true,"href":"https:\/\/ak47.nu\/de\/wp-json\/wp\/v2\/product_tag?post=21159"}],"curies":[{"name":"wp","href":"https:\/\/api.w.org\/{rel}","templated":true}]}}