{"id":21182,"date":"2022-05-07T12:37:04","date_gmt":"2022-05-07T10:37:04","guid":{"rendered":"https:\/\/ak47.nu\/produkt\/ggh-0303-magazine-for-st8-usp-stti-replica-6mm-green-gas\/"},"modified":"2025-12-03T20:09:11","modified_gmt":"2025-12-03T19:09:11","slug":"stti-ggh-0303-magazin-st8-usp-replika","status":"publish","type":"product","link":"https:\/\/ak47.nu\/de\/produkt\/zubehor-2\/magasin\/stti-ggh-0303-magazin-st8-usp-replika\/","title":{"rendered":"STTI GGH-0303 Magazin f\u00fcr ST8 USP Replika"},"content":{"rendered":"<h1>STTI GGH-0303 Magazin f\u00fcr ST8 USP Replika<\/h1>\n<h2>Gr\u00fcnes Gas Magazin f\u00fcr STTI Replika<\/h2>\n<p>Dieses Magazin ist passend f\u00fcr die GGH-0303 ST8 USP Replika von STTI. Das Magazin ist f\u00fcr die Verwendung mit gr\u00fcnem Gas vorgesehen. Artikelnummer: GGH-0303M.<\/p>\n<ul>\n <li>Passend f\u00fcr GGH-0303 ST8 USP Replika<\/li>\n <li>Betrieben mit gr\u00fcnem Gas<\/li>\n <li>Artikelnummer: GGH-0303M<\/li>\n<\/ul>\n<p>R\u00fcsten Sie Ihre Replika mit diesem <a href=\"https:\/\/ak47.nu\/de\/butik\/\">STTI Magazin<\/a> f\u00fcr ein verbessertes Spielerlebnis auf. Sehen Sie sich unsere breite Palette an <a href=\"https:\/\/ak47.nu\/de\/zubehor-2\/magasin\/\">Airsoft-Zubeh\u00f6r<\/a> an, um Ihre Ausr\u00fcstung zu optimieren. Besuchen Sie <a href=\"https:\/\/ak47.nu\/de\/\">unsere Homepage<\/a>, um die neuesten Produkte und Angebote zu entdecken.<\/p>","protected":false},"excerpt":{"rendered":"<p>STTI GGH-0303 Magazin f\u00fcr ST8 USP Replika Gr\u00fcnes Gas Magazin f\u00fcr STTI Replika Dieses Magazin ist passend f\u00fcr die GGH-0303 ST8 USP Replika von STTI. Das Magazin ist f\u00fcr die Verwendung mit gr\u00fcnem Gas vorgesehen. Artikelnummer: GGH-0303M. Passend f\u00fcr GGH-0303 ST8 USP Replika Betrieben mit gr\u00fcnem Gas Artikelnummer: GGH-0303M R\u00fcsten Sie Ihre Replika mit diesem [&#8230;]","protected":false},"featured_media":21178,"template":"","meta":[],"product_brand":[],"product_cat":[464],"product_tag":[],"class_list":{"0":"post-21182","1":"product","2":"type-product","3":"status-publish","4":"has-post-thumbnail","6":"product_cat-magasin","7":"pa_brand-stti","9":"first","10":"outofstock","11":"sale","12":"taxable","13":"shipping-taxable","14":"purchasable","15":"product-type-simple"},"_links":{"self":[{"href":"https:\/\/ak47.nu\/de\/wp-json\/wp\/v2\/product\/21182","targetHints":{"allow":["GET"]}}],"collection":[{"href":"https:\/\/ak47.nu\/de\/wp-json\/wp\/v2\/product"}],"about":[{"href":"https:\/\/ak47.nu\/de\/wp-json\/wp\/v2\/types\/product"}],"wp:featuredmedia":[{"embeddable":true,"href":"https:\/\/ak47.nu\/de\/wp-json\/wp\/v2\/media\/21178"}],"wp:attachment":[{"href":"https:\/\/ak47.nu\/de\/wp-json\/wp\/v2\/media?parent=21182"}],"wp:term":[{"taxonomy":"product_brand","embeddable":true,"href":"https:\/\/ak47.nu\/de\/wp-json\/wp\/v2\/product_brand?post=21182"},{"taxonomy":"product_cat","embeddable":true,"href":"https:\/\/ak47.nu\/de\/wp-json\/wp\/v2\/product_cat?post=21182"},{"taxonomy":"product_tag","embeddable":true,"href":"https:\/\/ak47.nu\/de\/wp-json\/wp\/v2\/product_tag?post=21182"}],"curies":[{"name":"wp","href":"https:\/\/api.w.org\/{rel}","templated":true}]}}