{"id":21188,"date":"2022-05-07T12:37:07","date_gmt":"2022-05-07T10:37:07","guid":{"rendered":"https:\/\/ak47.nu\/produkt\/airsoft-swiss-arms-sas-12-extra-mag\/"},"modified":"2025-08-21T10:47:22","modified_gmt":"2025-08-21T08:47:22","slug":"airsoft-swiss-arms-sas-12-extra-magazin","status":"publish","type":"product","link":"https:\/\/ak47.nu\/de\/produkt\/zubehor-2\/magasin\/airsoft-swiss-arms-sas-12-extra-magazin\/","title":{"rendered":"Airsoft Swiss Arms SAS 12 Extra Magazin"},"content":{"rendered":"<h1>Airsoft Swiss Arms SAS 12 Extra Magazin<\/h1>\n<h2>Extra Magazin f\u00fcr Ihre Airsoft SAS 12<\/h2>\n<p>Dies ist ein zus\u00e4tzliches Magazin, das speziell f\u00fcr das Swiss Arms SAS 12 Airsoft-Gewehr entwickelt wurde. Mit einem zus\u00e4tzlichen Magazin zur Hand k\u00f6nnen Sie mehr Zeit mit dem Spielen und weniger Zeit mit dem Nachladen verbringen. Perfekt f\u00fcr lange Spielsitzungen oder intensive Airsoft-Schlachten. Bleiben Sie mit diesem wichtigen Zubeh\u00f6r bereit und vorbereitet.<\/p>\n<p>Stellen Sie sicher, dass Sie immer gen\u00fcgend Munition zur Verf\u00fcgung haben. Dieses zus\u00e4tzliche Magazin ist ein Muss f\u00fcr ernsthafte Airsoft-Enthusiasten. Kompatibel mit <a href=\"https:\/\/ak47.nu\/de\/butik\/\">Swiss Arms SAS 12<\/a>. Entdecken Sie unsere breite Palette an <a href=\"https:\/\/ak47.nu\/de\/zubehor-2\/magasin\/\">Airsoft-Zubeh\u00f6r<\/a> und stellen Sie sicher, dass Sie alles haben, was Sie f\u00fcr ein erfolgreiches Spielerlebnis ben\u00f6tigen.<\/p>\n<p>Besuchen Sie <a href=\"https:\/\/ak47.nu\/de\/\">unsere Homepage<\/a>, um die neuesten Produkte und Angebote im Bereich Airsoft zu entdecken.<\/p>","protected":false},"excerpt":{"rendered":"<p>Airsoft Swiss Arms SAS 12 Extra Magazin Extra Magazin f\u00fcr Ihre Airsoft SAS 12 Dies ist ein zus\u00e4tzliches Magazin, das speziell f\u00fcr das Swiss Arms SAS 12 Airsoft-Gewehr entwickelt wurde. Mit einem zus\u00e4tzlichen Magazin zur Hand k\u00f6nnen Sie mehr Zeit mit dem Spielen und weniger Zeit mit dem Nachladen verbringen. Perfekt f\u00fcr lange Spielsitzungen oder [&#8230;]","protected":false},"featured_media":21187,"template":"","meta":[],"product_brand":[],"product_cat":[464,450],"product_tag":[],"class_list":{"0":"post-21188","1":"product","2":"type-product","3":"status-publish","4":"has-post-thumbnail","6":"product_cat-magasin","7":"product_cat-tillbehor-2","8":"pa_brand-swiss-arms","10":"first","11":"instock","12":"sale","13":"taxable","14":"shipping-taxable","15":"purchasable","16":"product-type-simple"},"_links":{"self":[{"href":"https:\/\/ak47.nu\/de\/wp-json\/wp\/v2\/product\/21188","targetHints":{"allow":["GET"]}}],"collection":[{"href":"https:\/\/ak47.nu\/de\/wp-json\/wp\/v2\/product"}],"about":[{"href":"https:\/\/ak47.nu\/de\/wp-json\/wp\/v2\/types\/product"}],"wp:featuredmedia":[{"embeddable":true,"href":"https:\/\/ak47.nu\/de\/wp-json\/wp\/v2\/media\/21187"}],"wp:attachment":[{"href":"https:\/\/ak47.nu\/de\/wp-json\/wp\/v2\/media?parent=21188"}],"wp:term":[{"taxonomy":"product_brand","embeddable":true,"href":"https:\/\/ak47.nu\/de\/wp-json\/wp\/v2\/product_brand?post=21188"},{"taxonomy":"product_cat","embeddable":true,"href":"https:\/\/ak47.nu\/de\/wp-json\/wp\/v2\/product_cat?post=21188"},{"taxonomy":"product_tag","embeddable":true,"href":"https:\/\/ak47.nu\/de\/wp-json\/wp\/v2\/product_tag?post=21188"}],"curies":[{"name":"wp","href":"https:\/\/api.w.org\/{rel}","templated":true}]}}