{"id":21227,"date":"2022-05-07T12:37:32","date_gmt":"2022-05-07T10:37:32","guid":{"rendered":"https:\/\/ak47.nu\/produkt\/gletcher-extra-shells-for-ngt-revolvers-7-pack\/"},"modified":"2025-12-03T20:08:44","modified_gmt":"2025-12-03T19:08:44","slug":"gletcher-extra-huelsen-fuer-ngt-revolver-7er-pack","status":"publish","type":"product","link":"https:\/\/ak47.nu\/de\/produkt\/zubehor-2\/magasin\/gletcher-extra-huelsen-fuer-ngt-revolver-7er-pack\/","title":{"rendered":"Gletcher Extra H\u00fclsen f\u00fcr NGT Revolver - 7er Pack"},"content":{"rendered":"<h1>Gletcher Extra H\u00fclsen f\u00fcr NGT Revolver - 7er Pack<\/h1>\n<h2>Dekorative Patronen f\u00fcr NGT Revolver<\/h2>\n<p>Diese Gletcher Extra H\u00fclsen wurden speziell f\u00fcr NGT Revolver (nur BB-Modelle) entwickelt. Die Packung enth\u00e4lt 7 dekorative Patronen, um Ihr NGT Revolver-Erlebnis zu verbessern. Bitte beachten Sie, dass diese H\u00fclsen nur f\u00fcr BB-Modelle von NGT Revolvern bestimmt sind. F\u00fcr Pellet-Modelle (NGT R) verwenden Sie bitte stattdessen <a href=\"https:\/\/ak47.nu\/de\/butik\/\">GLA11 H\u00fclsen<\/a>. Vervollst\u00e4ndigen Sie Ihren <a href=\"https:\/\/ak47.nu\/de\/zubehor-2\/magasin\/\">Revolver<\/a> mit diesen H\u00fclsen f\u00fcr ein authentisches Gef\u00fchl.<\/p>\n\n<p>Diese H\u00fclsen sind so gefertigt, dass sie echten Patronen \u00e4hneln und Ihrer <a href=\"https:\/\/ak47.nu\/de\/\">Schie\u00dfsport<\/a> eine zus\u00e4tzliche Ebene von Realismus verleihen. Mit 7 H\u00fclsen in jeder Packung haben Sie genug, um Ihren Revolver zu f\u00fcllen und stundenlangen Spa\u00df zu genie\u00dfen.<\/p>\n\n<ul>\n <li>Passend f\u00fcr: NGT Revolver (nur BB-Modelle)<\/li>\n <li>Anzahl: 7 H\u00fclsen pro Packung<\/li>\n <li>Artikelnummer: GLA09<\/li>\n<\/ul>","protected":false},"excerpt":{"rendered":"<p>Gletcher Extra H\u00fclsen f\u00fcr NGT Revolver &#8211; 7er Pack Dekorative Patronen f\u00fcr NGT Revolver Diese Gletcher Extra H\u00fclsen wurden speziell f\u00fcr NGT Revolver (nur BB-Modelle) entwickelt. Die Packung enth\u00e4lt 7 dekorative Patronen, um Ihr NGT Revolver-Erlebnis zu verbessern. Bitte beachten Sie, dass diese H\u00fclsen nur f\u00fcr BB-Modelle von NGT Revolvern bestimmt sind. F\u00fcr Pellet-Modelle (NGT [&#8230;]","protected":false},"featured_media":21222,"template":"","meta":[],"product_brand":[],"product_cat":[464],"product_tag":[],"class_list":{"0":"post-21227","1":"product","2":"type-product","3":"status-publish","4":"has-post-thumbnail","6":"product_cat-magasin","7":"pa_brand-gletcher","9":"first","10":"outofstock","11":"sale","12":"taxable","13":"shipping-taxable","14":"purchasable","15":"product-type-simple"},"_links":{"self":[{"href":"https:\/\/ak47.nu\/de\/wp-json\/wp\/v2\/product\/21227","targetHints":{"allow":["GET"]}}],"collection":[{"href":"https:\/\/ak47.nu\/de\/wp-json\/wp\/v2\/product"}],"about":[{"href":"https:\/\/ak47.nu\/de\/wp-json\/wp\/v2\/types\/product"}],"wp:featuredmedia":[{"embeddable":true,"href":"https:\/\/ak47.nu\/de\/wp-json\/wp\/v2\/media\/21222"}],"wp:attachment":[{"href":"https:\/\/ak47.nu\/de\/wp-json\/wp\/v2\/media?parent=21227"}],"wp:term":[{"taxonomy":"product_brand","embeddable":true,"href":"https:\/\/ak47.nu\/de\/wp-json\/wp\/v2\/product_brand?post=21227"},{"taxonomy":"product_cat","embeddable":true,"href":"https:\/\/ak47.nu\/de\/wp-json\/wp\/v2\/product_cat?post=21227"},{"taxonomy":"product_tag","embeddable":true,"href":"https:\/\/ak47.nu\/de\/wp-json\/wp\/v2\/product_tag?post=21227"}],"curies":[{"name":"wp","href":"https:\/\/api.w.org\/{rel}","templated":true}]}}