{"id":21229,"date":"2022-05-07T12:37:33","date_gmt":"2022-05-07T10:37:33","guid":{"rendered":"https:\/\/ak47.nu\/produkt\/original-gletcher-magasin-1-pce-pma-6mm-airsoft\/"},"modified":"2025-08-21T10:46:57","modified_gmt":"2025-08-21T08:46:57","slug":"gletcher-pma-magazin-6mm-airsoft","status":"publish","type":"product","link":"https:\/\/ak47.nu\/de\/produkt\/zubehor-2\/magasin\/gletcher-pma-magazin-6mm-airsoft\/","title":{"rendered":"Gletcher PMA Magazin - 6mm Airsoft | GLETCHER"},"content":{"rendered":"<h1>Gletcher PMA Magazin - 6mm Airsoft<\/h1>\n<h2>Magazin f\u00fcr Gletcher PMA 6mm Airsoft<\/h2>\n<p>Dieses Magazin wurde speziell f\u00fcr Gletcher PMA 6mm Airsoft-Pistolen entwickelt. Es ist perfekt f\u00fcr alle, die ein zus\u00e4tzliches Magazin ben\u00f6tigen oder ein verlorenes oder besch\u00e4digtes Magazin ersetzen m\u00f6chten. Das Magazin gew\u00e4hrleistet eine reibungslose Zufuhr von 6mm Airsoft-BBs und bietet ein zuverl\u00e4ssiges und realistisches Schie\u00dferlebnis. Vervollst\u00e4ndigen Sie Ihre Airsoft-Ausr\u00fcstung mit diesem wichtigen Zubeh\u00f6r.<\/p>\n<h3>Im Paket enthalten:<\/h3>\n<ul>\n <li>1 Stk. Gletcher PMA Magazin<\/li>\n <li>Inbusschl\u00fcssel f\u00fcr Wartung und Einstellung<\/li>\n<\/ul>\n<p>Mit diesem Magazin k\u00f6nnen Sie bei Airsoft-Spielen schnell und einfach Magazine wechseln, was Ihnen einen Vorteil gegen\u00fcber Ihren Gegnern verschafft. Der mitgelieferte Inbusschl\u00fcssel erleichtert die Wartung und Einstellung des Magazins f\u00fcr eine optimale Leistung. Stellen Sie sicher, dass Sie mit diesem zuverl\u00e4ssigen Magazin immer bereit sind. Entdecken Sie unsere breite Palette an <a href=\"https:\/\/ak47.nu\/de\/butik\/\">Airsoft-Zubeh\u00f6r<\/a>, um Ihre Ausr\u00fcstung weiter zu erg\u00e4nzen.<\/p>\n<p>Besuchen Sie unsere <a href=\"https:\/\/ak47.nu\/de\/zubehor-2\/magasin\/\">Airsoft Magazin Kategorie<\/a>, um weitere Optionen und Zubeh\u00f6r zu finden, die Ihren Bed\u00fcrfnissen entsprechen. F\u00fcr weitere Informationen zu unseren Produkten und Angeboten besuchen Sie unsere <a href=\"https:\/\/ak47.nu\/de\/\">Homepage<\/a>.<\/p>","protected":false},"excerpt":{"rendered":"<p>Gletcher PMA Magazin &#8211; 6mm Airsoft Magazin f\u00fcr Gletcher PMA 6mm Airsoft Dieses Magazin wurde speziell f\u00fcr Gletcher PMA 6mm Airsoft-Pistolen entwickelt. Es ist perfekt f\u00fcr alle, die ein zus\u00e4tzliches Magazin ben\u00f6tigen oder ein verlorenes oder besch\u00e4digtes Magazin ersetzen m\u00f6chten. Das Magazin gew\u00e4hrleistet eine reibungslose Zufuhr von 6mm Airsoft-BBs und bietet ein zuverl\u00e4ssiges und realistisches [&#8230;]","protected":false},"featured_media":21221,"template":"","meta":[],"product_brand":[],"product_cat":[464,450],"product_tag":[],"class_list":{"0":"post-21229","1":"product","2":"type-product","3":"status-publish","4":"has-post-thumbnail","6":"product_cat-magasin","7":"product_cat-tillbehor-2","8":"pa_brand-gletcher","9":"pa_farg-svart","11":"first","12":"instock","13":"sale","14":"taxable","15":"shipping-taxable","16":"purchasable","17":"product-type-simple"},"_links":{"self":[{"href":"https:\/\/ak47.nu\/de\/wp-json\/wp\/v2\/product\/21229","targetHints":{"allow":["GET"]}}],"collection":[{"href":"https:\/\/ak47.nu\/de\/wp-json\/wp\/v2\/product"}],"about":[{"href":"https:\/\/ak47.nu\/de\/wp-json\/wp\/v2\/types\/product"}],"wp:featuredmedia":[{"embeddable":true,"href":"https:\/\/ak47.nu\/de\/wp-json\/wp\/v2\/media\/21221"}],"wp:attachment":[{"href":"https:\/\/ak47.nu\/de\/wp-json\/wp\/v2\/media?parent=21229"}],"wp:term":[{"taxonomy":"product_brand","embeddable":true,"href":"https:\/\/ak47.nu\/de\/wp-json\/wp\/v2\/product_brand?post=21229"},{"taxonomy":"product_cat","embeddable":true,"href":"https:\/\/ak47.nu\/de\/wp-json\/wp\/v2\/product_cat?post=21229"},{"taxonomy":"product_tag","embeddable":true,"href":"https:\/\/ak47.nu\/de\/wp-json\/wp\/v2\/product_tag?post=21229"}],"curies":[{"name":"wp","href":"https:\/\/api.w.org\/{rel}","templated":true}]}}