{"id":21240,"date":"2022-05-07T12:37:37","date_gmt":"2022-05-07T10:37:37","guid":{"rendered":"https:\/\/ak47.nu\/produkt\/original-gletcher-magasin-1-pce-brt-84-cst-304-gl-w3000-45mm-airgun\/"},"modified":"2025-08-21T10:46:51","modified_gmt":"2025-08-21T08:46:51","slug":"gletcher-magazin-brt-84-cst-304-gl-w3000","status":"publish","type":"product","link":"https:\/\/ak47.nu\/de\/produkt\/zubehor-2\/magasin\/gletcher-magazin-brt-84-cst-304-gl-w3000\/","title":{"rendered":"Gletcher Magazin - BRT 84 \/ CST 304 \/ GL W3000"},"content":{"rendered":"<h1>Original Gletcher Magazin - BRT 84 \/ CST 304 \/ GL W3000<\/h1>\n<h2>Magazin f\u00fcr Gletcher Luftgewehre<\/h2>\n<p>Dieses originale Gletcher Magazin ist passend f\u00fcr die Modelle BRT 84, CST 304 und GL W3000 4,5mm Luftgewehre konzipiert. Ideal, um Ihr Luftgewehr w\u00e4hrend des Gebrauchs schnell und einfach nachzuladen. Wird einzeln verkauft.<\/p>\n<p>Ben\u00f6tigen Sie <a href=\"https:\/\/ak47.nu\/de\/butik\/\">weiteres Zubeh\u00f6r f\u00fcr Ihr Gletcher Luftgewehr<\/a>? Entdecken Sie unser Sortiment an <a href=\"https:\/\/ak47.nu\/de\/zubehor-2\/magasin\/\">Luftgewehrzubeh\u00f6r<\/a>, um alles zu finden, was Sie ben\u00f6tigen. Um unsere gesamte Auswahl zu sehen, besuchen Sie <a href=\"https:\/\/ak47.nu\/de\/\">unsere Webseite<\/a>.<\/p>","protected":false},"excerpt":{"rendered":"<p>Original Gletcher Magazin &#8211; BRT 84 \/ CST 304 \/ GL W3000 Magazin f\u00fcr Gletcher Luftgewehre Dieses originale Gletcher Magazin ist passend f\u00fcr die Modelle BRT 84, CST 304 und GL W3000 4,5mm Luftgewehre konzipiert. Ideal, um Ihr Luftgewehr w\u00e4hrend des Gebrauchs schnell und einfach nachzuladen. Wird einzeln verkauft. Ben\u00f6tigen Sie weiteres Zubeh\u00f6r f\u00fcr Ihr [&#8230;]","protected":false},"featured_media":21239,"template":"","meta":[],"product_brand":[],"product_cat":[464,450],"product_tag":[],"class_list":{"0":"post-21240","1":"product","2":"type-product","3":"status-publish","4":"has-post-thumbnail","6":"product_cat-magasin","7":"product_cat-tillbehor-2","8":"pa_brand-gletcher","9":"pa_farg-svart","11":"first","12":"instock","13":"sale","14":"taxable","15":"shipping-taxable","16":"purchasable","17":"product-type-simple"},"_links":{"self":[{"href":"https:\/\/ak47.nu\/de\/wp-json\/wp\/v2\/product\/21240","targetHints":{"allow":["GET"]}}],"collection":[{"href":"https:\/\/ak47.nu\/de\/wp-json\/wp\/v2\/product"}],"about":[{"href":"https:\/\/ak47.nu\/de\/wp-json\/wp\/v2\/types\/product"}],"wp:featuredmedia":[{"embeddable":true,"href":"https:\/\/ak47.nu\/de\/wp-json\/wp\/v2\/media\/21239"}],"wp:attachment":[{"href":"https:\/\/ak47.nu\/de\/wp-json\/wp\/v2\/media?parent=21240"}],"wp:term":[{"taxonomy":"product_brand","embeddable":true,"href":"https:\/\/ak47.nu\/de\/wp-json\/wp\/v2\/product_brand?post=21240"},{"taxonomy":"product_cat","embeddable":true,"href":"https:\/\/ak47.nu\/de\/wp-json\/wp\/v2\/product_cat?post=21240"},{"taxonomy":"product_tag","embeddable":true,"href":"https:\/\/ak47.nu\/de\/wp-json\/wp\/v2\/product_tag?post=21240"}],"curies":[{"name":"wp","href":"https:\/\/api.w.org\/{rel}","templated":true}]}}