{"id":21252,"date":"2022-05-07T12:37:46","date_gmt":"2022-05-07T10:37:46","guid":{"rendered":"https:\/\/ak47.nu\/produkt\/colt-junior-magasin-7bbs-airsoft-cybergun-185176-6mm\/"},"modified":"2025-08-21T10:46:41","modified_gmt":"2025-08-21T08:46:41","slug":"colt-junior-7bbs-airsoft-magazin-6mm","status":"publish","type":"product","link":"https:\/\/ak47.nu\/de\/produkt\/zubehor-2\/magasin\/colt-junior-7bbs-airsoft-magazin-6mm\/","title":{"rendered":"Colt Junior 7BBS Airsoft Magazin - 6mm | Cybergun"},"content":{"rendered":"<h1>Colt Junior 7BBS Airsoft Magazin - Cybergun - 185176 - 6MM<\/h1>\n<h2>\u00dcber Colt und sein Erbe<\/h2>\n<p>Im Jahr 1832 begann Samuel Colt im Alter von nur 18 Jahren mit der Entwicklung eines revolution\u00e4ren Mechanismus, der die Geschichte der Schusswaffen ver\u00e4ndern sollte: der Revolver. Diese Innovation stellte die perfekte Synthese aus Pepperbox- und Drehsteinschlosswaffen dar, die zu dieser Zeit die einzigen Repetierwaffen waren. Colts Waffe \u00fcbertraf alle anderen an Zuverl\u00e4ssigkeit und Geschwindigkeit und dominierte innerhalb weniger Jahrzehnte schnell den Markt.  Hier finden Sie weitere <a href=\"https:\/\/ak47.nu\/de\/butik\/\">Colt-Produkte<\/a>.<\/p>\n<p>1836 patentierte Colt den Paterson, den ersten einer langen Reihe erfolgreicher Revolver, darunter den Colt Walker, Colt 1848 Dragoon, Colt Modell 1851 Navy, Colt Modell 1860 Army und den legend\u00e4ren Colt Modell 1873 Single Action Army, auch bekannt als \"the Peacemaker\".<\/p>\n<p>Auch nach dem Tod des Gr\u00fcnders im Jahr 1862 setzte die Colt Firearms Company ihre Innovationen fort und fasziniert weiterhin Zivilisten, Polizeikr\u00e4fte und Milit\u00e4rs auf der ganzen Welt. Zu ihrem Sortiment geh\u00f6ren bekannte Waffen wie der Colt 1911, der Colt Python und die legend\u00e4ren M16-Gewehre und ihre Derivate. Entdecken Sie unsere gro\u00dfe Auswahl an <a href=\"https:\/\/ak47.nu\/de\/zubehor-2\/magasin\/\">Airsoft-Zubeh\u00f6r<\/a>.<\/p>\n<h2>Merkmale des Colt Junior 7BBS Airsoft Magazins<\/h2>\n<p>Dieses Qualit\u00e4tsmagazin von Cybergun ist mit den Modellen 180593 und 180592 kompatibel.  Besuchen Sie <a href=\"https:\/\/ak47.nu\/de\/\">unsere Website<\/a>, um unser gesamtes Sortiment zu sehen.<\/p>\n<h3>Spezifikationen:<\/h3>\n<ul>\n <li><strong>AirGun-kompatibel:<\/strong> Nein<\/li>\n <li><strong>AirSoft-kompatibel:<\/strong> Ja<\/li>\n <li><strong>Marke:<\/strong> Colt<\/li>\n <li><strong>Farbe:<\/strong> Silber<\/li>\n <li><strong>Kaliber:<\/strong> 6 mm<\/li>\n <li><strong>Antrieb:<\/strong> Gas<\/li>\n <li><strong>Material:<\/strong> Metall und Kunststoff<\/li>\n <li><strong>BBs:<\/strong> Kapazit\u00e4t 7<\/li>\n<\/ul>","protected":false},"excerpt":{"rendered":"<p>K\u00f6p Colt Junior Magasin 7BBS f\u00f6r Airsoft fr\u00e5n Cybergun &#8211; Artikelnummer 185176 &#8211; 6MM. Hitta det b\u00e4sta urvalet av tillbeh\u00f6r och utrustning f\u00f6r airsoft hos oss. Best\u00e4ll nu och f\u00e5 snabb leverans!<\/p>","protected":false},"featured_media":21250,"template":"","meta":[],"product_brand":[],"product_cat":[464,450],"product_tag":[],"class_list":{"0":"post-21252","1":"product","2":"type-product","3":"status-publish","4":"has-post-thumbnail","6":"product_cat-magasin","7":"product_cat-tillbehor-2","8":"pa_brand-colt","10":"first","11":"outofstock","12":"sale","13":"taxable","14":"shipping-taxable","15":"purchasable","16":"product-type-simple"},"_links":{"self":[{"href":"https:\/\/ak47.nu\/de\/wp-json\/wp\/v2\/product\/21252","targetHints":{"allow":["GET"]}}],"collection":[{"href":"https:\/\/ak47.nu\/de\/wp-json\/wp\/v2\/product"}],"about":[{"href":"https:\/\/ak47.nu\/de\/wp-json\/wp\/v2\/types\/product"}],"wp:featuredmedia":[{"embeddable":true,"href":"https:\/\/ak47.nu\/de\/wp-json\/wp\/v2\/media\/21250"}],"wp:attachment":[{"href":"https:\/\/ak47.nu\/de\/wp-json\/wp\/v2\/media?parent=21252"}],"wp:term":[{"taxonomy":"product_brand","embeddable":true,"href":"https:\/\/ak47.nu\/de\/wp-json\/wp\/v2\/product_brand?post=21252"},{"taxonomy":"product_cat","embeddable":true,"href":"https:\/\/ak47.nu\/de\/wp-json\/wp\/v2\/product_cat?post=21252"},{"taxonomy":"product_tag","embeddable":true,"href":"https:\/\/ak47.nu\/de\/wp-json\/wp\/v2\/product_tag?post=21252"}],"curies":[{"name":"wp","href":"https:\/\/api.w.org\/{rel}","templated":true}]}}