{"id":21282,"date":"2022-05-07T12:37:59","date_gmt":"2022-05-07T10:37:59","guid":{"rendered":"https:\/\/ak47.nu\/produkt\/ggh-0401m-magazine-for-ggh-0401-src-replica-6mm-greengas\/"},"modified":"2025-08-21T10:46:24","modified_gmt":"2025-08-21T08:46:24","slug":"ggh-0401m-magazin-fuer-src-ggh-0401-replika","status":"publish","type":"product","link":"https:\/\/ak47.nu\/de\/produkt\/zubehor-2\/magasin\/ggh-0401m-magazin-fuer-src-ggh-0401-replika\/","title":{"rendered":"GGH-0401M Magazin f\u00fcr SRC GGH-0401 Replika"},"content":{"rendered":"<h1>GGH-0401M Magazin f\u00fcr SRC GGH-0401 Replika<\/h1>\n\n<h2>Passend f\u00fcr GGH-0401 Replika von SRC<\/h2>\n<p>Dieses Magazin wurde speziell f\u00fcr die GGH-0401 Replika von SRC entwickelt. Durch die pr\u00e4zise Passform gew\u00e4hrleistet das Magazin eine zuverl\u00e4ssige und reibungslose Zufuhr von BBs w\u00e4hrend des Gebrauchs. Wenn Sie eine GGH-0401 von SRC besitzen, ist dieses Magazin eine ideale Erg\u00e4nzung f\u00fcr Ihre Ausr\u00fcstung.  Um andere kompatible Zubeh\u00f6rteile zu finden, besuchen Sie unsere <a href=\"https:\/\/ak47.nu\/de\/zubehor-2\/magasin\/\">Airsoft-Zubeh\u00f6r<\/a> Seite.<\/p>\n\n<h2>Kapazit\u00e4t und Nutzung<\/h2>\n<p>Das Magazin ist f\u00fcr 6mm BBs vorgesehen und hat eine Kapazit\u00e4t von 7 BBs. Dies macht es geeignet f\u00fcr Szenarien, in denen Sie ein leichteres Magazin w\u00fcnschen oder in denen die Regeln die Magazinkapazit\u00e4t begrenzen. R\u00fcsten Sie sich mit diesem <a href=\"https:\/\/ak47.nu\/de\/butik\/\">Airsoft Magazin<\/a> aus und seien Sie bereit.<\/p>\n\n<h3>Hauptmerkmale:<\/h3>\n<ul>\n    <li>Passend f\u00fcr GGH-0401 Replika von SRC<\/li>\n    <li>Kapazit\u00e4t: 7 BBs<\/li>\n    <li>Entwickelt f\u00fcr 6mm BBs<\/li>\n    <li>Hergestellt von SRC<\/li>\n<\/ul>\n\n<p>Artikelnummer: GGH-0401M. Um unser komplettes Sortiment zu sehen, besuchen Sie <a href=\"https:\/\/ak47.nu\/de\/\">unsere Website<\/a>.<\/p>","protected":false},"excerpt":{"rendered":"<p>GGH-0401M Magazin f\u00fcr SRC GGH-0401 Replika Passend f\u00fcr GGH-0401 Replika von SRC Dieses Magazin wurde speziell f\u00fcr die GGH-0401 Replika von SRC entwickelt. Durch die pr\u00e4zise Passform gew\u00e4hrleistet das Magazin eine zuverl\u00e4ssige und reibungslose Zufuhr von BBs w\u00e4hrend des Gebrauchs. Wenn Sie eine GGH-0401 von SRC besitzen, ist dieses Magazin eine ideale Erg\u00e4nzung f\u00fcr Ihre [&#8230;]","protected":false},"featured_media":21278,"template":"","meta":[],"product_brand":[],"product_cat":[464,450],"product_tag":[],"class_list":{"0":"post-21282","1":"product","2":"type-product","3":"status-publish","4":"has-post-thumbnail","6":"product_cat-magasin","7":"product_cat-tillbehor-2","8":"pa_brand-src","10":"first","11":"instock","12":"sale","13":"taxable","14":"shipping-taxable","15":"purchasable","16":"product-type-simple"},"_links":{"self":[{"href":"https:\/\/ak47.nu\/de\/wp-json\/wp\/v2\/product\/21282","targetHints":{"allow":["GET"]}}],"collection":[{"href":"https:\/\/ak47.nu\/de\/wp-json\/wp\/v2\/product"}],"about":[{"href":"https:\/\/ak47.nu\/de\/wp-json\/wp\/v2\/types\/product"}],"wp:featuredmedia":[{"embeddable":true,"href":"https:\/\/ak47.nu\/de\/wp-json\/wp\/v2\/media\/21278"}],"wp:attachment":[{"href":"https:\/\/ak47.nu\/de\/wp-json\/wp\/v2\/media?parent=21282"}],"wp:term":[{"taxonomy":"product_brand","embeddable":true,"href":"https:\/\/ak47.nu\/de\/wp-json\/wp\/v2\/product_brand?post=21282"},{"taxonomy":"product_cat","embeddable":true,"href":"https:\/\/ak47.nu\/de\/wp-json\/wp\/v2\/product_cat?post=21282"},{"taxonomy":"product_tag","embeddable":true,"href":"https:\/\/ak47.nu\/de\/wp-json\/wp\/v2\/product_tag?post=21282"}],"curies":[{"name":"wp","href":"https:\/\/api.w.org\/{rel}","templated":true}]}}