{"id":21288,"date":"2022-05-07T12:38:01","date_gmt":"2022-05-07T10:38:01","guid":{"rendered":"https:\/\/ak47.nu\/produkt\/original-gletcher-magasin-1-pce-aps-p-45mm-airgun\/"},"modified":"2025-12-03T20:25:28","modified_gmt":"2025-12-03T19:25:28","slug":"gletcher-aps-p-magazin-4-5mm-luftgewehr","status":"publish","type":"product","link":"https:\/\/ak47.nu\/de\/produkt\/zubehor-2\/magasin\/gletcher-aps-p-magazin-4-5mm-luftgewehr\/","title":{"rendered":"Gletcher APS-P Magazin - 4,5mm Luftgewehr"},"content":{"rendered":"<h1>Original Gletcher Magazin - APS-P \/ 4,5mm Luftgewehr<\/h1>\n<h2>Gletcher APS-P Magazin<\/h2>\n<p>Magazin f\u00fcr Gletcher APS-P 4,5mm Luftgewehr. Wird einzeln verkauft.<\/p>\n\n<ul>\n <li>Passend f\u00fcr: Gletcher APS-P 4,5mm Luftgewehr<\/li>\n <li>Verkauft in einer Packung mit 1 St\u00fcck<\/li>\n<\/ul>\n\n<p>R\u00fcste dein Gletcher APS-P 4,5mm Luftgewehr mit diesem Originalmagazin auf. Perfekt f\u00fcr schnelle und einfache Magazinwechsel beim Schie\u00dftraining oder Wettkampf. Entdecke auch unser Angebot an <a href=\"https:\/\/ak47.nu\/de\/butik\/\">anderen Luftgewehrmagazinen<\/a>, um das zu finden, was du brauchst. Besuche unsere <a href=\"https:\/\/ak47.nu\/de\/zubehor-2\/magasin\/\">Luftgewehr-Kategorie<\/a>, um unser gesamtes Sortiment zu sehen. Du findest auch <a href=\"https:\/\/ak47.nu\/de\/\">unsere Homepage<\/a> hier.<\/p>","protected":false},"excerpt":{"rendered":"<p>Original Gletcher Magazin &#8211; APS-P \/ 4,5mm Luftgewehr Gletcher APS-P Magazin Magazin f\u00fcr Gletcher APS-P 4,5mm Luftgewehr. Wird einzeln verkauft. Passend f\u00fcr: Gletcher APS-P 4,5mm Luftgewehr Verkauft in einer Packung mit 1 St\u00fcck R\u00fcste dein Gletcher APS-P 4,5mm Luftgewehr mit diesem Originalmagazin auf. Perfekt f\u00fcr schnelle und einfache Magazinwechsel beim Schie\u00dftraining oder Wettkampf. Entdecke auch [&#8230;]","protected":false},"featured_media":21280,"template":"","meta":[],"product_brand":[],"product_cat":[464],"product_tag":[],"class_list":{"0":"post-21288","1":"product","2":"type-product","3":"status-publish","4":"has-post-thumbnail","6":"product_cat-magasin","7":"pa_brand-gletcher","8":"pa_farg-svart","10":"first","11":"instock","12":"sale","13":"taxable","14":"shipping-taxable","15":"purchasable","16":"product-type-simple"},"_links":{"self":[{"href":"https:\/\/ak47.nu\/de\/wp-json\/wp\/v2\/product\/21288","targetHints":{"allow":["GET"]}}],"collection":[{"href":"https:\/\/ak47.nu\/de\/wp-json\/wp\/v2\/product"}],"about":[{"href":"https:\/\/ak47.nu\/de\/wp-json\/wp\/v2\/types\/product"}],"wp:featuredmedia":[{"embeddable":true,"href":"https:\/\/ak47.nu\/de\/wp-json\/wp\/v2\/media\/21280"}],"wp:attachment":[{"href":"https:\/\/ak47.nu\/de\/wp-json\/wp\/v2\/media?parent=21288"}],"wp:term":[{"taxonomy":"product_brand","embeddable":true,"href":"https:\/\/ak47.nu\/de\/wp-json\/wp\/v2\/product_brand?post=21288"},{"taxonomy":"product_cat","embeddable":true,"href":"https:\/\/ak47.nu\/de\/wp-json\/wp\/v2\/product_cat?post=21288"},{"taxonomy":"product_tag","embeddable":true,"href":"https:\/\/ak47.nu\/de\/wp-json\/wp\/v2\/product_tag?post=21288"}],"curies":[{"name":"wp","href":"https:\/\/api.w.org\/{rel}","templated":true}]}}