{"id":21443,"date":"2022-05-08T14:41:07","date_gmt":"2022-05-08T12:41:07","guid":{"rendered":"https:\/\/ak47.nu\/produkt\/gletcher-baltesholster-i-lader-ghb-pm-makarov\/"},"modified":"2025-12-03T20:08:50","modified_gmt":"2025-12-03T19:08:50","slug":"gletcher-baltesholster-i-lader-ghb-pm-makarov","status":"publish","type":"product","link":"https:\/\/ak47.nu\/de\/produkt\/zubehor-2\/holsters\/gletcher-baltesholster-i-lader-ghb-pm-makarov\/","title":{"rendered":"GLETCHER B\u00e4ltesh\u00f6lster i L\u00e4der GHB-PM Makarov"},"content":{"rendered":"<p>GHB-PM<\/p>\n<p>H&ouml;lster<\/p>\n<p>H&ouml;lster av &auml;kta l&auml;der Gletcher GHB-PM. Djup konturgjutning f&ouml;r utm&auml;rkt retention. &Ouml;ppen design f&ouml;r enkel och snabb dragning. Smal och kompakt profil. Utm&auml;rkt f&ouml;r milit&auml;r, brottsbek&auml;mpning och civil anv&auml;ndning. H&ouml;gerh&auml;nt h&ouml;lster. Kompatibel med Gletcher PM, PM 1951, PM-A.<\/p>","protected":false},"excerpt":{"rendered":"<p>GHB-PM H&ouml;lster H&ouml;lster av &auml;kta l&auml;der Gletcher GHB-PM. Djup konturgjutning f&ouml;r utm&auml;rkt retention. &Ouml;ppen design f&ouml;r enkel och snabb dragning. Smal och kompakt profil. Utm&auml;rkt f&ouml;r milit&auml;r, brottsbek&auml;mpning och civil anv&auml;ndning. H&ouml;gerh&auml;nt h&ouml;lster. Kompatibel med Gletcher PM, PM 1951, PM-A.<\/p>","protected":false},"featured_media":21439,"template":"","meta":[],"product_brand":[],"product_cat":[563],"product_tag":[],"class_list":{"0":"post-21443","1":"product","2":"type-product","3":"status-publish","4":"has-post-thumbnail","6":"product_cat-holsters","7":"pa_brand-gletcher","8":"pa_farg-svart","10":"first","11":"outofstock","12":"sale","13":"taxable","14":"shipping-taxable","15":"purchasable","16":"product-type-simple"},"_links":{"self":[{"href":"https:\/\/ak47.nu\/de\/wp-json\/wp\/v2\/product\/21443","targetHints":{"allow":["GET"]}}],"collection":[{"href":"https:\/\/ak47.nu\/de\/wp-json\/wp\/v2\/product"}],"about":[{"href":"https:\/\/ak47.nu\/de\/wp-json\/wp\/v2\/types\/product"}],"wp:featuredmedia":[{"embeddable":true,"href":"https:\/\/ak47.nu\/de\/wp-json\/wp\/v2\/media\/21439"}],"wp:attachment":[{"href":"https:\/\/ak47.nu\/de\/wp-json\/wp\/v2\/media?parent=21443"}],"wp:term":[{"taxonomy":"product_brand","embeddable":true,"href":"https:\/\/ak47.nu\/de\/wp-json\/wp\/v2\/product_brand?post=21443"},{"taxonomy":"product_cat","embeddable":true,"href":"https:\/\/ak47.nu\/de\/wp-json\/wp\/v2\/product_cat?post=21443"},{"taxonomy":"product_tag","embeddable":true,"href":"https:\/\/ak47.nu\/de\/wp-json\/wp\/v2\/product_tag?post=21443"}],"curies":[{"name":"wp","href":"https:\/\/api.w.org\/{rel}","templated":true}]}}