{"id":21576,"date":"2022-05-18T09:51:33","date_gmt":"2022-05-18T07:51:33","guid":{"rendered":"https:\/\/ak47.nu\/produkt\/norica-jumbo-extra-heavy-250-pack-pellets-4-5mm\/"},"modified":"2026-04-05T02:07:37","modified_gmt":"2026-04-05T00:07:37","slug":"norica-jumbo-extra-heavy-diabolos-4-5mm","status":"publish","type":"product","link":"https:\/\/ak47.nu\/de\/produkt\/zubehor-2\/ammo\/45mm-airgun\/norica-jumbo-extra-heavy-diabolos-4-5mm\/","title":{"rendered":"Norica Jumbo Extra Heavy Diabolos 4.5mm | 250er-Pack"},"content":{"rendered":"<h1>Norica - Jumbo Extra Heavy - 250er-Pack Diabolos - 4.5MM<\/h1>\n<h2>Optimale Diabolos f\u00fcr Magnum-Luftgewehre<\/h2>\n<p>Die Norica Jumbo Extra Heavy Diabolos wurden f\u00fcr J\u00e4ger von Kleinwild und Sch\u00e4dlingsbek\u00e4mpfer entwickelt und bieten die beste Leistung in Kombination mit Magnum-Luftgewehren. Die Form, das Gewicht und das interne Design tragen zu au\u00dfergew\u00f6hnlicher Pr\u00e4zision und Wirkung bei.<\/p>\n<h3>Maximale Durchschlagskraft und Pr\u00e4zision<\/h3>\n<p>Diese Diabolos haben eine spitze Spitze f\u00fcr maximale Durchschlagskraft, w\u00e4hrend das extra schwere Gewicht f\u00fcr kontrollierte Geschwindigkeit und verbesserte Genauigkeit sorgt. Perfekt f\u00fcr alle, die h\u00f6chste Pr\u00e4zision bei jedem Schuss suchen.  <a href=\"https:\/\/ak47.nu\/de\/butik\/\">Sehen Sie sich unsere Auswahl an anderen Diabolos an<\/a>, um die richtige Wahl f\u00fcr Ihre Bed\u00fcrfnisse zu finden.<\/p>\n<h3>Deutsche Qualit\u00e4t und sorgf\u00e4ltige Kontrolle<\/h3>\n<p>Norica Jumbo Extra Heavy Diabolos werden mit deutscher Technologie und einer speziellen Bleilegierung hergestellt. Jeder Diabolo wird einer strengen Qualit\u00e4tskontrolle mit modernsten Maschinen unterzogen, gefolgt von einer abschlie\u00dfenden Sichtpr\u00fcfung und manuellen Auswahl. Dies stellt sicher, dass Sie ein Produkt von h\u00f6chster Qualit\u00e4t erhalten.  Besuchen Sie unsere <a href=\"https:\/\/ak47.nu\/de\/zubehor-2\/ammo\/45mm-airgun\/\">Kategorie f\u00fcr Luftgewehre<\/a>, um Ihre Ausr\u00fcstung zu vervollst\u00e4ndigen.<\/p>\n<h3>Praktische Verpackung<\/h3>\n<p>Diese Diabolos sind im Kaliber 4,5 mm erh\u00e4ltlich und in einer Dose mit Schraubverschluss verpackt, die innen mit Epoxidharz beschichtet ist, um vor Bleioxid zu sch\u00fctzen. Jede Dose enth\u00e4lt 250 Diabolos.   <a href=\"https:\/\/ak47.nu\/de\/\">Entdecken Sie unser gesamtes Sortiment<\/a> und entdecken Sie Produkte, die Ihren Bed\u00fcrfnissen und Erwartungen entsprechen.<\/p>\n<ul>\n<li>Kaliber: 4,5 mm (.177)<\/li>\n<li>Gewicht: 0,64 g \/ 10,00 gr<\/li>\n<li>Anzahl: 250 Stk<\/li>\n<\/ul>","protected":false},"excerpt":{"rendered":"<p>K\u00f6p Norica Jumbo Extra Heavy 4.5MM pellets i 250-pack f\u00f6r optimal skjutprestanda. Uppt\u00e4ck h\u00f6gkvalitativa pellets f\u00f6r din luftgev\u00e4r online hos oss.<\/p>","protected":false},"featured_media":21575,"template":"","meta":[],"product_brand":[],"product_cat":[461],"product_tag":[],"class_list":{"0":"post-21576","1":"product","2":"type-product","3":"status-publish","4":"has-post-thumbnail","6":"product_cat-45mm-airgun","7":"pa_brand-norica","9":"first","10":"instock","11":"taxable","12":"shipping-taxable","13":"purchasable","14":"product-type-simple"},"_links":{"self":[{"href":"https:\/\/ak47.nu\/de\/wp-json\/wp\/v2\/product\/21576","targetHints":{"allow":["GET"]}}],"collection":[{"href":"https:\/\/ak47.nu\/de\/wp-json\/wp\/v2\/product"}],"about":[{"href":"https:\/\/ak47.nu\/de\/wp-json\/wp\/v2\/types\/product"}],"wp:featuredmedia":[{"embeddable":true,"href":"https:\/\/ak47.nu\/de\/wp-json\/wp\/v2\/media\/21575"}],"wp:attachment":[{"href":"https:\/\/ak47.nu\/de\/wp-json\/wp\/v2\/media?parent=21576"}],"wp:term":[{"taxonomy":"product_brand","embeddable":true,"href":"https:\/\/ak47.nu\/de\/wp-json\/wp\/v2\/product_brand?post=21576"},{"taxonomy":"product_cat","embeddable":true,"href":"https:\/\/ak47.nu\/de\/wp-json\/wp\/v2\/product_cat?post=21576"},{"taxonomy":"product_tag","embeddable":true,"href":"https:\/\/ak47.nu\/de\/wp-json\/wp\/v2\/product_tag?post=21576"}],"curies":[{"name":"wp","href":"https:\/\/api.w.org\/{rel}","templated":true}]}}