{"id":35579,"date":"2022-05-23T10:54:35","date_gmt":"2022-05-23T08:54:35","guid":{"rendered":"https:\/\/ak47.nu\/produkt\/airgun-replica-of-ak101-45mm-gas-kalashnikov-128303\/"},"modified":"2025-12-03T20:32:49","modified_gmt":"2025-12-03T19:32:49","slug":"ak101-4-5mm-luftgewehr-kalaschnikow","status":"publish","type":"product","link":"https:\/\/ak47.nu\/de\/produkt\/luftvapen\/co2-airguns\/automatkarbiner-co2-airguns\/ak101-4-5mm-luftgewehr-kalaschnikow\/","title":{"rendered":"AK101 4,5mm Luftgewehr Replika - Kalaschnikow"},"content":{"rendered":"<h1>AK101 4,5mm Luftgewehr Replika - Kalaschnikow<\/h1>\n<h2>Kalaschnikow AK101: Eine zuverl\u00e4ssige Replika f\u00fcr Liebhaber<\/h2>\n<p>Erleben Sie die legend\u00e4re AK-Serie mit dieser 4,5-mm-Luftgewehr-Replika der AK101 von Kalaschnikow.  Inspiriert vom Erbe Michail Kalaschnikows verbindet dieses Luftgewehr Realismus mit Benutzerfreundlichkeit.  Sind Sie ein Fan der 6-mm-Version der Kalaschnikow-Repliken? Dann werden Sie die 4,5-mm-Version lieben!<\/p>\n<h3>Funktionen und Vorteile<\/h3>\n<ul>\n <li><strong>CO2-Betrieben:<\/strong> F\u00fcr eine konstante und zuverl\u00e4ssige Energiequelle.<\/li>\n <li><strong>4,3 Joule:<\/strong> Bietet ein pr\u00e4zises Schusserlebnis.<\/li>\n <li><strong>Halbautomatisch:<\/strong> Erm\u00f6glicht schnelle und pr\u00e4zise Sch\u00fcsse.<\/li>\n <li><strong>Hoher Realismus:<\/strong> Hergestellt aus Metall und Polymer f\u00fcr ein authentisches Gef\u00fchl.<\/li>\n <li><strong>Einfach zu bedienen und zu warten:<\/strong> Perfekt f\u00fcr Anf\u00e4nger und erfahrene Sch\u00fctzen.<\/li>\n<\/ul>\n<p>Diese AK101-Replika ist ein Non-Blowback-Modell, das mit CO2 betrieben wird und eine Kraft von 4,3 Joule liefert. Es ist sowohl pr\u00e4zise als auch einfach zu warten, was es zu einer ausgezeichneten Wahl f\u00fcr alle macht, die ein zuverl\u00e4ssiges und realistisches Schusserlebnis suchen.  Mit den Schussmodi Sicher und Halbautomatisch k\u00f6nnen Sie das Gewehr an Ihre Bed\u00fcrfnisse anpassen.<\/p>\n<h3>Spezifikationen<\/h3>\n<ul>\n <li>Munition: Stahl-BB<\/li>\n <li>Kaliber: 4,5 mm<\/li>\n <li>Material: Polymer, Metall<\/li>\n <li>Gewicht: 3,15 kg<\/li>\n <li>Waffenl\u00e4nge: 712 mm<\/li>\n <li>Kraft: 4,3 Joule<\/li>\n<\/ul>\n<p>Dieses Luftgewehr bietet ein tolles Gef\u00fchl und ein fesselndes Schusserlebnis. Verpassen Sie nicht die Chance, ein St\u00fcck des legend\u00e4ren Erbes von Kalaschnikow zu besitzen. Entdecken Sie noch heute unsere gro\u00dfe Auswahl an <a href=\"https:\/\/ak47.nu\/de\/butik\/\">authentischen Kalaschnikow-Repliken<\/a>! F\u00fcr weitere Optionen besuchen Sie unsere <a href=\"https:\/\/ak47.nu\/de\/luftvapen\/co2-airguns\/automatkarbiner-co2-airguns\/\">Luftgewehr<\/a> Kategorie oder besuchen Sie unsere <a href=\"https:\/\/ak47.nu\/de\/\">Homepage<\/a>, um unser gesamtes Sortiment zu sehen.<\/p>","protected":false},"excerpt":{"rendered":"<p>K\u00f6p en h\u00f6gkvalitativ AK101 4,5mm gasluftgev\u00e4r &#8211; Kalashnikov &#8211; 128303. Perfekt replika av den ikoniska AK101-modellen.<\/p>","protected":false},"featured_media":35559,"template":"","meta":[],"product_brand":[],"product_cat":[434],"product_tag":[],"class_list":{"0":"post-35579","1":"product","2":"type-product","3":"status-publish","4":"has-post-thumbnail","6":"product_cat-automatkarbiner-co2-airguns","7":"pa_brand-kalashnikov","9":"first","10":"outofstock","11":"taxable","12":"shipping-taxable","13":"purchasable","14":"product-type-simple"},"_links":{"self":[{"href":"https:\/\/ak47.nu\/de\/wp-json\/wp\/v2\/product\/35579","targetHints":{"allow":["GET"]}}],"collection":[{"href":"https:\/\/ak47.nu\/de\/wp-json\/wp\/v2\/product"}],"about":[{"href":"https:\/\/ak47.nu\/de\/wp-json\/wp\/v2\/types\/product"}],"wp:featuredmedia":[{"embeddable":true,"href":"https:\/\/ak47.nu\/de\/wp-json\/wp\/v2\/media\/35559"}],"wp:attachment":[{"href":"https:\/\/ak47.nu\/de\/wp-json\/wp\/v2\/media?parent=35579"}],"wp:term":[{"taxonomy":"product_brand","embeddable":true,"href":"https:\/\/ak47.nu\/de\/wp-json\/wp\/v2\/product_brand?post=35579"},{"taxonomy":"product_cat","embeddable":true,"href":"https:\/\/ak47.nu\/de\/wp-json\/wp\/v2\/product_cat?post=35579"},{"taxonomy":"product_tag","embeddable":true,"href":"https:\/\/ak47.nu\/de\/wp-json\/wp\/v2\/product_tag?post=35579"}],"curies":[{"name":"wp","href":"https:\/\/api.w.org\/{rel}","templated":true}]}}