{"id":35703,"date":"2022-05-24T07:46:39","date_gmt":"2022-05-24T05:46:39","guid":{"rendered":"https:\/\/ak47.nu\/produkt\/airsoft-canik-tp-9-elite-combat-tan-green-gas-gbb-6mm\/"},"modified":"2025-08-21T10:44:15","modified_gmt":"2025-08-21T08:44:15","slug":"airsoft-canik-tp-9-elite-combat-tan-green-gas-gbb-6mm","status":"publish","type":"product","link":"https:\/\/ak47.nu\/de\/produkt\/airsoft\/grongas\/pistoler-grongas\/airsoft-canik-tp-9-elite-combat-tan-green-gas-gbb-6mm\/","title":{"rendered":"Canik TP 9 Elite Combat Tan Airsoft | Green Gas GBB"},"content":{"rendered":"<h1>Airsoft - Canik - TP 9 Elite Combat Tan - Green Gas - Gbb - 6mm<\/h1>\n<h2>Authentische Canik TP 9 Elite Combat Airsoft-Nachbildung<\/h2>\n<p>Die Canik TP 9 Elite Combat Airsoft-Nachbildung, offiziell von Canik lizenziert und in Zusammenarbeit mit Cybergun entwickelt, bietet ein authentisches Erlebnis mit offiziellen Markierungen, Abmessungen und Gewicht f\u00fcr totale Immersion. <a href=\"https:\/\/ak47.nu\/de\/\">Entdecken Sie unser Angebot an Airsoft-Waffen<\/a>, um das richtige Modell f\u00fcr Sie zu finden.<\/p>\n<h2>Funktionen und Vorteile<\/h2>\n<h3>Realistisches Design und Gef\u00fchl<\/h3>\n<p>Diese Airsoft-Nachbildung verf\u00fcgt \u00fcber ein 14-mm-CCW-Gewinde, Magwell, Rotpunktvisier, Spannanzeige und flachen Abzug mit Sicherung, wodurch die \"Nachbildung des Jahres!\" entsteht. Die funktionelle Spannanzeige sorgt f\u00fcr ein zus\u00e4tzliches Ma\u00df an Realismus. Mit einem Vollmetall-Gasmagazin, das 22 BBs fasst, erhalten Sie ein zuverl\u00e4ssiges und fesselndes Erlebnis. Entdecken Sie <a href=\"https:\/\/ak47.nu\/de\/butik\/\">andere realistische Airsoft-Nachbildungen<\/a>, die Ihre Ausr\u00fcstung erg\u00e4nzen.<\/p>\n<ul>\n <li>Funktionelle Spannanzeige<\/li>\n <li>Rotpunktvisier<\/li>\n <li>14-mm-CCW-Gewinde unter Silent Arms Industries-Lizenz<\/li>\n <li>Flacher Abzug f\u00fcr bessere Reaktionsf\u00e4higkeit<\/li>\n <li>Aluminium-Magwell f\u00fcr einfacheres Laden<\/li>\n<\/ul>\n<h3>Hohe Leistung und Vielseitigkeit<\/h3>\n<p>Mit einem Blowback-System und einem funktionellen Bolt Catch erhalten Sie ein realistischeres Gef\u00fchl. Das vollst\u00e4ndig beidh\u00e4ndige Design erh\u00f6ht die Vielseitigkeit. Hergestellt aus Metall und Nylonfaser f\u00fcr erh\u00f6hten Realismus und Haltbarkeit. Verbessern Sie Ihr Airsoft-Erlebnis mit hochwertigem Zubeh\u00f6r aus unserer <a href=\"https:\/\/ak47.nu\/de\/airsoft\/\">speziellen Airsoft-Kategorie<\/a>!<\/p>\n<ul>\n <li>Blowback-System mit funktionellem Bolt Catch<\/li>\n <li>Beidh\u00e4ndiges Design<\/li>\n <li>Hergestellt aus Metall und Nylonfaser<\/li>\n<\/ul>\n<h3>Technische Details<\/h3>\n<p>Die folgenden Details geben Ihnen einen \u00dcberblick dar\u00fcber, was Sie von diesem Modell erwarten k\u00f6nnen:<\/p>\n<ul>\n <li>Farbe: Tan<\/li>\n <li>Kaliber: 6 mm<\/li>\n <li>Antrieb: Gas<\/li>\n <li>Gewicht: 850 g<\/li>\n <li>Leistung: 1 Joule<\/li>\n <li>Geschwindigkeit: 330 FPS (0,20 g)<\/li>\n <li>Hop-up: Einstellbar<\/li>\n <li>Feuermodi: Sicher, Halbautomatisch<\/li>\n <li>Materialien: Metall, Nylon<\/li>\n <li>L\u00e4nge: 200 mm<\/li>\n <li>Innerer Lauftyp: VSR<\/li>\n <li>Gewinde: 14 mm CCW<\/li>\n <li>BBs-Kapazit\u00e4t: 22<\/li>\n <li>Druck: 130 PSI<\/li>\n<\/ul>","protected":false},"excerpt":{"rendered":"<p>Airsoft &#8211; Canik &#8211; TP 9 Elite Combat Tan &#8211; Green Gas &#8211; Gbb &#8211; 6mm Authentische Canik TP 9 Elite Combat Airsoft-Nachbildung Die Canik TP 9 Elite Combat Airsoft-Nachbildung, offiziell von Canik lizenziert und in Zusammenarbeit mit Cybergun entwickelt, bietet ein authentisches Erlebnis mit offiziellen Markierungen, Abmessungen und Gewicht f\u00fcr totale Immersion. Entdecken Sie [&#8230;]","protected":false},"featured_media":35687,"template":"","meta":[],"product_brand":[],"product_cat":[368,410,411],"product_tag":[],"class_list":{"0":"post-35703","1":"product","2":"type-product","3":"status-publish","4":"has-post-thumbnail","6":"product_cat-airsoft","7":"product_cat-grongas","8":"product_cat-pistoler-grongas","9":"pa_brand-canik","11":"first","12":"instock","13":"sale","14":"taxable","15":"shipping-taxable","16":"purchasable","17":"product-type-simple"},"_links":{"self":[{"href":"https:\/\/ak47.nu\/de\/wp-json\/wp\/v2\/product\/35703","targetHints":{"allow":["GET"]}}],"collection":[{"href":"https:\/\/ak47.nu\/de\/wp-json\/wp\/v2\/product"}],"about":[{"href":"https:\/\/ak47.nu\/de\/wp-json\/wp\/v2\/types\/product"}],"wp:featuredmedia":[{"embeddable":true,"href":"https:\/\/ak47.nu\/de\/wp-json\/wp\/v2\/media\/35687"}],"wp:attachment":[{"href":"https:\/\/ak47.nu\/de\/wp-json\/wp\/v2\/media?parent=35703"}],"wp:term":[{"taxonomy":"product_brand","embeddable":true,"href":"https:\/\/ak47.nu\/de\/wp-json\/wp\/v2\/product_brand?post=35703"},{"taxonomy":"product_cat","embeddable":true,"href":"https:\/\/ak47.nu\/de\/wp-json\/wp\/v2\/product_cat?post=35703"},{"taxonomy":"product_tag","embeddable":true,"href":"https:\/\/ak47.nu\/de\/wp-json\/wp\/v2\/product_tag?post=35703"}],"curies":[{"name":"wp","href":"https:\/\/api.w.org\/{rel}","templated":true}]}}