{"id":35925,"date":"2022-05-31T15:50:40","date_gmt":"2022-05-31T13:50:40","guid":{"rendered":"https:\/\/ak47.nu\/produkt\/we-galaxy-pistol-replica-purple-gbb-6mm-airsoft\/"},"modified":"2025-08-21T10:43:55","modified_gmt":"2025-08-21T08:43:55","slug":"we-galaxy-pistole-replika-lila-gbb-6mm-airsoft","status":"publish","type":"product","link":"https:\/\/ak47.nu\/de\/produkt\/airsoft\/grongas\/pistoler-grongas\/we-galaxy-pistole-replika-lila-gbb-6mm-airsoft\/","title":{"rendered":"WE Galaxy Pistole Replika - Lila Airsoft | WE"},"content":{"rendered":"<h1>WE Galaxy Pistole Replika - Lila - Gbb - 6mm Airsoft<\/h1>\n<h2>Vielseitige Airsoft-Replika f\u00fcr Wald, CQB und Speedsoft<\/h2>\n<p>Diese bemerkenswerte Replika des bekannten taiwanesischen Herstellers WE ist aus Metall und hochwertigem Polymer gefertigt. Die WE Galaxy ist keine echte Schusswaffe, sondern eine vielseitige Replika f\u00fcr Waldspiele, CQB oder Speedsoft.<\/p>\n<h3>Hohe Pr\u00e4zision und Reichweite<\/h3>\n<p>Der feste Innenlauf befindet sich im Geh\u00e4use, das auch als Au\u00dfenlauf mit einem 14mm CCW-Gewinde dient. Das Geh\u00e4use h\u00e4lt auch den internen Verschluss, was f\u00fcr exzellente Fokussierung und Reichweite sorgt. Fiberoptische Visiere und zus\u00e4tzliche RIS-Schienen zur Montage von Zubeh\u00f6r wie Optiken oder Beleuchtung sind enthalten. Entdecken Sie unsere Auswahl an <a href=\"https:\/\/ak47.nu\/de\/butik\/\">anderen Airsoft-Pistolen<\/a>, um das richtige Modell f\u00fcr Sie zu finden.<\/p>\n<h3>Wirtschaftlicher Blowback und ergonomisches Design<\/h3>\n<p>Dank des leichten Verschlusses ist die Replika trotz des Blowback-Systems \u00e4u\u00dferst wirtschaftlich. Der untere Teil des Geh\u00e4uses ist nach dem bekannten und gesch\u00e4tzten G-Serien-Vorbild gestaltet, was die Handhabung auch f\u00fcr Benutzer klassischer Repliken einfach macht. F\u00fcr weitere Informationen \u00fcber Airsoft-Spiele besuchen Sie unsere <a href=\"https:\/\/ak47.nu\/de\/airsoft\/\"> Airsoft-Kategorie<\/a>.<\/p>\n<h3>Einzel- und Dauerfeuer sowie Sicherheitsfunktionen<\/h3>\n<p>Die Galaxy Pistole verf\u00fcgt \u00fcber Einzel- und Dauerfeuerm\u00f6glichkeiten dank eines diskret platzierten Schalters. F\u00fcr zus\u00e4tzliche Sicherheit gibt es eine versteckte Sicherung neben dem Abzug. Neu im Airsoft-Bereich? Besuchen Sie <a href=\"https:\/\/ak47.nu\/de\/\">unsere Homepage<\/a>, um mehr zu erfahren.<\/p>\n<h3>Das Set beinhaltet:<\/h3>\n<ul>\n <li>Replika<\/li>\n <li>24 BB Magazin<\/li>\n <li>2x RIS-Schienen<\/li>\n <li>Montageschrauben<\/li>\n <li>Inbusschl\u00fcssel<\/li>\n <li>Anleitung<\/li>\n<\/ul>\n<h3>Spezifikationen:<\/h3>\n<ul>\n <li>Material: Metall + Kunststoff<\/li>\n <li>Antrieb: Green Gas<\/li>\n <li>Gewicht: 900g<\/li>\n <li>Farbe: Lila \/ Schwarz<\/li>\n<\/ul>","protected":false},"excerpt":{"rendered":"<p>WE Galaxy Pistole Replika &#8211; Lila &#8211; Gbb &#8211; 6mm Airsoft Vielseitige Airsoft-Replika f\u00fcr Wald, CQB und Speedsoft Diese bemerkenswerte Replika des bekannten taiwanesischen Herstellers WE ist aus Metall und hochwertigem Polymer gefertigt. Die WE Galaxy ist keine echte Schusswaffe, sondern eine vielseitige Replika f\u00fcr Waldspiele, CQB oder Speedsoft. Hohe Pr\u00e4zision und Reichweite Der feste [&#8230;]","protected":false},"featured_media":35889,"template":"","meta":[],"product_brand":[],"product_cat":[368,410,411],"product_tag":[],"class_list":{"0":"post-35925","1":"product","2":"type-product","3":"status-publish","4":"has-post-thumbnail","6":"product_cat-airsoft","7":"product_cat-grongas","8":"product_cat-pistoler-grongas","9":"pa_brand-we","11":"first","12":"instock","13":"sale","14":"taxable","15":"shipping-taxable","16":"purchasable","17":"product-type-simple"},"_links":{"self":[{"href":"https:\/\/ak47.nu\/de\/wp-json\/wp\/v2\/product\/35925","targetHints":{"allow":["GET"]}}],"collection":[{"href":"https:\/\/ak47.nu\/de\/wp-json\/wp\/v2\/product"}],"about":[{"href":"https:\/\/ak47.nu\/de\/wp-json\/wp\/v2\/types\/product"}],"wp:featuredmedia":[{"embeddable":true,"href":"https:\/\/ak47.nu\/de\/wp-json\/wp\/v2\/media\/35889"}],"wp:attachment":[{"href":"https:\/\/ak47.nu\/de\/wp-json\/wp\/v2\/media?parent=35925"}],"wp:term":[{"taxonomy":"product_brand","embeddable":true,"href":"https:\/\/ak47.nu\/de\/wp-json\/wp\/v2\/product_brand?post=35925"},{"taxonomy":"product_cat","embeddable":true,"href":"https:\/\/ak47.nu\/de\/wp-json\/wp\/v2\/product_cat?post=35925"},{"taxonomy":"product_tag","embeddable":true,"href":"https:\/\/ak47.nu\/de\/wp-json\/wp\/v2\/product_tag?post=35925"}],"curies":[{"name":"wp","href":"https:\/\/api.w.org\/{rel}","templated":true}]}}