{"id":36078,"date":"2022-06-01T11:13:38","date_gmt":"2022-06-01T09:13:38","guid":{"rendered":"https:\/\/ak47.nu\/produkt\/we-e99c-pistol-replica-black-gbb-6mm-airsoft\/"},"modified":"2025-08-21T10:43:44","modified_gmt":"2025-08-21T08:43:44","slug":"we-e99c-pistole-replika-schwarz-gbb-6mm-airsoft","status":"publish","type":"product","link":"https:\/\/ak47.nu\/de\/produkt\/airsoft\/grongas\/pistoler-grongas\/we-e99c-pistole-replika-schwarz-gbb-6mm-airsoft\/","title":{"rendered":"WE E99C Pistole Replika - Schwarz Airsoft | WE"},"content":{"rendered":"<h1>WE - E99C Pistole Replika - Schwarz - Gbb - 6mm Airsoft<\/h1>\n<h2>Kompakte Pistolenreplika mit Metallkonstruktion<\/h2>\n<p>Die WE E99C Pistolenreplika in Schwarz, hergestellt von WE, kombiniert Metall und widerstandsf\u00e4higes Polymer. Der Schlitten, bestimmte Magazinteile und der Getrieberahmen sind aus Metall gefertigt. Die Replika verf\u00fcgt \u00fcber die Markierungen des Herstellers.<\/p>\n<h2>Ergonomisches Design f\u00fcr komfortable Nutzung<\/h2>\n<p>Die Anti-Rutsch-Textur am Griff, der profilierte Abzugsb\u00fcgel und die Fr\u00e4sung am Schlitten machen die Replika auch mit Winterhandschuhen unglaublich bequem zu bedienen. Eine RIS-kompatible Schiene erm\u00f6glicht die Anbringung einer taktischen Taschenlampe oder eines Laservisier. <a href=\"https:\/\/ak47.nu\/de\/butik\/\">Erg\u00e4nzen Sie Ihre Airsoft-Pistole mit dem richtigen Zubeh\u00f6r<\/a> f\u00fcr das beste Erlebnis. Der beidseitige Magazinausl\u00f6ser erm\u00f6glicht eine einfache Bedienung sowohl f\u00fcr Links- als auch f\u00fcr Rechtssch\u00fctzen.<\/p>\n<h2>Funktionen und Leistung<\/h2>\n<p>Die Replika verf\u00fcgt \u00fcber einen funktionellen Decocker, was eine interne Hammerfreigabe bedeutet. Mit einer M\u00fcndungsgeschwindigkeit von ~360 FPS und einer Blowback-Funktion bietet diese <a href=\"https:\/\/ak47.nu\/de\/airsoft\/\">Airsoft-Pistole<\/a> ein realistisches Schie\u00dferlebnis. Das Magazin fasst 13 BBs.<\/p>\n<ul>\n<li>Velocity [FPS]: ~360<\/li>\n<li>Type of fire: Single<\/li>\n<li>Length [mm]: 165<\/li>\n<li>Weight [g]: 585<\/li>\n<li>Magazine type: Low-Cap magazine<\/li>\n<li>Magazine capacity [pcs]: 13<\/li>\n<li>Hop-up: Yes<\/li>\n<li>Blow Back: Yes<\/li>\n<li>Made of: Polymer + metal<\/li>\n<li>Propulsion \/ Powered by: Gas propulsion - Green Gas<\/li>\n<\/ul>\n<p>Diese Replika besteht aus einer Kombination aus Polymer und Metall, was eine gute Balance zwischen Gewicht und Haltbarkeit bietet. Erleben Sie ein realistisches Airsoft-Erlebnis mit der <a href=\"https:\/\/ak47.nu\/de\/\">WE E99C Pistolenreplika<\/a>.<\/p>","protected":false},"excerpt":{"rendered":"<p>WE &#8211; E99C Pistole Replika &#8211; Schwarz &#8211; Gbb &#8211; 6mm Airsoft Kompakte Pistolenreplika mit Metallkonstruktion Die WE E99C Pistolenreplika in Schwarz, hergestellt von WE, kombiniert Metall und widerstandsf\u00e4higes Polymer. Der Schlitten, bestimmte Magazinteile und der Getrieberahmen sind aus Metall gefertigt. Die Replika verf\u00fcgt \u00fcber die Markierungen des Herstellers. Ergonomisches Design f\u00fcr komfortable Nutzung Die [&#8230;]","protected":false},"featured_media":36042,"template":"","meta":[],"product_brand":[],"product_cat":[368,410,411],"product_tag":[],"class_list":{"0":"post-36078","1":"product","2":"type-product","3":"status-publish","4":"has-post-thumbnail","6":"product_cat-airsoft","7":"product_cat-grongas","8":"product_cat-pistoler-grongas","9":"pa_brand-we","11":"first","12":"instock","13":"sale","14":"taxable","15":"shipping-taxable","16":"purchasable","17":"product-type-simple"},"_links":{"self":[{"href":"https:\/\/ak47.nu\/de\/wp-json\/wp\/v2\/product\/36078","targetHints":{"allow":["GET"]}}],"collection":[{"href":"https:\/\/ak47.nu\/de\/wp-json\/wp\/v2\/product"}],"about":[{"href":"https:\/\/ak47.nu\/de\/wp-json\/wp\/v2\/types\/product"}],"wp:featuredmedia":[{"embeddable":true,"href":"https:\/\/ak47.nu\/de\/wp-json\/wp\/v2\/media\/36042"}],"wp:attachment":[{"href":"https:\/\/ak47.nu\/de\/wp-json\/wp\/v2\/media?parent=36078"}],"wp:term":[{"taxonomy":"product_brand","embeddable":true,"href":"https:\/\/ak47.nu\/de\/wp-json\/wp\/v2\/product_brand?post=36078"},{"taxonomy":"product_cat","embeddable":true,"href":"https:\/\/ak47.nu\/de\/wp-json\/wp\/v2\/product_cat?post=36078"},{"taxonomy":"product_tag","embeddable":true,"href":"https:\/\/ak47.nu\/de\/wp-json\/wp\/v2\/product_tag?post=36078"}],"curies":[{"name":"wp","href":"https:\/\/api.w.org\/{rel}","templated":true}]}}