{"id":36790,"date":"2022-08-11T10:59:30","date_gmt":"2022-08-11T08:59:30","guid":{"rendered":"https:\/\/ak47.nu\/produkt\/well-uzi-d-91-aeg-6mm-airsoft\/"},"modified":"2025-12-03T20:33:00","modified_gmt":"2025-12-03T19:33:00","slug":"well-uzi-d-91-aeg-6mm-airsoft","status":"publish","type":"product","link":"https:\/\/ak47.nu\/de\/produkt\/airsoft\/el-drivna\/kulsprutor\/well-uzi-d-91-aeg-6mm-airsoft\/","title":{"rendered":"WELL &#8211; Uzi &#8211; D-91 &#8211; AEG &#8211; 6MM Airsoft"},"content":{"rendered":"<p><strong>D-91 submachine gun replika<\/strong><\/p>\n<p>D-91 Uzi replika tillverkad av f&ouml;retaget Well &auml;r tillverkad av h&ouml;gh&aring;llfast plast. Dess kompakta design och sm&aring; dimensioner g&ouml;r denna uzi extremt bekv&auml;m att anv&auml;nda, medan den f&auml;llbara kolven g&ouml;r att du kan f&aring; extra st&ouml;d n&auml;r du skjuter, p&aring; bekostnad av att storleken p&aring; replikan &ouml;kar. Den monterade inre cylindern av aluminium gjorde det m&ouml;jligt att &ouml;ka precisionen vid skjutning, samtidigt som sannolikheten f&ouml;r kr&aring;ngel minimeras &#8211; en typisk nackdel med replikor som arbetar i kontinuerligt eldl&auml;ge &#8211; praktiskt taget till noll.<\/p>\n<p>Elektrisk drivning m&ouml;jligg&ouml;r kontinuerlig avfyrning med en frekvens p&aring; upp till 350 skott per minut, vilket i kombination med 200 rds magasin garanterar avsev&auml;rd eldkraft. Initial skotthastighet p&aring; 200 FPS g&ouml;r denna replika till en idealisk sidoarm, vilket garanterar f&ouml;rdel vid sammanst&ouml;tningar p&aring; kort distans, med f&ouml;rm&aring;gan att effektivt skjuta p&aring; ett avst&aring;nd p&aring; upp till 20 meter med anv&auml;ndning av 0,12 g BBs. Samtidigt genererar denna hastighet l&aring;g energi, vilket garanterar s&auml;ker anv&auml;ndning.<\/p>\n<p><strong>Settet inkluderar:<\/strong><br \/>&#8211; replika<br \/>&#8211; batteri<br \/>&#8211; laddare<br \/>&#8211; b&auml;rsele<br \/>&#8211; starter set BBs<\/p>\n<p><strong>Detaljer:<\/strong><strong><br \/><\/strong><strong>Uzi submachine gun replika<br \/><\/strong>Hastighet: ~200 FPS<br \/>Drivning: Elektrisk<br \/>Vikt: 830g<br \/>Material: Plast<\/p>","protected":false},"excerpt":{"rendered":"<p>K\u00f6p WELL Uzi D-91 AEG 6MM Airsoft hos oss f\u00f6r en otrolig spelupplevelse. V\u00e5r h\u00f6gkvalitativa airsoftgun \u00e4r perfekt f\u00f6r b\u00e5de nyb\u00f6rjare och erfarna spelare. Utforska v\u00e5rt breda sortiment av airsoftvapen och utrustning idag!<\/p>","protected":false},"featured_media":36754,"template":"","meta":[],"product_brand":[],"product_cat":[402],"product_tag":[],"class_list":{"0":"post-36790","1":"product","2":"type-product","3":"status-publish","4":"has-post-thumbnail","6":"product_cat-kulsprutor","7":"pa_brand-well","9":"first","10":"outofstock","11":"taxable","12":"shipping-taxable","13":"purchasable","14":"product-type-simple"},"_links":{"self":[{"href":"https:\/\/ak47.nu\/de\/wp-json\/wp\/v2\/product\/36790","targetHints":{"allow":["GET"]}}],"collection":[{"href":"https:\/\/ak47.nu\/de\/wp-json\/wp\/v2\/product"}],"about":[{"href":"https:\/\/ak47.nu\/de\/wp-json\/wp\/v2\/types\/product"}],"wp:featuredmedia":[{"embeddable":true,"href":"https:\/\/ak47.nu\/de\/wp-json\/wp\/v2\/media\/36754"}],"wp:attachment":[{"href":"https:\/\/ak47.nu\/de\/wp-json\/wp\/v2\/media?parent=36790"}],"wp:term":[{"taxonomy":"product_brand","embeddable":true,"href":"https:\/\/ak47.nu\/de\/wp-json\/wp\/v2\/product_brand?post=36790"},{"taxonomy":"product_cat","embeddable":true,"href":"https:\/\/ak47.nu\/de\/wp-json\/wp\/v2\/product_cat?post=36790"},{"taxonomy":"product_tag","embeddable":true,"href":"https:\/\/ak47.nu\/de\/wp-json\/wp\/v2\/product_tag?post=36790"}],"curies":[{"name":"wp","href":"https:\/\/api.w.org\/{rel}","templated":true}]}}