{"id":36868,"date":"2022-08-12T09:11:28","date_gmt":"2022-08-12T07:11:28","guid":{"rendered":"https:\/\/ak47.nu\/produkt\/well-p90-smg-d90-h-aeg-6mm-airsoft\/"},"modified":"2025-12-03T20:33:01","modified_gmt":"2025-12-03T19:33:01","slug":"well-p90-d90-h-aeg-6mm-airsoft-maschinenpistolen-replikat","status":"publish","type":"product","link":"https:\/\/ak47.nu\/de\/produkt\/airsoft\/el-drivna\/kulsprutor\/well-p90-d90-h-aeg-6mm-airsoft-maschinenpistolen-replikat\/","title":{"rendered":"WELL P90 D90-H AEG 6mm Airsoft | Maschinenpistolen-Replikat"},"content":{"rendered":"<h1>WELL - P90 SMG - D90-H - AEG - 6MM Airsoft<\/h1>\n<h2>Kompaktes und pr\u00e4zises D90H Maschinenpistolen-Replikat<\/h2>\n<p>Das D90H-Replikat ist, \u00e4hnlich dem Original, fast vollst\u00e4ndig aus widerstandsf\u00e4higem Kunststoff gefertigt. Sein kompaktes Design und seine geringe Gr\u00f6\u00dfe machen es zu einem \u00e4u\u00dferst praktischen Werkzeug, ideal als Prim\u00e4rwaffe f\u00fcr Kurz- und Mittelstreckenk\u00e4mpfe. Der verl\u00e4ngerte Lauf, der weit hinter den Abzug reicht (was typisch f\u00fcr Bullpup-Waffen ist), sorgt f\u00fcr eine erh\u00f6hte Pr\u00e4zision beim Schuss. Die Verwendung des Bullpup-Systems erh\u00f6ht den Benutzerkomfort - das Replikat ist kurz, leicht zu man\u00f6vrieren und sehr stabil, w\u00e4hrend es gleichzeitig pr\u00e4zise bleibt. Suchen Sie eine zuverl\u00e4ssige Airsoft-Waffe? <a href=\"https:\/\/ak47.nu\/de\/butik\/\">Entdecken Sie unsere Auswahl an Airsoft-Gewehren<\/a>!<\/p>\n\n<h2>Vorteile des Bullpup-Designs und hohe Feuerrate<\/h2>\n<p>Das Hopper-Magazin fasst 300 BBs, was in Kombination mit der Genauigkeit, der M\u00f6glichkeit von Dauerfeuer und der theoretischen Feuerrate von 400 Schuss pro Minute dieses Replikat zu einem perfekten Werkzeug f\u00fcr CQB-Spiele macht. Bei Verwendung von 0,12-Gramm-BBs erreicht die M\u00fcndungsgeschwindigkeit 180 FPS. Es ist auch m\u00f6glich, schwerere 0,20-g-BBs zu verwenden, was zu einer leichten Verringerung der Reichweite und Erh\u00f6hung der Pr\u00e4zision der Sch\u00fcsse f\u00fchrt. Verbessern Sie Ihr Airsoft-Erlebnis mit hochwertigem Zubeh\u00f6r. <a href=\"https:\/\/ak47.nu\/de\/airsoft\/\">Sehen Sie sich unsere Auswahl an Airsoft-Zubeh\u00f6r an<\/a>.<\/p>\n\n<h2>Ausr\u00fcstung und Zubeh\u00f6r<\/h2>\n<p>Das Replikat ist mit einer RIS-Schiene ausgestattet, die sich auf der Oberseite \u00fcber dem Magazin befindet. Es erm\u00f6glicht Ihnen, das im Set enthaltene Visier am Replikat anzubringen, oder sogar die im Set enthaltene taktische Taschenlampe. Zus\u00e4tzlich zum Magazin, Visier mit Halterung, Taschenlampe und Batterie enth\u00e4lt das Set mit dem Replikat auch einen Tragegurt und einen Schalld\u00e4mpfer. Willkommen bei https:\/\/ak47.nu\/, um alles zu finden, was Sie brauchen!<\/p>\n\n<h2>Komplettes Set f\u00fcr Training und Spiele<\/h2>\n<p>Das Set wird mit einem Kugelfang geliefert, der ein einfaches Schie\u00dftraining auch in geschlossenen R\u00e4umen erm\u00f6glicht. Dies macht das D90-H zu einer ausgezeichneten Wahl f\u00fcr Anf\u00e4nger und erfahrene Airsoft-Enthusiasten, die ihre Pr\u00e4zision und Taktik verbessern m\u00f6chten.<\/p>\n\n<h3>Das Set beinhaltet:<\/h3>\n<ul>\n<li>Replikat<\/li>\n<li>Magazin<\/li>\n<li>Batterie<\/li>\n<li>Ladeger\u00e4t<\/li>\n<li>Schalld\u00e4mpfer<\/li>\n<li>Tragegurt<\/li>\n<li>Kollimator<\/li>\n<li>Taschenlampe<\/li>\n<li>Kugelfang<\/li>\n<\/ul>\n\n<h3>Details:<\/h3>\n<ul>\n<li>P90 Maschinenpistolen-Replikat<\/li>\n<li>Geschwindigkeit: ~180 FPS<\/li>\n<li>Antrieb: Elektrisch<\/li>\n<li>Gewicht: 1112g<\/li>\n<li>Material: Kunststoff<\/li>\n<\/ul>","protected":false},"excerpt":{"rendered":"<p>K\u00f6p WELL P90 SMG D90-H AEG 6MM Airsoft &#8211; B\u00e4sta priser och h\u00f6g kvalitet. Utforska v\u00e5rt sortiment av WELL P90 SMG D90-H AEG 6MM Airsoft f\u00f6r en fantastisk spelupplevelse. Best\u00e4ll idag och njut av snabb leverans och p\u00e5litlig service.<\/p>","protected":false},"featured_media":36832,"template":"","meta":[],"product_brand":[],"product_cat":[402],"product_tag":[],"class_list":{"0":"post-36868","1":"product","2":"type-product","3":"status-publish","4":"has-post-thumbnail","6":"product_cat-kulsprutor","7":"pa_brand-well","9":"first","10":"outofstock","11":"taxable","12":"shipping-taxable","13":"purchasable","14":"product-type-simple"},"_links":{"self":[{"href":"https:\/\/ak47.nu\/de\/wp-json\/wp\/v2\/product\/36868","targetHints":{"allow":["GET"]}}],"collection":[{"href":"https:\/\/ak47.nu\/de\/wp-json\/wp\/v2\/product"}],"about":[{"href":"https:\/\/ak47.nu\/de\/wp-json\/wp\/v2\/types\/product"}],"wp:featuredmedia":[{"embeddable":true,"href":"https:\/\/ak47.nu\/de\/wp-json\/wp\/v2\/media\/36832"}],"wp:attachment":[{"href":"https:\/\/ak47.nu\/de\/wp-json\/wp\/v2\/media?parent=36868"}],"wp:term":[{"taxonomy":"product_brand","embeddable":true,"href":"https:\/\/ak47.nu\/de\/wp-json\/wp\/v2\/product_brand?post=36868"},{"taxonomy":"product_cat","embeddable":true,"href":"https:\/\/ak47.nu\/de\/wp-json\/wp\/v2\/product_cat?post=36868"},{"taxonomy":"product_tag","embeddable":true,"href":"https:\/\/ak47.nu\/de\/wp-json\/wp\/v2\/product_tag?post=36868"}],"curies":[{"name":"wp","href":"https:\/\/api.w.org\/{rel}","templated":true}]}}