{"id":37125,"date":"2022-09-05T09:29:29","date_gmt":"2022-09-05T07:29:29","guid":{"rendered":"https:\/\/ak47.nu\/produkt\/gfc-tactical-speed-pouch-for-single-pistol-magasin-svart\/"},"modified":"2025-08-21T10:42:22","modified_gmt":"2025-08-21T08:42:22","slug":"gfc-tactical-speed-pouch-pistolenmagazin-schwarz","status":"publish","type":"product","link":"https:\/\/ak47.nu\/de\/produkt\/zubehor-2\/ovriga-tillbehor\/gfc-tactical-speed-pouch-pistolenmagazin-schwarz\/","title":{"rendered":"GFC Tactical Speed Pouch Pistolenmagazin - Schwarz"},"content":{"rendered":"<h1>GFC Tactical Speed Pouch f\u00fcr Pistolenmagazine - Schwarz<\/h1>\n<h2>Schneller Zugriff und leichtes Design<\/h2>\n<p><strong>Speed Pouch f\u00fcr einzelne Pistolenmagazine - Schwarz<\/strong>. Eine Speed Pouch f\u00fcr ein einzelnes Pistolenmagazin aus strapazierf\u00e4higem Nylon. Bitte beachten Sie, dass das Magazin nicht im Lieferumfang enthalten ist.<\/p>\n<h3>MOLLE-kompatible und elastische Konstruktion<\/h3>\n<p>Diese Speed Pouch ist teilweise aus elastischem Material gefertigt, was einen schnellen Zugriff auf das Magazin erm\u00f6glicht. Das Material reduziert auch das Gewicht und den Platzbedarf Ihrer Ausr\u00fcstung. Dank des <a href=\"https:\/\/ak47.nu\/de\/zubehor-2\/ovriga-tillbehor\/\">MOLLE-Systems<\/a> k\u00f6nnen Sie die Tasche einfach an Ihrer restlichen Ausr\u00fcstung befestigen. Perfekt f\u00fcr alle, die ihre Magazine einfach und leicht verstauen m\u00f6chten.<\/p>\n<p>Verbessern Sie Ihre Ausr\u00fcstung mit dieser praktischen <a href=\"https:\/\/ak47.nu\/de\/butik\/\">GFC Tactical Speed Pouch<\/a>. Die robuste Konstruktion und das intelligente Design machen sie zu einem zuverl\u00e4ssigen Begleiter im Feld. Weitere hochwertige Produkte finden Sie auf unserer <a href=\"https:\/\/ak47.nu\/de\/\">Website<\/a>.<\/p>\n<ul>\n <li><strong>Material:<\/strong> Strapazierf\u00e4higes Nylon und elastisches Material<\/li>\n <li><strong>Kompatibilit\u00e4t:<\/strong> MOLLE-System<\/li>\n <li><strong>Farbe:<\/strong> Schwarz<\/li>\n <li><strong>Funktion:<\/strong> Schneller Zugriff auf das Magazin<\/li>\n<\/ul>","protected":false},"excerpt":{"rendered":"<p>K\u00f6p GFC Tactical Speed Pouch f\u00f6r single pistol magasin i svart &#8211; Perfekt f\u00f6r snabb och smidig \u00e5tkomst av ditt magasin. Uppt\u00e4ck v\u00e5rt breda sortiment av vapentillbeh\u00f6r hos GFC Tactical.<\/p>","protected":false},"featured_media":37109,"template":"","meta":[],"product_brand":[],"product_cat":[475,450],"product_tag":[],"class_list":{"0":"post-37125","1":"product","2":"type-product","3":"status-publish","4":"has-post-thumbnail","6":"product_cat-ovriga-tillbehor","7":"product_cat-tillbehor-2","8":"pa_brand-gfc-tactical","10":"first","11":"instock","12":"sale","13":"taxable","14":"shipping-taxable","15":"purchasable","16":"product-type-simple"},"_links":{"self":[{"href":"https:\/\/ak47.nu\/de\/wp-json\/wp\/v2\/product\/37125","targetHints":{"allow":["GET"]}}],"collection":[{"href":"https:\/\/ak47.nu\/de\/wp-json\/wp\/v2\/product"}],"about":[{"href":"https:\/\/ak47.nu\/de\/wp-json\/wp\/v2\/types\/product"}],"wp:featuredmedia":[{"embeddable":true,"href":"https:\/\/ak47.nu\/de\/wp-json\/wp\/v2\/media\/37109"}],"wp:attachment":[{"href":"https:\/\/ak47.nu\/de\/wp-json\/wp\/v2\/media?parent=37125"}],"wp:term":[{"taxonomy":"product_brand","embeddable":true,"href":"https:\/\/ak47.nu\/de\/wp-json\/wp\/v2\/product_brand?post=37125"},{"taxonomy":"product_cat","embeddable":true,"href":"https:\/\/ak47.nu\/de\/wp-json\/wp\/v2\/product_cat?post=37125"},{"taxonomy":"product_tag","embeddable":true,"href":"https:\/\/ak47.nu\/de\/wp-json\/wp\/v2\/product_tag?post=37125"}],"curies":[{"name":"wp","href":"https:\/\/api.w.org\/{rel}","templated":true}]}}