{"id":37166,"date":"2022-09-05T11:12:31","date_gmt":"2022-09-05T09:12:31","guid":{"rendered":"https:\/\/ak47.nu\/produkt\/primal-gear-shemagh-scarf-oliv\/"},"modified":"2025-08-21T10:42:13","modified_gmt":"2025-08-21T08:42:13","slug":"primal-gear-shemagh-schal-olive","status":"publish","type":"product","link":"https:\/\/ak47.nu\/de\/produkt\/zubehor-2\/ovriga-tillbehor\/primal-gear-shemagh-schal-olive\/","title":{"rendered":"Primal Gear Shemagh Schal Olive | Arafat Tuch"},"content":{"rendered":"<h1>Primal Gear Shemagh Schal - Olive<\/h1>\n<h2>Traditionelle arabische Kopfbedeckung f&uuml;r viele Gelegenheiten<\/h2>\n<p>Der Shemagh\/Keffiyeh, auch bekannt als Arafat-Tuch, ist eine traditionelle arabische Kopfbedeckung mit unz&auml;hligen Verwendungsm&ouml;glichkeiten und vielen Tragevarianten. Dieses olivfarbene Arafat-Tuch von Primal Gear wird in Pakistan aus 100 % hochwertiger Baumwolle hergestellt, was es sowohl strapazierf&auml;hig als auch bequem macht. Entdecken Sie alle Verwendungsm&ouml;glichkeiten dieses klassischen Accessoires. Viele weitere <a href=\"https:\/\/ak47.nu\/de\/butik\/\">Primal Gear Zubeh&ouml;rteile<\/a> finden Sie in unserem Sortiment.<\/p>\n<h3>Hochwertiges Material und Abmessungen<\/h3>\n<ul>\n <li><strong>Material:<\/strong> 100% Baumwolle<\/li>\n <li><strong>Abmessungen:<\/strong> 110 x 110 cm<\/li>\n <li><strong>Gewicht:<\/strong> 150g<\/li>\n <li><strong>Farbe:<\/strong> Olive<\/li>\n <li><strong>Hersteller:<\/strong> Primal Gear<\/li>\n<\/ul>\n<p>Verwenden Sie Ihr Arafat-Tuch als Schutz vor Sonne, Wind oder Sand oder als stylisches Accessoire. Die gro&szlig;e Gr&ouml;&szlig;e (110 x 110 cm) bietet Ihnen viele M&ouml;glichkeiten, die Trageart an Ihre Bed&uuml;rfnisse anzupassen. Suchen Sie weitere Optionen? Schauen Sie sich unsere <a href=\"https:\/\/ak47.nu\/de\/zubehor-2\/ovriga-tillbehor\/\">Kategorie f&uuml;r Schals und T&uuml;cher<\/a> an, um das Richtige f&uuml;r Sie zu finden. Weitere Produkte von Primal Gear finden Sie auf <a href=\"https:\/\/ak47.nu\/de\/\">unserer Website<\/a>.<\/p>","protected":false},"excerpt":{"rendered":"<p>K\u00f6p din Primal Gear olivf\u00e4rgade Shemagh Scarf online hos oss. Perfekt f\u00f6r utomhusaktiviteter och ger dig ett stilfullt och funktionellt tillbeh\u00f6r. H\u00f6g kvalitet till b\u00e4sta pris. Best\u00e4ll nu!<\/p>","protected":false},"featured_media":37158,"template":"","meta":[],"product_brand":[],"product_cat":[475,450],"product_tag":[],"class_list":{"0":"post-37166","1":"product","2":"type-product","3":"status-publish","4":"has-post-thumbnail","6":"product_cat-ovriga-tillbehor","7":"product_cat-tillbehor-2","8":"pa_brand-primal-gear","9":"pa_farg-oliv","11":"first","12":"instock","13":"sale","14":"taxable","15":"shipping-taxable","16":"purchasable","17":"product-type-simple"},"_links":{"self":[{"href":"https:\/\/ak47.nu\/de\/wp-json\/wp\/v2\/product\/37166","targetHints":{"allow":["GET"]}}],"collection":[{"href":"https:\/\/ak47.nu\/de\/wp-json\/wp\/v2\/product"}],"about":[{"href":"https:\/\/ak47.nu\/de\/wp-json\/wp\/v2\/types\/product"}],"wp:featuredmedia":[{"embeddable":true,"href":"https:\/\/ak47.nu\/de\/wp-json\/wp\/v2\/media\/37158"}],"wp:attachment":[{"href":"https:\/\/ak47.nu\/de\/wp-json\/wp\/v2\/media?parent=37166"}],"wp:term":[{"taxonomy":"product_brand","embeddable":true,"href":"https:\/\/ak47.nu\/de\/wp-json\/wp\/v2\/product_brand?post=37166"},{"taxonomy":"product_cat","embeddable":true,"href":"https:\/\/ak47.nu\/de\/wp-json\/wp\/v2\/product_cat?post=37166"},{"taxonomy":"product_tag","embeddable":true,"href":"https:\/\/ak47.nu\/de\/wp-json\/wp\/v2\/product_tag?post=37166"}],"curies":[{"name":"wp","href":"https:\/\/api.w.org\/{rel}","templated":true}]}}