{"id":37251,"date":"2022-09-05T13:55:27","date_gmt":"2022-09-05T11:55:27","guid":{"rendered":"https:\/\/ak47.nu\/produkt\/gfc-accessories-m4-m16-magasin-liknande-snabbladdare-gron\/"},"modified":"2026-02-25T09:12:31","modified_gmt":"2026-02-25T08:12:31","slug":"gfc-m4-m16-magazin-schnelllader-gruen","status":"publish","type":"product","link":"https:\/\/ak47.nu\/de\/produkt\/zubehor-2\/ovriga-tillbehor\/gfc-m4-m16-magazin-schnelllader-gruen\/","title":{"rendered":"GFC M4\/M16 Speed Loader - Gr\u00fcn | GFC Accessories"},"content":{"rendered":"<h1>GFC Accessories - M4\/M16 Magazin-Schnelllader - Gr\u00fcn<\/h1>\n<h2>Beschleunigen Sie Ihr Laden mit einem Magazin-Schnelllader<\/h2>\n<p>Dieser <strong>GFC Accessories M4\/M16 Magazin-Schnelllader in Gr\u00fcn<\/strong> ist aus halbtransparentem Polymer gefertigt und wurde entwickelt, um das Laden Ihrer Airsoft-Magazine schneller und effizienter zu gestalten. Perfekt f\u00fcr Mid-, Low- und Real-Cap-Magazine sowie alle Arten von Granaten oder Minen. Dank seines Designs, das einem M4\/M16-Magazin \u00e4hnelt, kann er einfach in einer Magazintasche verstaut werden.<\/p>\n<h3>Funktionen und Vorteile:<\/h3>\n<ul>\n <li><strong>Schnelles und genaues Laden:<\/strong> L\u00e4dt Ihre Magazine schnell und effizient.<\/li>\n <li><strong>Magazin\u00e4hnliches Design:<\/strong> Einfach zu verstauen und im Feld zu verwenden.<\/li>\n <li><strong>Adapter enthalten:<\/strong> Macht das Bef\u00fcllen Ihrer Magazine noch einfacher.<\/li>\n<\/ul>\n<p>Mit einer Kapazit\u00e4t von ~400 BBs und aus strapazierf\u00e4higem Polymer gefertigt, ist dieser Speed Loader ein Muss f\u00fcr Airsoft-Enthusiasten. Die gr\u00fcne Farbe macht es einfach, ihn in Ihrer Ausr\u00fcstung zu identifizieren.<\/p>\n\n<p><strong>Spezifikationen:<\/strong><\/p>\n<ul>\n <li><strong>Material:<\/strong> Polymer<\/li>\n <li><strong>Kapazit\u00e4t:<\/strong> ~400 BBs<\/li>\n <li><strong>Farbe:<\/strong> Gr\u00fcn<\/li>\n <li><strong>Gewicht:<\/strong> 85 g<\/li>\n<\/ul>\n\n<p>Verbessern Sie Ihr Airsoft-Erlebnis mit diesem praktischen <a href=\"https:\/\/ak47.nu\/de\/butik\/\">GFC Accessories Speed Loader<\/a>. Verstauen Sie ihn bequem mit Ihrer anderen Ausr\u00fcstung in <a href=\"https:\/\/ak47.nu\/de\/zubehor-2\/ovriga-tillbehor\/\">unseren Magazintaschen<\/a>. Besuchen Sie <a href=\"https:\/\/ak47.nu\/de\/\">unsere Website<\/a> f\u00fcr mehr Airsoft-Zubeh\u00f6r!<\/p>","protected":false},"excerpt":{"rendered":"<p>K\u00f6p GFC Accessories M4\/M16 Magasin liknande snabbladdare i gr\u00f6n f\u00e4rg. Snabb och effektiv laddning f\u00f6r dina vapen. Best\u00e4ll nu och f\u00e5 snabb leverans. Perfekt tillbeh\u00f6r f\u00f6r airsoft och milit\u00e4ra entusiaster.<\/p>","protected":false},"featured_media":37243,"template":"","meta":[],"product_brand":[],"product_cat":[475],"product_tag":[],"class_list":{"0":"post-37251","1":"product","2":"type-product","3":"status-publish","4":"has-post-thumbnail","6":"product_cat-ovriga-tillbehor","7":"pa_brand-gfc-accessories","8":"pa_farg-gron","10":"first","11":"outofstock","12":"taxable","13":"shipping-taxable","14":"purchasable","15":"product-type-simple"},"_links":{"self":[{"href":"https:\/\/ak47.nu\/de\/wp-json\/wp\/v2\/product\/37251","targetHints":{"allow":["GET"]}}],"collection":[{"href":"https:\/\/ak47.nu\/de\/wp-json\/wp\/v2\/product"}],"about":[{"href":"https:\/\/ak47.nu\/de\/wp-json\/wp\/v2\/types\/product"}],"wp:featuredmedia":[{"embeddable":true,"href":"https:\/\/ak47.nu\/de\/wp-json\/wp\/v2\/media\/37243"}],"wp:attachment":[{"href":"https:\/\/ak47.nu\/de\/wp-json\/wp\/v2\/media?parent=37251"}],"wp:term":[{"taxonomy":"product_brand","embeddable":true,"href":"https:\/\/ak47.nu\/de\/wp-json\/wp\/v2\/product_brand?post=37251"},{"taxonomy":"product_cat","embeddable":true,"href":"https:\/\/ak47.nu\/de\/wp-json\/wp\/v2\/product_cat?post=37251"},{"taxonomy":"product_tag","embeddable":true,"href":"https:\/\/ak47.nu\/de\/wp-json\/wp\/v2\/product_tag?post=37251"}],"curies":[{"name":"wp","href":"https:\/\/api.w.org\/{rel}","templated":true}]}}