{"id":37344,"date":"2022-09-06T14:56:31","date_gmt":"2022-09-06T12:56:31","guid":{"rendered":"https:\/\/ak47.nu\/produkt\/element-airsoft-kamouflagetejp-skog\/"},"modified":"2025-12-07T15:04:34","modified_gmt":"2025-12-07T14:04:34","slug":"element-airsoft-tarnband-wald","status":"publish","type":"product","link":"https:\/\/ak47.nu\/de\/produkt\/zubehor-2\/ovriga-tillbehor\/element-airsoft-tarnband-wald\/","title":{"rendered":"Element Airsoft Tarnband - Wald"},"content":{"rendered":"<h1>Element Airsoft Tarnband - Wald<\/h1>\n\n<h2>Tarnband f\u00fcr Repliken und Ausr\u00fcstung<\/h2>\n\n<p>Dieses <strong>Tarnband von Element Airsoft<\/strong> ist aus Baumwolle gefertigt und eignet sich perfekt zum Tarnen Ihrer Airsoft-Repliken und anderer Ausr\u00fcstung. Dank seiner Flexibilit\u00e4t ist es einfach anzubringen und haftet gut auf allen Arten von Formen und Oberfl\u00e4chen. Sie k\u00f6nnen Ihre Repliken ganz einfach vor dem Gegner verstecken, ohne sie bemalen zu m\u00fcssen.<\/p>\n\n<h3>Eigenschaften:<\/h3>\n<ul>\n    <li><strong>Einfache Anwendung:<\/strong> Dank seiner Flexibilit\u00e4t l\u00e4sst sich das Band einfach auf verschiedenen Formen und Oberfl\u00e4chen anbringen.<\/li>\n    <li><strong>Wiederverwendbar:<\/strong> Perfekt f\u00fcr alle, die ihre Airsoft-Repliken tarnen m\u00f6chten, ohne Farbe zu verwenden.<\/li>\n    <li><strong>Vielseitige Verwendung:<\/strong> Wird zum Tarnen von Repliken und anderer Hardware verwendet.<\/li>\n<\/ul>\n\n<h3>Spezifikationen:<\/h3>\n<ul>\n    <li><strong>Gewicht:<\/strong> 25g<\/li>\n    <li><strong>Breite:<\/strong> 50mm<\/li>\n    <li><strong>L\u00e4nge:<\/strong> 2m<\/li>\n    <li><strong>Farbe:<\/strong> Wald<\/li>\n    <li><strong>Hersteller:<\/strong> Element<\/li>\n<\/ul>\n\n<p>Suchen Sie nach weiteren Optionen zur Verbesserung Ihrer Ausr\u00fcstung? Sehen Sie sich unser Angebot an <a href=\"https:\/\/ak47.nu\/de\/butik\/\">anderem Airsoft-Zubeh\u00f6r<\/a> an, um das zu finden, was Sie ben\u00f6tigen. Entdecken Sie auch unsere <a href=\"https:\/\/ak47.nu\/de\/zubehor-2\/ovriga-tillbehor\/\">Tarnausr\u00fcstung<\/a>, um Ihre Tarnung zu vervollst\u00e4ndigen. Unser gesamtes Sortiment finden Sie auf <a href=\"https:\/\/ak47.nu\/de\/\">unserer Website<\/a>.<\/p>","protected":false},"excerpt":{"rendered":"<p>K\u00f6p Element Airsoft kamouflagetejp f\u00f6r skogsmilj\u00f6 online. Perfekt f\u00f6r att smidigt d\u00f6lja din utrustning i skogen. H\u00f6gkvalitativ och slitstark kamouflagetejp till ett bra pris. Best\u00e4ll idag och f\u00e5 snabb leverans.<\/p>","protected":false},"featured_media":37340,"template":"","meta":[],"product_brand":[],"product_cat":[475],"product_tag":[],"class_list":{"0":"post-37344","1":"product","2":"type-product","3":"status-publish","4":"has-post-thumbnail","6":"product_cat-ovriga-tillbehor","7":"pa_brand-element-airsoft","8":"pa_farg-gron","10":"first","11":"instock","12":"sale","13":"taxable","14":"shipping-taxable","15":"purchasable","16":"product-type-simple"},"_links":{"self":[{"href":"https:\/\/ak47.nu\/de\/wp-json\/wp\/v2\/product\/37344","targetHints":{"allow":["GET"]}}],"collection":[{"href":"https:\/\/ak47.nu\/de\/wp-json\/wp\/v2\/product"}],"about":[{"href":"https:\/\/ak47.nu\/de\/wp-json\/wp\/v2\/types\/product"}],"wp:featuredmedia":[{"embeddable":true,"href":"https:\/\/ak47.nu\/de\/wp-json\/wp\/v2\/media\/37340"}],"wp:attachment":[{"href":"https:\/\/ak47.nu\/de\/wp-json\/wp\/v2\/media?parent=37344"}],"wp:term":[{"taxonomy":"product_brand","embeddable":true,"href":"https:\/\/ak47.nu\/de\/wp-json\/wp\/v2\/product_brand?post=37344"},{"taxonomy":"product_cat","embeddable":true,"href":"https:\/\/ak47.nu\/de\/wp-json\/wp\/v2\/product_cat?post=37344"},{"taxonomy":"product_tag","embeddable":true,"href":"https:\/\/ak47.nu\/de\/wp-json\/wp\/v2\/product_tag?post=37344"}],"curies":[{"name":"wp","href":"https:\/\/api.w.org\/{rel}","templated":true}]}}