{"id":49384,"date":"2022-11-01T13:19:42","date_gmt":"2022-11-01T12:19:42","guid":{"rendered":"https:\/\/ak47.nu\/produkt\/replika-winchester-karbingevar-usa-1892-82-cm-massing-2\/"},"modified":"2025-12-03T21:32:44","modified_gmt":"2025-12-03T20:32:44","slug":"winchester-1892-replika-karabiner-82cm-messing","status":"publish","type":"product","link":"https:\/\/ak47.nu\/de\/produkt\/replikor\/gevar-replikor\/winchester-1892-replika-karabiner-82cm-messing\/","title":{"rendered":"Winchester 1892 Replika Karabiner - 82cm Messing"},"content":{"rendered":"<h1>Winchester 1892 Replika Karabiner USA - 82 CM - Messing<\/h1>\n<h2>Authentische Nachbildung des Winchester Karabiners von 1892<\/h2>\n<p>Diese spektakul\u00e4re 82 cm Replika des Winchester Karabiners von 1892, hergestellt von Kolser, bietet ein authentisches Aussehen und Gef\u00fchl. Sie besteht aus Metall und hochwertigem Harz, das behandelt wurde, um echtem Holz zu \u00e4hneln, was sowohl Realismus als auch Haltbarkeit bietet. Dieses Modell ist ideal f\u00fcr Dekoration, historische Nachstellungen und Sammler. Bitte beachten Sie, dass Replika-Patronen und einige wenige Platzpatronen enthalten sind. Spielzeug-Knallkapseln (12 Ringe) passen zu diesen Patronen.<\/p>\n<p><strong>Hinweis:<\/strong> Dieses Gewehr kann keine echten Patronen abfeuern und ist nur f\u00fcr Dekorationszwecke, historische Nachstellungen oder \u00e4hnliches gedacht. Es wird nicht empfohlen, Patronen ohne Platzpatronen zu verwenden, da dies das Gewehr und\/oder die Patrone besch\u00e4digen kann. Es wird auch empfohlen, die Teile des Mechanismus gelegentlich zu \u00f6len.<\/p>\n<h3>Funktionsf\u00e4higer Unterhebel und Patronenauswurf<\/h3>\n<p>Die Replika hat \u00e4hnliches Gewicht und Abmessungen wie das Original und verf\u00fcgt \u00fcber einen funktionierenden Unterhebel. Das Modell verf\u00fcgt auch \u00fcber ein Patronenauswurf- und Nachladesystem, was bedeutet, dass Patronen zugef\u00fchrt und mit dem Hebel geladen werden k\u00f6nnen. Es k\u00f6nnen keine Patronen abgefeuert werden; wir empfehlen die Verwendung von 12-Ring-Knallkapseln f\u00fcr diese Replika (nicht 8-Ring, da diese zu klein sind). Dieses Gewehr ist perfekt f\u00fcr diejenigen, die ihre <a href=\"https:\/\/ak47.nu\/de\/\">Sammlung vervollst\u00e4ndigen<\/a> oder es als <a href=\"https:\/\/ak47.nu\/de\/replikor\/gevar-replikor\/\">stilvolle Dekoration<\/a> verwenden m\u00f6chten.<\/p>\n<ul>\n<li><strong>Material:<\/strong> Metall und hochwertiges Harz<\/li>\n<li><strong>L\u00e4nge:<\/strong> 82 cm<\/li>\n<li><strong>Funktion:<\/strong> Funktionsf\u00e4higer Unterhebel und Patronenauswurfsystem<\/li>\n<li><strong>Verwendung:<\/strong> Dekoration, historische Nachstellung<\/li>\n<li><strong>Farbe:<\/strong> Messing<\/li>\n<\/ul>\n<p>Diese Karabiner Modell 21 USA 1892 Gewehrreplika ist in Schwarz, Messing und Grau erh\u00e4ltlich und ist ein einzigartiges Sammlerst\u00fcck. Verpassen Sie nicht die Chance, ein St\u00fcck Geschichte zu besitzen! <a href=\"https:\/\/ak47.nu\/de\/butik\/\">Entdecken Sie noch heute unser Angebot an Replika-Waffen<\/a>.<\/p>","protected":false},"excerpt":{"rendered":"<p>K\u00f6p en replika av det ber\u00f6mda Winchester karbingev\u00e4ret USA 1892 i m\u00e4ssing, med en l\u00e4ngd p\u00e5 82 cm. Perfekt f\u00f6r samlare och historieentusiaster. Best\u00e4ll nu och f\u00e5 en autentisk upplevelse av det legendariska vapnet.<\/p>","protected":false},"featured_media":49368,"template":"","meta":[],"product_brand":[],"product_cat":[446],"product_tag":[],"class_list":{"0":"post-49384","1":"product","2":"type-product","3":"status-publish","4":"has-post-thumbnail","6":"product_cat-gevar-replikor","7":"pa_brand-kolser","8":"pa_farg-brons","10":"first","11":"outofstock","12":"taxable","13":"shipping-taxable","14":"purchasable","15":"product-type-simple"},"_links":{"self":[{"href":"https:\/\/ak47.nu\/de\/wp-json\/wp\/v2\/product\/49384","targetHints":{"allow":["GET"]}}],"collection":[{"href":"https:\/\/ak47.nu\/de\/wp-json\/wp\/v2\/product"}],"about":[{"href":"https:\/\/ak47.nu\/de\/wp-json\/wp\/v2\/types\/product"}],"wp:featuredmedia":[{"embeddable":true,"href":"https:\/\/ak47.nu\/de\/wp-json\/wp\/v2\/media\/49368"}],"wp:attachment":[{"href":"https:\/\/ak47.nu\/de\/wp-json\/wp\/v2\/media?parent=49384"}],"wp:term":[{"taxonomy":"product_brand","embeddable":true,"href":"https:\/\/ak47.nu\/de\/wp-json\/wp\/v2\/product_brand?post=49384"},{"taxonomy":"product_cat","embeddable":true,"href":"https:\/\/ak47.nu\/de\/wp-json\/wp\/v2\/product_cat?post=49384"},{"taxonomy":"product_tag","embeddable":true,"href":"https:\/\/ak47.nu\/de\/wp-json\/wp\/v2\/product_tag?post=49384"}],"curies":[{"name":"wp","href":"https:\/\/api.w.org\/{rel}","templated":true}]}}