{"id":49461,"date":"2022-11-02T14:09:41","date_gmt":"2022-11-02T13:09:41","guid":{"rendered":"https:\/\/ak47.nu\/produkt\/replika-winchester-mares-leg-karbingevar-55-cm-gra\/"},"modified":"2025-08-21T10:40:52","modified_gmt":"2025-08-21T08:40:52","slug":"replika-winchester-mares-leg-karabiner-55cm-grau","status":"publish","type":"product","link":"https:\/\/ak47.nu\/de\/produkt\/replikor\/aldre-vapen\/replika-winchester-mares-leg-karabiner-55cm-grau\/","title":{"rendered":"Replika Winchester Mare's Leg Karabiner - 55cm - Grau"},"content":{"rendered":"<h1>Replika Winchester Mare's Leg Karabiner - 55 CM - Grau<\/h1>\n<h2>Dekorative Replika der Winchester Mare's Leg<\/h2>\n<p>Diese Replika einer Winchester Mare's Leg, hergestellt von Kolser, ist eine originalgetreue Nachbildung des klassischen Karabiners. Mit einer L\u00e4nge von 55 cm und einer grauen Oberfl\u00e4che f\u00e4ngt diese Replika die Details und das Gef\u00fchl des Originals ein. Perfekt f\u00fcr Dekoration und Sammler, die historische Waffen sch\u00e4tzen.<\/p>\n<h3>Authentisches Design und Materialien<\/h3>\n<p>Die Replika besteht aus Metall und hochdichtem Harz, das Holz imitiert und ihr sowohl die Haptik als auch das Aussehen einer echten Winchester Mare's Leg verleiht. Die Oberfl\u00e4che ist grau, was zum authentischen Aussehen beitr\u00e4gt.<\/p>\n<ul>\n <li><strong>Material:<\/strong> Metall und hochdichtes Harz<\/li>\n <li><strong>Oberfl\u00e4che:<\/strong> Grau<\/li>\n <li><strong>L\u00e4nge:<\/strong> 55 cm<\/li>\n <li><strong>Mechanismus:<\/strong> Funktioneller Unterhebelrepetierer (ohne H\u00fclsenauswurf- und Nachladesystem)<\/li>\n<\/ul>\n<h3>Verwendung und Pflege<\/h3>\n<p>Diese Replika ist nur zur Dekoration bestimmt und kann nicht zum Schie\u00dfen verwendet werden. Der Mechanismus ist in dem Sinne funktionell, dass er einen Unterhebelrepetierer hat, aber er hat kein H\u00fclsenauswurf- und Nachladesystem. Es wird empfohlen, die Teile des Mechanismus regelm\u00e4\u00dfig zu \u00f6len, um einen reibungslosen Betrieb zu gew\u00e4hrleisten.<\/p>\n<p>Beachten Sie, dass, obwohl es m\u00f6glich ist, Replika-Kugeln einzusetzen, der Mechanismus nicht daf\u00fcr vorgesehen ist und die Kugeln stecken bleiben k\u00f6nnen. Diese Replika ist ideal f\u00fcr Sammler, Theaterrequisiten oder als dekoratives Element im Haus. Entdecken Sie weitere <a href=\"https:\/\/ak47.nu\/de\/butik\/\">Replica-Waffen<\/a> in unserem Sortiment. Besuchen Sie unsere <a href=\"https:\/\/ak47.nu\/de\/replikor\/aldre-vapen\/\">Waffenkategorie<\/a>, um das gesamte Sortiment zu sehen, oder besuchen Sie die <a href=\"https:\/\/ak47.nu\/de\/\">Homepage<\/a>, um andere Produkte zu sehen.<\/p>","protected":false},"excerpt":{"rendered":"<p>K\u00f6p en replika av Winchester Mare\u00b4s Leg karbingev\u00e4r i gr\u00e5tt, med en l\u00e4ngd p\u00e5 55 cm. Perfekt f\u00f6r samlare och vapenentusiaster. Best\u00e4ll nu f\u00f6r snabb leverans och bra priser.<\/p>","protected":false},"featured_media":49445,"template":"","meta":[],"product_brand":[],"product_cat":[447,441],"product_tag":[],"class_list":{"0":"post-49461","1":"product","2":"type-product","3":"status-publish","4":"has-post-thumbnail","6":"product_cat-aldre-vapen","7":"product_cat-replikor","8":"pa_brand-kolser","9":"pa_farg-metall-utseende","11":"first","12":"onbackorder","13":"sale","14":"taxable","15":"shipping-taxable","16":"purchasable","17":"product-type-simple"},"_links":{"self":[{"href":"https:\/\/ak47.nu\/de\/wp-json\/wp\/v2\/product\/49461","targetHints":{"allow":["GET"]}}],"collection":[{"href":"https:\/\/ak47.nu\/de\/wp-json\/wp\/v2\/product"}],"about":[{"href":"https:\/\/ak47.nu\/de\/wp-json\/wp\/v2\/types\/product"}],"wp:featuredmedia":[{"embeddable":true,"href":"https:\/\/ak47.nu\/de\/wp-json\/wp\/v2\/media\/49445"}],"wp:attachment":[{"href":"https:\/\/ak47.nu\/de\/wp-json\/wp\/v2\/media?parent=49461"}],"wp:term":[{"taxonomy":"product_brand","embeddable":true,"href":"https:\/\/ak47.nu\/de\/wp-json\/wp\/v2\/product_brand?post=49461"},{"taxonomy":"product_cat","embeddable":true,"href":"https:\/\/ak47.nu\/de\/wp-json\/wp\/v2\/product_cat?post=49461"},{"taxonomy":"product_tag","embeddable":true,"href":"https:\/\/ak47.nu\/de\/wp-json\/wp\/v2\/product_tag?post=49461"}],"curies":[{"name":"wp","href":"https:\/\/api.w.org\/{rel}","templated":true}]}}