{"id":49513,"date":"2022-11-02T14:10:22","date_gmt":"2022-11-02T13:10:22","guid":{"rendered":"https:\/\/ak47.nu\/produkt\/replika-winchester-mares-leg-karbingevar-55-cm-svart-2\/"},"modified":"2025-12-03T21:32:56","modified_gmt":"2025-12-03T20:32:56","slug":"replika-winchester-mares-leg-55cm-schwarz","status":"publish","type":"product","link":"https:\/\/ak47.nu\/de\/produkt\/replikor\/aldre-vapen\/replika-winchester-mares-leg-55cm-schwarz\/","title":{"rendered":"Replika Winchester Mare's Leg - 55cm | Kolser"},"content":{"rendered":"<h1>Replika Winchester Mare's Leg Karabiner - 55 CM - Schwarz<\/h1>\n<h2>Authentische Replika des Winchester Mare's Leg Karabiners<\/h2>\n<p>Diese Replika des Winchester Mare's Leg Karabiners von Kolser ist eine detailgetreue Kopie des Originals, ideal f\u00fcr Dekoration, historische Nachstellungen und Sammler. Mit einer L\u00e4nge von 55 cm und einer schwarzen Oberfl\u00e4che f\u00e4ngt sie die Essenz des klassischen Winchester-Designs ein. <b>ACHTUNG: Replika-Kugeln und einige Knallpulverpatronen enthalten. Spielzeug-Knallpulver (12 Ringe) passen zu diesen Kugeln!<\/b><\/p>\n<p><strong>Wichtig:<\/strong> Dieses Gewehr kann keine echten Kugeln abfeuern und ist nur f\u00fcr dekorative Zwecke oder historische Nachstellungen bestimmt. Die Verwendung von Kugeln ohne Knallpulverpatronen wird nicht empfohlen, da dies sowohl das Gewehr als auch die Kugel besch\u00e4digen kann. Regelm\u00e4\u00dfiges \u00d6len der Teile des Mechanismus wird empfohlen, um die Funktion zu erhalten.<\/p>\n<h3>Funktionen und Design<\/h3>\n<ul>\n <li><b>Hersteller:<\/b> Kolser<\/li>\n <li><b>Modell:<\/b> 47-1057 X<\/li>\n <li><b>L\u00e4nge:<\/b> 55 cm<\/li>\n <li><b>Farbe:<\/b> Schwarz<\/li>\n <li><b>Material:<\/b> Metall und hochdichtes Harz (simuliert Holz)<\/li>\n<\/ul>\n<p>Die Replika verf\u00fcgt \u00fcber einen funktionellen Unterhebelmechanismus und ein Kugel Auswurf- und Nachladesystem, mit dem Sie Replika-Kugeln zuf\u00fchren und laden k\u00f6nnen. Es besteht aus Metall mit schwarzer, Messing- oder grauer Oberfl\u00e4che und hochdichtem Harz, das das Gef\u00fchl und das Aussehen von Holz wiedergibt. F\u00fcr ein realistisches Erlebnis wird die Verwendung von 12-Ring-Knallpulverpatronen empfohlen (nicht 8-Ring, da diese zu klein sind).<\/p>\n<h3>Perfekt f\u00fcr Sammler und Reenactments<\/h3>\n<p>Diese Replika ist eine getreue Kopie des Mare's Leg, das von Steve McQueen verwendet wurde. Es ist ideal f\u00fcr Sammler, historische Nachstellungen oder als einzigartige Dekoration. <a href=\"https:\/\/ak47.nu\/de\/\">Entdecken Sie unser Sortiment<\/a> f\u00fcr weitere Repliken und historische Waffen. Vervollst\u00e4ndigen Sie Ihre Sammlung mit diesem <a href=\"https:\/\/ak47.nu\/de\/replikor\/aldre-vapen\/\">Replika-Karabiner<\/a> von Winchester. Um Ihre Replika in Top-Zustand zu halten, vergessen Sie nicht, den <a href=\"https:\/\/ak47.nu\/de\/butik\/\">Mechanismus regelm\u00e4\u00dfig zu \u00f6len<\/a>.<\/p>","protected":false},"excerpt":{"rendered":"<p>K\u00f6p en replika av Winchester Mare&#8217;s Leg karbingev\u00e4r p\u00e5 55 cm i svart f\u00e4rg. Perfekt f\u00f6r samlare och entusiaster.<\/p>","protected":false},"featured_media":49505,"template":"","meta":[],"product_brand":[],"product_cat":[447],"product_tag":[],"class_list":{"0":"post-49513","1":"product","2":"type-product","3":"status-publish","4":"has-post-thumbnail","6":"product_cat-aldre-vapen","7":"pa_brand-kolser","8":"pa_farg-svart","10":"first","11":"instock","12":"sale","13":"taxable","14":"shipping-taxable","15":"purchasable","16":"product-type-simple"},"_links":{"self":[{"href":"https:\/\/ak47.nu\/de\/wp-json\/wp\/v2\/product\/49513","targetHints":{"allow":["GET"]}}],"collection":[{"href":"https:\/\/ak47.nu\/de\/wp-json\/wp\/v2\/product"}],"about":[{"href":"https:\/\/ak47.nu\/de\/wp-json\/wp\/v2\/types\/product"}],"wp:featuredmedia":[{"embeddable":true,"href":"https:\/\/ak47.nu\/de\/wp-json\/wp\/v2\/media\/49505"}],"wp:attachment":[{"href":"https:\/\/ak47.nu\/de\/wp-json\/wp\/v2\/media?parent=49513"}],"wp:term":[{"taxonomy":"product_brand","embeddable":true,"href":"https:\/\/ak47.nu\/de\/wp-json\/wp\/v2\/product_brand?post=49513"},{"taxonomy":"product_cat","embeddable":true,"href":"https:\/\/ak47.nu\/de\/wp-json\/wp\/v2\/product_cat?post=49513"},{"taxonomy":"product_tag","embeddable":true,"href":"https:\/\/ak47.nu\/de\/wp-json\/wp\/v2\/product_tag?post=49513"}],"curies":[{"name":"wp","href":"https:\/\/api.w.org\/{rel}","templated":true}]}}