{"id":49530,"date":"2022-11-02T14:11:39","date_gmt":"2022-11-02T13:11:39","guid":{"rendered":"https:\/\/ak47.nu\/produkt\/replika-winchester-mares-leg-karbingevar-67-cm-massing\/"},"modified":"2025-12-03T21:32:59","modified_gmt":"2025-12-03T20:32:59","slug":"replika-winchester-mares-leg-karabiner-67-cm-messing-2","status":"publish","type":"product","link":"https:\/\/ak47.nu\/de\/produkt\/replikor\/aldre-vapen\/replika-winchester-mares-leg-karabiner-67-cm-messing-2\/","title":{"rendered":"Replika Winchester Mare's Leg 67cm - Messing | Kolser"},"content":{"rendered":"<h1>Replika Winchester Mare's Leg Karabiner - 67 CM - Messing<\/h1>\n<h2>Dekorative Replika der Winchester Mare's Leg<\/h2>\n<p>Diese Replika des Winchester Mare's Leg Karabiners von Kolser ist eine ausgezeichnete Wahl f\u00fcr Dekoration und Sammler. Das Modell ist 67 cm lang und mit einer Messingoberfl\u00e4che f\u00fcr ein authentisches Aussehen gefertigt. Bitte beachten Sie, dass dieses Gewehr nicht zum Schie\u00dfen von Kugeln bestimmt ist; es ist ausschlie\u00dflich eine dekorative Replika.<\/p>\n<h3>Details und Eigenschaften<\/h3>\n<ul>\n <li><strong>Hersteller:<\/strong> Kolser<\/li>\n <li><strong>Modell:<\/strong> 47-1058-1 L<\/li>\n <li><strong>L\u00e4nge:<\/strong> 67 cm<\/li>\n <li><strong>Material:<\/strong> Metall mit Messingoberfl\u00e4che und hochdichtem Harz<\/li>\n <li><strong>Verwendung:<\/strong> Nur zur Dekoration<\/li>\n<\/ul>\n<p>Die Replika ist so gefertigt, dass sie einem echten Gewehr in Gewicht und Abmessungen nachempfunden ist. Sie hat keine Funktion zum Auswerfen oder Nachladen von Kugeln. Obwohl Replika-Kugeln eingesetzt werden k\u00f6nnen, ist der Mechanismus nicht daf\u00fcr vorgesehen, und die Kugeln k\u00f6nnen sich festsetzen. Um den Mechanismus zu warten, wird empfohlen, die Teile regelm\u00e4\u00dfig zu schmieren.<\/p>\n<p>Die Replika besteht aus Metall mit einer Oberfl\u00e4che in Schwarz, Messing oder Grau sowie hochdichtem Harz, das das Aussehen und die Haptik von Holz simuliert. Diese detailreiche Replika ist perfekt f\u00fcr diejenigen, die die Waffengeschichte sch\u00e4tzen und ein dekoratives Detail suchen. Entdecken Sie weitere <a href=\"https:\/\/ak47.nu\/de\/butik\/\">Replica-Waffen<\/a> in unserem Sortiment. Besuchen Sie unsere <a href=\"https:\/\/ak47.nu\/de\/replikor\/aldre-vapen\/\">Waffenkategorie<\/a>, um unsere gro\u00dfe Auswahl zu sehen, oder besuchen Sie <a href=\"https:\/\/ak47.nu\/de\/\">unsere Website<\/a>, um unser gesamtes Sortiment zu erkunden.<\/p>","protected":false},"excerpt":{"rendered":"<p>K\u00f6p en replika av Winchester Mare&#8217;s Leg karbin i m\u00e4ssing, med en l\u00e4ngd p\u00e5 67 cm. Perfekt f\u00f6r samlare och vapenentusiaster. Best\u00e4ll nu och f\u00e5 snabb leverans.<\/p>","protected":false},"featured_media":49514,"template":"","meta":[],"product_brand":[],"product_cat":[447],"product_tag":[],"class_list":{"0":"post-49530","1":"product","2":"type-product","3":"status-publish","4":"has-post-thumbnail","6":"product_cat-aldre-vapen","7":"pa_brand-kolser","8":"pa_farg-brons","10":"first","11":"outofstock","12":"taxable","13":"shipping-taxable","14":"purchasable","15":"product-type-simple"},"_links":{"self":[{"href":"https:\/\/ak47.nu\/de\/wp-json\/wp\/v2\/product\/49530","targetHints":{"allow":["GET"]}}],"collection":[{"href":"https:\/\/ak47.nu\/de\/wp-json\/wp\/v2\/product"}],"about":[{"href":"https:\/\/ak47.nu\/de\/wp-json\/wp\/v2\/types\/product"}],"wp:featuredmedia":[{"embeddable":true,"href":"https:\/\/ak47.nu\/de\/wp-json\/wp\/v2\/media\/49514"}],"wp:attachment":[{"href":"https:\/\/ak47.nu\/de\/wp-json\/wp\/v2\/media?parent=49530"}],"wp:term":[{"taxonomy":"product_brand","embeddable":true,"href":"https:\/\/ak47.nu\/de\/wp-json\/wp\/v2\/product_brand?post=49530"},{"taxonomy":"product_cat","embeddable":true,"href":"https:\/\/ak47.nu\/de\/wp-json\/wp\/v2\/product_cat?post=49530"},{"taxonomy":"product_tag","embeddable":true,"href":"https:\/\/ak47.nu\/de\/wp-json\/wp\/v2\/product_tag?post=49530"}],"curies":[{"name":"wp","href":"https:\/\/api.w.org\/{rel}","templated":true}]}}