{"id":49660,"date":"2022-11-14T13:56:27","date_gmt":"2022-11-14T12:56:27","guid":{"rendered":"https:\/\/ak47.nu\/produkt\/balte-med-dubbla-holster-och-kulor\/"},"modified":"2026-04-13T16:14:00","modified_gmt":"2026-04-13T14:14:00","slug":"guertel-mit-doppelholster-und-kugeln","status":"publish","type":"product","link":"https:\/\/ak47.nu\/de\/produkt\/zubehor-2\/holsters\/guertel-mit-doppelholster-und-kugeln\/","title":{"rendered":"G\u00fcrtel mit Doppelholster und Kugeln | Kolser"},"content":{"rendered":"<h1>G\u00fcrtel mit Doppelholster und Kugeln<\/h1>\n<h2>Authentische Nachbildung eines Wildwest-G\u00fcrtels<\/h2>\n<p>Erleben Sie die Aufregung des Wilden Westens mit diesem authentischen G\u00fcrtel mit Doppelholster und Replika-Kugeln von Kolser. Diese detaillierte Nachbildung versetzt Sie zur\u00fcck in die Zeit, als Duelle schnell und fair entschieden wurden. Perfekt f\u00fcr Rollenspiele, Theater oder als einzigartige Erg\u00e4nzung Ihrer Sammlung. Kaufen Sie noch heute Ihren <a href=\"https:\/\/ak47.nu\/de\/butik\/\">Kolser-Revolver<\/a> und vervollst\u00e4ndigen Sie Ihre Ausr\u00fcstung!<\/p>\n\n<h3>Spezifikationen:<\/h3>\n<ul>\n  <li><strong>Hersteller:<\/strong> Kolser<\/li>\n  <li><strong>Artikelnummer:<\/strong> 47-1112-2<\/li>\n  <li><strong>Typ:<\/strong> G\u00fcrtel mit Doppelholster und Replika-Kugeln<\/li>\n  <li><strong>Material:<\/strong> Leder<\/li>\n  <li><strong>L\u00e4nge:<\/strong> 110 cm<\/li>\n  <li><strong>Anzahl der Kugeln:<\/strong> 13 Replika-Kugeln<\/li>\n  <li><strong>Funktion:<\/strong> Zwei Holster f\u00fcr Revolver und einzelne F\u00e4cher f\u00fcr die Kugeln<\/li>\n  <li><strong>Kompatibilit\u00e4t:<\/strong> Replika-Kugeln passen zu Kolser-Revolvern, Spielzeug-Knallpl\u00e4ttchen (8 Ringe) passen zu diesen Kugeln<\/li>\n<\/ul>\n\n<h3>Eigenschaften und Vorteile:<\/h3>\n<p>Dieser G\u00fcrtel ist aus Leder gefertigt und verf\u00fcgt \u00fcber eine verstellbare Schnalle, um einen bequemen Sitz zu gew\u00e4hrleisten. Die beiden Holster erm\u00f6glichen es Ihnen, zwei Revolver gleichzeitig zu tragen, genau wie in alten Westernfilmen. Die einzelnen F\u00e4cher f\u00fcr die Replika-Kugeln sorgen daf\u00fcr, dass Sie Ihre Munition immer griffbereit haben. Der G\u00fcrtel ist 110 cm lang und passt den meisten Erwachsenen. Ein Muss f\u00fcr jeden, der den Wilden Westen und <a href=\"https:\/\/ak47.nu\/de\/zubehor-2\/holsters\/\">Western-Replika-Zubeh\u00f6r<\/a> liebt.<\/p>\n\n<h3>Hinweis:<\/h3>\n<p>Replika-Kugeln passen zu Kolser-Revolvern, Spielzeug-Knallpl\u00e4ttchen (8 Ringe) passen zu diesen Kugeln! Besuchen Sie <a href=\"https:\/\/ak47.nu\/de\/\">unseren Shop<\/a>, um weitere Produkte zu finden!<\/p>","protected":false},"excerpt":{"rendered":"<p>Uppt\u00e4ck v\u00e5rt b\u00e4lte med dubbla h\u00f6lster och kulor &#8211; det perfekta tillbeh\u00f6ret f\u00f6r vapenentusiaster. Med detta b\u00e4lte kan du enkelt b\u00e4ra tv\u00e5 pistoler samtidigt och ha extra ammunition l\u00e4ttillg\u00e4nglig. Utforska v\u00e5rt sortiment av b\u00e4lten med dubbla h\u00f6lster och kulor f\u00f6r att hitta den perfekta kombinationen av stil och funktionalitet. K\u00f6p ditt b\u00e4lte idag och ta din vapenupplevelse till n\u00e4sta niv\u00e5.<\/p>","protected":false},"featured_media":49656,"template":"","meta":[],"product_brand":[],"product_cat":[563],"product_tag":[],"class_list":{"0":"post-49660","1":"product","2":"type-product","3":"status-publish","4":"has-post-thumbnail","6":"product_cat-holsters","7":"pa_brand-kolser","8":"pa_farg-brun","10":"first","11":"onbackorder","12":"sale","13":"taxable","14":"shipping-taxable","15":"purchasable","16":"product-type-simple"},"_links":{"self":[{"href":"https:\/\/ak47.nu\/de\/wp-json\/wp\/v2\/product\/49660","targetHints":{"allow":["GET"]}}],"collection":[{"href":"https:\/\/ak47.nu\/de\/wp-json\/wp\/v2\/product"}],"about":[{"href":"https:\/\/ak47.nu\/de\/wp-json\/wp\/v2\/types\/product"}],"wp:featuredmedia":[{"embeddable":true,"href":"https:\/\/ak47.nu\/de\/wp-json\/wp\/v2\/media\/49656"}],"wp:attachment":[{"href":"https:\/\/ak47.nu\/de\/wp-json\/wp\/v2\/media?parent=49660"}],"wp:term":[{"taxonomy":"product_brand","embeddable":true,"href":"https:\/\/ak47.nu\/de\/wp-json\/wp\/v2\/product_brand?post=49660"},{"taxonomy":"product_cat","embeddable":true,"href":"https:\/\/ak47.nu\/de\/wp-json\/wp\/v2\/product_cat?post=49660"},{"taxonomy":"product_tag","embeddable":true,"href":"https:\/\/ak47.nu\/de\/wp-json\/wp\/v2\/product_tag?post=49660"}],"curies":[{"name":"wp","href":"https:\/\/api.w.org\/{rel}","templated":true}]}}