{"id":49686,"date":"2022-11-14T15:27:30","date_gmt":"2022-11-14T14:27:30","guid":{"rendered":"https:\/\/ak47.nu\/produkt\/vanstersidigt-pistolholster\/"},"modified":"2025-12-03T21:33:15","modified_gmt":"2025-12-03T20:33:15","slug":"linkshaender-pistolenholster-kolser","status":"publish","type":"product","link":"https:\/\/ak47.nu\/de\/produkt\/zubehor-2\/holsters\/linkshaender-pistolenholster-kolser\/","title":{"rendered":"Linksh\u00e4nder-Pistolenholster | Kolser"},"content":{"rendered":"<h1>Linksh\u00e4nder-Pistolenholster<\/h1>\n<h2>Kolser Linksh\u00e4nder-Colt-Holster<\/h2>\n<p>Das Kolser 47-1043 ist ein Linksh\u00e4nderholster, das vollst\u00e4ndig aus Leder gefertigt ist. Mit einer Abmessung von 29,5 cm ist dieses Holster perfekt, um Ihre Pistole sicher aufzubewahren, wenn Sie sie griffbereit haben m\u00fcssen. Das robuste Leder vermittelt ein klassisches Gef\u00fchl und sorgt daf\u00fcr, dass Ihre Waffe sicher gehalten wird. Holen Sie sich noch heute Ihr neues <a href=\"https:\/\/ak47.nu\/de\/butik\/\">Pistolenholster<\/a>!<\/p>\n<h3>Eigenschaften:<\/h3>\n<ul>\n <li><strong>Material:<\/strong> Vollst\u00e4ndig aus Leder gefertigt f\u00fcr ein robustes und stilvolles Design.<\/li>\n <li><strong>Abmessung:<\/strong> 29,5 cm lang, bietet ausreichend Platz f\u00fcr die meisten Pistolen.<\/li>\n <li><strong>Linksh\u00e4nder:<\/strong> Speziell f\u00fcr Linksh\u00e4nder entwickelt.<\/li>\n<\/ul>\n<p>Dieses <a href=\"https:\/\/ak47.nu\/de\/zubehor-2\/holsters\/\">Lederholster<\/a> von Kolser kombiniert Funktionalit\u00e4t mit traditionellem Design. Bewahren Sie Ihre Waffe sicher und stilvoll mit diesem Linksh\u00e4nder-Pistolenholster auf. Besuchen Sie <a href=\"https:\/\/ak47.nu\/de\/\">unsere Website<\/a>, um unser gesamtes Sortiment zu sehen.<\/p>","protected":false},"excerpt":{"rendered":"<p>Hitta det b\u00e4sta v\u00e4nstersidiga pistolh\u00f6lstret f\u00f6r dig &#8211; en omfattande guide och recensioner &#8211; Perfekt f\u00f6r v\u00e4nsterh\u00e4nta skyttar. Uppt\u00e4ck v\u00e5rt urval av h\u00f6gkvalitativa v\u00e4nstersidiga pistolh\u00f6lster som passar perfekt f\u00f6r din pistolmodell.<\/p>","protected":false},"featured_media":49678,"template":"","meta":[],"product_brand":[],"product_cat":[563],"product_tag":[],"class_list":{"0":"post-49686","1":"product","2":"type-product","3":"status-publish","4":"has-post-thumbnail","6":"product_cat-holsters","7":"pa_brand-kolser","8":"pa_farg-brun","10":"first","11":"outofstock","12":"taxable","13":"shipping-taxable","14":"purchasable","15":"product-type-simple"},"_links":{"self":[{"href":"https:\/\/ak47.nu\/de\/wp-json\/wp\/v2\/product\/49686","targetHints":{"allow":["GET"]}}],"collection":[{"href":"https:\/\/ak47.nu\/de\/wp-json\/wp\/v2\/product"}],"about":[{"href":"https:\/\/ak47.nu\/de\/wp-json\/wp\/v2\/types\/product"}],"wp:featuredmedia":[{"embeddable":true,"href":"https:\/\/ak47.nu\/de\/wp-json\/wp\/v2\/media\/49678"}],"wp:attachment":[{"href":"https:\/\/ak47.nu\/de\/wp-json\/wp\/v2\/media?parent=49686"}],"wp:term":[{"taxonomy":"product_brand","embeddable":true,"href":"https:\/\/ak47.nu\/de\/wp-json\/wp\/v2\/product_brand?post=49686"},{"taxonomy":"product_cat","embeddable":true,"href":"https:\/\/ak47.nu\/de\/wp-json\/wp\/v2\/product_cat?post=49686"},{"taxonomy":"product_tag","embeddable":true,"href":"https:\/\/ak47.nu\/de\/wp-json\/wp\/v2\/product_tag?post=49686"}],"curies":[{"name":"wp","href":"https:\/\/api.w.org\/{rel}","templated":true}]}}