{"id":49917,"date":"2022-11-28T13:29:28","date_gmt":"2022-11-28T12:29:28","guid":{"rendered":"https:\/\/ak47.nu\/produkt\/replika-winchester-karbingevar-usa-1892-98-cm-gra-4\/"},"modified":"2025-12-17T11:53:59","modified_gmt":"2025-12-17T10:53:59","slug":"replika-winchester-gewehr-1892-98cm","status":"publish","type":"product","link":"https:\/\/ak47.nu\/de\/produkt\/replikor\/gevar-replikor\/replika-winchester-gewehr-1892-98cm\/","title":{"rendered":"Replika Winchester Gewehr 1892 - 98cm | Kolser"},"content":{"rendered":"<h1>Replika Winchester Karabiner USA 1892 - 98 CM - Grau<\/h1>\n<h2>Authentische Replika f\u00fcr Sammler und Reenactment<\/h2>\n<p>Erleben Sie ein St\u00fcck Geschichte mit dieser detaillierten Replika des Winchester Karabiners USA 1892, hergestellt von Kolser. Diese Replika ist 98 cm lang und hat eine graue Oberfl\u00e4che. <b>Bitte beachten Sie, dass Replika-Kugeln sowie einige Knallpl\u00e4ttchen enthalten sind. Spielzeug-Knallpl\u00e4ttchen (12 Ringe) passen zu diesen Kugeln!<\/b><\/p>\n<p>Dieses Gewehr ist nur f\u00fcr Dekoration, historisches Reenactment oder \u00e4hnliche Zwecke bestimmt. Es kann keine echten Kugeln abfeuern. Um Sch\u00e4den am Gewehr und\/oder der Kugel zu vermeiden, wird empfohlen, keine Kugeln ohne Knallpl\u00e4ttchen zu verwenden. Wir empfehlen au\u00dferdem, die Teile des Mechanismus regelm\u00e4\u00dfig zu \u00f6len.<\/p>\n<h3>Realistischer Mechanismus und Design<\/h3>\n<p>Die Replika hat eine gro\u00dfe \u00c4hnlichkeit mit dem Original, einschlie\u00dflich eines funktionierenden Mechanismus und einer nachladbaren Innenkammer, die bis zu 6 Imitationskugeln aufnehmen kann, die f\u00fcr Knallpl\u00e4ttchen angepasst sind. Die Kolser X-Serie bietet maximale Realismus mit einer nachladbaren Kammer und einem H\u00fclsenauswurfsystem.<\/p>\n<ul>\n<li>Funktionierender Mechanismus mit nachladbarer Kammer<\/li>\n<li>H\u00fclsenauswurfsystem f\u00fcr erh\u00f6hten Realismus<\/li>\n<li>Enth\u00e4lt Kugeln, die f\u00fcr Knallpl\u00e4ttchen angepasst sind<\/li>\n<\/ul>\n<h3>Hochwertige Materialien<\/h3>\n<p>Das Gewehr besteht aus Metall mit einer mattschwarzen, Messing- und grauen Oberfl\u00e4che sowie einer Holzimitation aus Polypropylen. Das Gewicht \u00e4hnelt einem echten '92er Karabiner, was zum authentischen Gef\u00fchl beitr\u00e4gt.<\/p>\n<p><b>Verwendung von Knallpl\u00e4ttchen:<\/b> Wir empfehlen die Verwendung von 12-Ring-Knallpl\u00e4ttchen f\u00fcr diese Replika (nicht 8-Ring, da diese zu klein sind).<\/p>\n<p>Entdecken Sie unsere breite Auswahl an <a href=\"https:\/\/ak47.nu\/de\/butik\/\">Replika-Waffen<\/a>, um weitere historische Repliken zu finden. Besuchen Sie unsere <a href=\"https:\/\/ak47.nu\/de\/replikor\/gevar-replikor\/\">Waffenreplik-Kategorie<\/a>, um unser gesamtes Sortiment zu sehen. F\u00fcr weitere Informationen \u00fcber Kolser und unsere Produkte besuchen Sie unsere <a href=\"https:\/\/ak47.nu\/de\/\">Website<\/a>.<\/p>","protected":false},"excerpt":{"rendered":"<p>K\u00f6p en autentisk replika av det klassiska Winchester karbingev\u00e4ret fr\u00e5n USA 1892, med en l\u00e4ngd p\u00e5 98 cm och i en stilren gr\u00e5 f\u00e4rg. Perfekt f\u00f6r samlare och historieentusiaster. K\u00f6p nu och f\u00e5 en bit amerikansk historia till ditt hem.<\/p>","protected":false},"featured_media":49897,"template":"","meta":[],"product_brand":[],"product_cat":[446],"product_tag":[],"class_list":{"0":"post-49917","1":"product","2":"type-product","3":"status-publish","4":"has-post-thumbnail","6":"product_cat-gevar-replikor","7":"pa_brand-kolser","8":"pa_farg-metall-utseende","10":"first","11":"onbackorder","12":"sale","13":"taxable","14":"shipping-taxable","15":"purchasable","16":"product-type-simple"},"_links":{"self":[{"href":"https:\/\/ak47.nu\/de\/wp-json\/wp\/v2\/product\/49917","targetHints":{"allow":["GET"]}}],"collection":[{"href":"https:\/\/ak47.nu\/de\/wp-json\/wp\/v2\/product"}],"about":[{"href":"https:\/\/ak47.nu\/de\/wp-json\/wp\/v2\/types\/product"}],"wp:featuredmedia":[{"embeddable":true,"href":"https:\/\/ak47.nu\/de\/wp-json\/wp\/v2\/media\/49897"}],"wp:attachment":[{"href":"https:\/\/ak47.nu\/de\/wp-json\/wp\/v2\/media?parent=49917"}],"wp:term":[{"taxonomy":"product_brand","embeddable":true,"href":"https:\/\/ak47.nu\/de\/wp-json\/wp\/v2\/product_brand?post=49917"},{"taxonomy":"product_cat","embeddable":true,"href":"https:\/\/ak47.nu\/de\/wp-json\/wp\/v2\/product_cat?post=49917"},{"taxonomy":"product_tag","embeddable":true,"href":"https:\/\/ak47.nu\/de\/wp-json\/wp\/v2\/product_tag?post=49917"}],"curies":[{"name":"wp","href":"https:\/\/api.w.org\/{rel}","templated":true}]}}