{"id":50832,"date":"2022-12-23T13:10:21","date_gmt":"2022-12-23T12:10:21","guid":{"rendered":"https:\/\/ak47.nu\/produkt\/replika-colt-peacemaker-revolver-usa-1873-27-cm-polerad-nickel-tra\/"},"modified":"2026-04-13T16:16:46","modified_gmt":"2026-04-13T14:16:46","slug":"replika-colt-peacemaker-revolver-usa-1873-27-cm-polerad-nickel-tra","status":"publish","type":"product","link":"https:\/\/ak47.nu\/de\/produkt\/replikor\/revolvrar-replikor\/replika-colt-peacemaker-revolver-usa-1873-27-cm-polerad-nickel-tra\/","title":{"rendered":"Kolser &#8211; Replika &#8211; Colt Peacemaker Revolver Replika 1:1 &#8211; 5,5&#8243; Pipa"},"content":{"rendered":"<p>Colt Peacemaker revolver replika 1:1 &#8211; 27 CM l\u00e5ng, 5,5&#8243; Pipa<br \/><b>OBS Replika kulor ing\u00e5r, leksaksknallpulver (100 pack 1 skott) passar till dessa kulor!<br \/>Denna revolver kan ej skjuta riktiga kulor utan \u00e4r enbart till f\u00f6r dekoration, historisk reenactment eller dylikt. Det rekommenderas ej att anv\u00e4nda kulor utan knallpulver skott d\u00e5 detta kan skada revolvern och\/eller kula, det rekommenderas \u00e4ven att olja in mekanismens delar till och fr\u00e5n.<\/b><\/p>\n<p>En underbar Colt revolver replika fr\u00e5n Kolser f\u00f6r dig som vill \u00e5teruppleva den vilda v\u00e4stern.<\/p>\n<p>Colt 45 peacemaker replika revolver. 5&#8217;5\u2033 pipa USA 1873 modell som finns i m\u00e4ssing-, bl\u00e5else-, nickelpl\u00e4terad- och \u00e5ldrad metall-finish, uppn\u00e5dd genom manuella processer som appliceras p\u00e5 varje del av pistolen, vilket \u00e5terskapar en av Gamla V\u00e4sterns mest emblematiska pistoler.<\/p>\n<p>Denna Kolser replika \u00e4r totalt 27 cm l\u00e5ng, och kommer med ett handtag i \u00e4kta tr\u00e4 eller ett h\u00f6gkvalitativt handtag i antingen elfenbensimitation, imiterat ben eller imiterat tr\u00e4.<\/p>\n<p>Faktorer som vikt och dimensioner, samt en funktionell mekanism och en omladdningsbar roterande cylinder, g\u00f6r denna Colt 45 replika till den mest realistiska p\u00e5 marknaden.<\/p>\n<p>Alla Kolser Colt repliker kommer med 6 imitations kulor och en elegant displayl\u00e5da.<\/p>","protected":false},"excerpt":{"rendered":"<p>K\u00f6p en 1:1 replika av Colt Peacemaker Revolver med 5,5&#8243; pipa fr\u00e5n Kolser. Perfekt f\u00f6r samlare och vapenentusiaster.<\/p>","protected":false},"featured_media":50838,"template":"","meta":[],"product_brand":[],"product_cat":[443],"product_tag":[],"class_list":{"0":"post-50832","1":"product","2":"type-product","3":"status-publish","4":"has-post-thumbnail","6":"product_cat-revolvrar-replikor","7":"pa_brand-kolser","8":"pa_modell-imitation-bone-bull","9":"pa_modell-imitation-bone-snake","10":"pa_modell-imitation-ivory","11":"pa_modell-imitation-wood","12":"pa_modell-real-wood","14":"first","15":"instock","16":"sale","17":"taxable","18":"shipping-taxable","19":"purchasable","20":"product-type-variable"},"_links":{"self":[{"href":"https:\/\/ak47.nu\/de\/wp-json\/wp\/v2\/product\/50832","targetHints":{"allow":["GET"]}}],"collection":[{"href":"https:\/\/ak47.nu\/de\/wp-json\/wp\/v2\/product"}],"about":[{"href":"https:\/\/ak47.nu\/de\/wp-json\/wp\/v2\/types\/product"}],"wp:featuredmedia":[{"embeddable":true,"href":"https:\/\/ak47.nu\/de\/wp-json\/wp\/v2\/media\/50838"}],"wp:attachment":[{"href":"https:\/\/ak47.nu\/de\/wp-json\/wp\/v2\/media?parent=50832"}],"wp:term":[{"taxonomy":"product_brand","embeddable":true,"href":"https:\/\/ak47.nu\/de\/wp-json\/wp\/v2\/product_brand?post=50832"},{"taxonomy":"product_cat","embeddable":true,"href":"https:\/\/ak47.nu\/de\/wp-json\/wp\/v2\/product_cat?post=50832"},{"taxonomy":"product_tag","embeddable":true,"href":"https:\/\/ak47.nu\/de\/wp-json\/wp\/v2\/product_tag?post=50832"}],"curies":[{"name":"wp","href":"https:\/\/api.w.org\/{rel}","templated":true}]}}