{"id":51196,"date":"2023-01-02T15:30:31","date_gmt":"2023-01-02T14:30:31","guid":{"rendered":"https:\/\/ak47.nu\/produkt\/kolser-replika-colt-thunderer-revolver-replika-11-475-pipa-2\/"},"modified":"2026-02-14T00:36:42","modified_gmt":"2026-02-13T23:36:42","slug":"kolser-replika-colt-thunderer-revolver-replika-11-475-pipa-2","status":"publish","type":"product","link":"https:\/\/ak47.nu\/de\/produkt\/replikor\/revolvrar-replikor\/kolser-replika-colt-thunderer-revolver-replika-11-475-pipa-2\/","title":{"rendered":"Kolser &#8211; Replika &#8211; Colt Thunderer Revolver Replika 1:1 &#8211; 4,75&#8243; Pipa"},"content":{"rendered":"<p>Colt Thunderer Revolver Replika 1:1 &#8211; 25.5 CM l\u00e5ng, 4,75&#8243; Pipa<br \/><b>OBS Replika kulor ing\u00e5r, leksaksknallpulver (100 pack 1 skott) passar till dessa kulor!<br \/>Denna revolver kan ej skjuta riktiga kulor utan \u00e4r enbart till f\u00f6r dekoration, historisk reenactment eller dylikt. Det rekommenderas ej att anv\u00e4nda kulor utan knallpulver skott d\u00e5 detta kan skada revolvern och\/eller kula, det rekommenderas \u00e4ven att olja in mekanismens delar till och fr\u00e5n.<\/b><\/p>\n<p>En otroligt v\u00e4lkonstruerad och prisv\u00e4rd revolver replika fr\u00e5n Kolser.<\/p>\n<p>Kolsers &#8221;Thunderer&#8221; Single Action Peacemaker-stil pre-1896 modell revolver replika \u00e4r tillverkad med ett elegant &#8221;birdshead&#8221; grepp. Denna vackra replika gjord av zamak med ultra-resistenta hartsgrepp har en roterande cylinder och en omladdningsbar kammare, samt den klassiska Kolser mekanismen som g\u00f6r deras repliker till de mest realistiska p\u00e5 marknaden.<\/p>\n<p>Finishen p\u00e5 Kolser &#8221;Thunderer&#8221; har de mest emblematiska egenskaperna hos revolvern som skapades f\u00f6r n\u00e4stan ett och ett halvt sekel sedan, vilket ger den nya inslag som g\u00f6r den till ett lyxstycke. M\u00e4ssing-, \u00e5ldrad gr\u00e5-, ljus nickel-pl\u00e4tering och klassisk svart \u00e4r f\u00e4rgerna som g\u00f6r att dessa repliker sticker ut. Denna replika kommer i en elegant dekorativ l\u00e5da med 6 kulor anpassade f\u00f6r knallpulver.<\/p>","protected":false},"excerpt":{"rendered":"<p>K\u00f6p en h\u00f6gkvalitativ replika av Colt Thunderer Revolver med 4,75&#8243; pipa fr\u00e5n Kolser. Perfekt f\u00f6r samlare och vapenentusiaster. Best\u00e4ll nu och f\u00e5 en exakt 1:1 replika till ditt vapensamling.<\/p>","protected":false},"featured_media":51202,"template":"","meta":[],"product_brand":[],"product_cat":[443],"product_tag":[],"class_list":{"0":"post-51196","1":"product","2":"type-product","3":"status-publish","4":"has-post-thumbnail","6":"product_cat-revolvrar-replikor","7":"pa_brand-kolser","8":"pa_modell-black","9":"pa_modell-imitation-bone","10":"pa_modell-imitation-pearl","11":"pa_modell-imitation-wood","13":"first","14":"instock","15":"sale","16":"taxable","17":"shipping-taxable","18":"purchasable","19":"product-type-variable"},"_links":{"self":[{"href":"https:\/\/ak47.nu\/de\/wp-json\/wp\/v2\/product\/51196","targetHints":{"allow":["GET"]}}],"collection":[{"href":"https:\/\/ak47.nu\/de\/wp-json\/wp\/v2\/product"}],"about":[{"href":"https:\/\/ak47.nu\/de\/wp-json\/wp\/v2\/types\/product"}],"wp:featuredmedia":[{"embeddable":true,"href":"https:\/\/ak47.nu\/de\/wp-json\/wp\/v2\/media\/51202"}],"wp:attachment":[{"href":"https:\/\/ak47.nu\/de\/wp-json\/wp\/v2\/media?parent=51196"}],"wp:term":[{"taxonomy":"product_brand","embeddable":true,"href":"https:\/\/ak47.nu\/de\/wp-json\/wp\/v2\/product_brand?post=51196"},{"taxonomy":"product_cat","embeddable":true,"href":"https:\/\/ak47.nu\/de\/wp-json\/wp\/v2\/product_cat?post=51196"},{"taxonomy":"product_tag","embeddable":true,"href":"https:\/\/ak47.nu\/de\/wp-json\/wp\/v2\/product_tag?post=51196"}],"curies":[{"name":"wp","href":"https:\/\/api.w.org\/{rel}","templated":true}]}}