{"id":52101,"date":"2023-01-28T14:04:43","date_gmt":"2023-01-28T13:04:43","guid":{"rendered":"https:\/\/ak47.nu\/produkt\/kolser-mini-kanon-m-nyckelring\/"},"modified":"2026-04-13T16:15:40","modified_gmt":"2026-04-13T14:15:40","slug":"kolser-mini-kanone-mit-schluesselanhaenger","status":"publish","type":"product","link":"https:\/\/ak47.nu\/de\/produkt\/replikor\/ovriga-vapen-replikor\/kolser-mini-kanone-mit-schluesselanhaenger\/","title":{"rendered":"Kolser Mini Kanone mit Schl\u00fcsselanh\u00e4nger | Replik"},"content":{"rendered":"<h1>Kolser - Mini - kanon m. nyckelring<\/h1>\n<h2>Replik Mini Kanone von Kolser<\/h2>\n<p>Diese Mini-Kanonen-Replik von <a href=\"https:\/\/ak47.nu\/de\/butik\/\">Kolser<\/a> ist eine detaillierte Miniatur, perfekt als einzigartiges Accessoire oder Sammlerst\u00fcck. Hergestellt aus Metall und versehen mit einem gealterten Metallfinish, bietet diese Mini-Kanone ein authentisches und historisches Gef\u00fchl. Der praktische Schl\u00fcsselanh\u00e4nger macht es einfach, sie an Ihren Schl\u00fcsseln, Ihrer Tasche oder als dekoratives Detail zu befestigen.<\/p>\n<h3>Spezifikationen:<\/h3>\n<ul>\n <li><strong>Material:<\/strong> Metall<\/li>\n <li><strong>Finish:<\/strong> Gealtertes Metall<\/li>\n <li><strong>L\u00e4nge:<\/strong> Ca. 4,5 cm<\/li>\n <li><strong>Breite:<\/strong> Ca. 2,5 cm<\/li>\n<\/ul>\n<p>Diese Mini-Kanone ist nicht nur eine optisch ansprechende Replik, sondern auch ein robustes und langlebiges Accessoire. Das gealterte Metallfinish verleiht jeder Kanone ein einzigartiges Aussehen, was sie zu einem besonderen und pers\u00f6nlichen Detail macht. Perfekt f\u00fcr Geschichtsinteressierte oder als originelle Geschenkidee. Entdecken Sie unser Angebot an <a href=\"https:\/\/ak47.nu\/de\/replikor\/ovriga-vapen-replikor\/\">historischen Repliken<\/a> und finden Sie weitere einzigartige Artikel.<\/p>\n<p>F\u00fcgen Sie Ihrem Alltag mit dieser charmanten Mini-Kanone von Kolser einen Hauch von Geschichte und Charakter hinzu. Besuchen Sie <a href=\"https:\/\/ak47.nu\/de\/\">unsere Website<\/a>, um unser gesamtes Sortiment zu sehen!<\/p>","protected":false},"excerpt":{"rendered":"<p>K\u00f6p Kolser Mini kanon med nyckelring online &#8211; Perfekt f\u00f6r att h\u00e5lla dina nycklar s\u00e4kra och stylade. Best\u00e4ll nu f\u00f6r snabb leverans!<\/p>","protected":false},"featured_media":52081,"template":"","meta":[],"product_brand":[],"product_cat":[448],"product_tag":[],"class_list":{"0":"post-52101","1":"product","2":"type-product","3":"status-publish","4":"has-post-thumbnail","6":"product_cat-ovriga-vapen-replikor","7":"pa_brand-kolser","9":"first","10":"onbackorder","11":"sale","12":"taxable","13":"shipping-taxable","14":"purchasable","15":"product-type-simple"},"_links":{"self":[{"href":"https:\/\/ak47.nu\/de\/wp-json\/wp\/v2\/product\/52101","targetHints":{"allow":["GET"]}}],"collection":[{"href":"https:\/\/ak47.nu\/de\/wp-json\/wp\/v2\/product"}],"about":[{"href":"https:\/\/ak47.nu\/de\/wp-json\/wp\/v2\/types\/product"}],"wp:featuredmedia":[{"embeddable":true,"href":"https:\/\/ak47.nu\/de\/wp-json\/wp\/v2\/media\/52081"}],"wp:attachment":[{"href":"https:\/\/ak47.nu\/de\/wp-json\/wp\/v2\/media?parent=52101"}],"wp:term":[{"taxonomy":"product_brand","embeddable":true,"href":"https:\/\/ak47.nu\/de\/wp-json\/wp\/v2\/product_brand?post=52101"},{"taxonomy":"product_cat","embeddable":true,"href":"https:\/\/ak47.nu\/de\/wp-json\/wp\/v2\/product_cat?post=52101"},{"taxonomy":"product_tag","embeddable":true,"href":"https:\/\/ak47.nu\/de\/wp-json\/wp\/v2\/product_tag?post=52101"}],"curies":[{"name":"wp","href":"https:\/\/api.w.org\/{rel}","templated":true}]}}