{"id":52133,"date":"2023-01-28T14:04:52","date_gmt":"2023-01-28T13:04:52","guid":{"rendered":"https:\/\/ak47.nu\/produkt\/kolser-replika-1700-tals-rak-flintlaspistol\/"},"modified":"2026-01-08T09:16:34","modified_gmt":"2026-01-08T08:16:34","slug":"kolser-replikat-1700er-steinschlosspistole","status":"publish","type":"product","link":"https:\/\/ak47.nu\/de\/produkt\/replikor\/ovriga-vapen-replikor\/kolser-replikat-1700er-steinschlosspistole\/","title":{"rendered":"Kolser Replikat - 1700er Steinschlosspistole"},"content":{"rendered":"<h1>Kolser - Replikat - Gerade Steinschlosspistole aus dem 18. Jahrhundert<\/h1>\n<h2>Authentisches Replikat einer Steinschlosspistole aus dem 18. Jahrhundert<\/h2>\n<p>Dieses Kolser-Replikat einer geraden Steinschlosspistole aus dem 18. Jahrhundert f\u00e4ngt die Essenz der Waffen aus der Zeit Ludwigs XV. ein. Mit seinem einzigartigen Charme und der Liebe zum Detail ist es ein beeindruckendes Sammlerst\u00fcck. Hergestellt mit Fokus auf Langlebigkeit und Authentizit\u00e4t.<\/p>\n<h3>Detaillierte Metallgravur<\/h3>\n<p>Die Pistole verf\u00fcgt \u00fcber eine wundersch\u00f6ne Metallgravur, die ihre Eleganz unterstreicht. Besonders hervorzuheben sind der schlangenf\u00f6rmige Hahn und der Abzug, die der Pistole ein unverwechselbares Aussehen verleihen.<\/p>\n<h3>Hochwertige Materialien<\/h3>\n<p>Kolser hat dieses Replikat aus Harz und Metall gefertigt, was sowohl Haltbarkeit als auch ein authentisches Gef\u00fchl gew\u00e4hrleistet. Der lange, gerade Lauf verst\u00e4rkt das beeindruckende Aussehen der Pistole. Entdecken Sie weitere <a href=\"https:\/\/ak47.nu\/de\/butik\/\">Kolser Replika-Waffen<\/a> in unserem Sortiment.<\/p>\n<ul>\n<li>Replikat einer Steinschlosspistole aus dem 18. Jahrhundert<\/li>\n<li>Hergestellt aus Harz und Metall f\u00fcr Langlebigkeit<\/li>\n<li>Metallgravur mit schlangenf\u00f6rmigem Hahn<\/li>\n<li>Langer, gerader Lauf<\/li>\n<li>L\u00e4nge: 41 cm<\/li>\n<\/ul>\n<p>Entdecken Sie unser Angebot an <a href=\"https:\/\/ak47.nu\/de\/replikor\/ovriga-vapen-replikor\/\">historischen Repliken<\/a> und finden Sie die perfekte Erg\u00e4nzung f\u00fcr Ihre Sammlung. Besuchen Sie <a href=\"https:\/\/ak47.nu\/de\/\">unsere Website<\/a>, um unser gesamtes Sortiment zu sehen.<\/p>","protected":false},"excerpt":{"rendered":"<p>K\u00f6p en h\u00f6gkvalitativ replika av en 1700-tals rak flintl\u00e5spistol fr\u00e5n Kolser. Perfekt f\u00f6r samlare och historieentusiaster. Uppt\u00e4ck v\u00e5rt imponerande sortiment av autentiska och detaljerade replikor f\u00f6r att komplettera din vapensamling. Best\u00e4ll nu och njut av en unik och autentisk upplevelse fr\u00e5n Kolser.<\/p>","protected":false},"featured_media":52129,"template":"","meta":[],"product_brand":[],"product_cat":[448],"product_tag":[],"class_list":{"0":"post-52133","1":"product","2":"type-product","3":"status-publish","4":"has-post-thumbnail","6":"product_cat-ovriga-vapen-replikor","7":"pa_brand-kolser","9":"first","10":"instock","11":"sale","12":"taxable","13":"shipping-taxable","14":"purchasable","15":"product-type-simple"},"_links":{"self":[{"href":"https:\/\/ak47.nu\/de\/wp-json\/wp\/v2\/product\/52133","targetHints":{"allow":["GET"]}}],"collection":[{"href":"https:\/\/ak47.nu\/de\/wp-json\/wp\/v2\/product"}],"about":[{"href":"https:\/\/ak47.nu\/de\/wp-json\/wp\/v2\/types\/product"}],"wp:featuredmedia":[{"embeddable":true,"href":"https:\/\/ak47.nu\/de\/wp-json\/wp\/v2\/media\/52129"}],"wp:attachment":[{"href":"https:\/\/ak47.nu\/de\/wp-json\/wp\/v2\/media?parent=52133"}],"wp:term":[{"taxonomy":"product_brand","embeddable":true,"href":"https:\/\/ak47.nu\/de\/wp-json\/wp\/v2\/product_brand?post=52133"},{"taxonomy":"product_cat","embeddable":true,"href":"https:\/\/ak47.nu\/de\/wp-json\/wp\/v2\/product_cat?post=52133"},{"taxonomy":"product_tag","embeddable":true,"href":"https:\/\/ak47.nu\/de\/wp-json\/wp\/v2\/product_tag?post=52133"}],"curies":[{"name":"wp","href":"https:\/\/api.w.org\/{rel}","templated":true}]}}