{"id":52296,"date":"2023-02-13T12:49:34","date_gmt":"2023-02-13T11:49:34","guid":{"rendered":"https:\/\/ak47.nu\/produkt\/thunderer-grepp-imitation-tra\/"},"modified":"2025-12-03T22:21:51","modified_gmt":"2025-12-03T21:21:51","slug":"thunderer-griffe-holzimitation","status":"publish","type":"product","link":"https:\/\/ak47.nu\/de\/produkt\/replikor\/tillbehor-replikor\/thunderer-griffe-holzimitation\/","title":{"rendered":"Thunderer Griffe Holzimitation | Kolser"},"content":{"rendered":"<h1>Thunderer Griffe - Holzimitation<\/h1>\n<h2>Kolser Thunderer Revolver Griffe<\/h2>\n<p>Dieser Thunderer Griff von Kolser ist mit einer Holzimitation gefertigt, die f\u00fcr ein klassisches Aussehen sorgt. Der Griff besteht aus widerstandsf\u00e4higem Harz, das Haltbarkeit und eine lange Lebensdauer gew\u00e4hrleistet. Bitte beachten Sie, dass diese Griffe nicht zum Abnehmen gedacht sind und es normal ist, dass sie brechen, wenn Sie versuchen, einen montierten Griff vom Revolver zu entfernen.<\/p>\n<h3>Passend f\u00fcr Kolser Thunderer Revolver Modell 1056<\/h3>\n<p>Dieser Griff wurde speziell f\u00fcr das Kolser Thunderer Revolver Modell 1056 entwickelt. Stellen Sie vor dem Kauf sicher, dass Ihr Revolver kompatibel ist.<\/p>\n\n<ul>\n <li><strong>Material:<\/strong> Widerstandsf\u00e4higes Harz<\/li>\n <li><strong>Design:<\/strong> Holzimitation<\/li>\n <li><strong>Kompatibilit\u00e4t:<\/strong> Kolser Thunderer Revolver Modell 1056<\/li>\n <li><strong>Warnung:<\/strong> Der Griff kann beim Entfernen brechen<\/li>\n<\/ul>\n\n<p>R\u00fcsten Sie Ihren Kolser Thunderer Revolver mit diesem stilvollen und langlebigen Griff auf. <a href=\"https:\/\/ak47.nu\/de\/butik\/\">Entdecken Sie unser weiteres Kolser Revolver Zubeh\u00f6r<\/a>, um Ihren Revolver weiter anzupassen. F\u00fcr weitere Informationen zu unseren Produkten besuchen Sie <a href=\"https:\/\/ak47.nu\/de\/\">unsere Website<\/a>. Sie finden weitere <a href=\"https:\/\/ak47.nu\/de\/replikor\/\">Revolvergriffe<\/a> in unserem Sortiment.<\/p>","protected":false},"excerpt":{"rendered":"<p>Uppt\u00e4ck Thunderer grepp i imitationstr\u00e4 &#8211; det perfekta tillbeh\u00f6ret f\u00f6r en b\u00e4ttre greppstyrka. V\u00e5ra Thunderer grepp i imitationstr\u00e4 \u00e4r tillverkade med h\u00f6gkvalitativa material f\u00f6r att ge optimalt grepp och stabilitet. Utforska v\u00e5rt sortiment och f\u00f6rb\u00e4ttra din prestation inom olika sporter och tr\u00e4ningsaktiviteter. K\u00f6p Thunderer grepp i imitationstr\u00e4 idag och ta din tr\u00e4ning till n\u00e4sta niv\u00e5!<\/p>","protected":false},"featured_media":52292,"template":"","meta":[],"product_brand":[],"product_cat":[449],"product_tag":[],"class_list":{"0":"post-52296","1":"product","2":"type-product","3":"status-publish","4":"has-post-thumbnail","6":"product_cat-tillbehor-replikor","7":"pa_brand-kolser","8":"pa_farg-trad","10":"first","11":"instock","12":"sale","13":"taxable","14":"shipping-taxable","15":"purchasable","16":"product-type-simple"},"_links":{"self":[{"href":"https:\/\/ak47.nu\/de\/wp-json\/wp\/v2\/product\/52296","targetHints":{"allow":["GET"]}}],"collection":[{"href":"https:\/\/ak47.nu\/de\/wp-json\/wp\/v2\/product"}],"about":[{"href":"https:\/\/ak47.nu\/de\/wp-json\/wp\/v2\/types\/product"}],"wp:featuredmedia":[{"embeddable":true,"href":"https:\/\/ak47.nu\/de\/wp-json\/wp\/v2\/media\/52292"}],"wp:attachment":[{"href":"https:\/\/ak47.nu\/de\/wp-json\/wp\/v2\/media?parent=52296"}],"wp:term":[{"taxonomy":"product_brand","embeddable":true,"href":"https:\/\/ak47.nu\/de\/wp-json\/wp\/v2\/product_brand?post=52296"},{"taxonomy":"product_cat","embeddable":true,"href":"https:\/\/ak47.nu\/de\/wp-json\/wp\/v2\/product_cat?post=52296"},{"taxonomy":"product_tag","embeddable":true,"href":"https:\/\/ak47.nu\/de\/wp-json\/wp\/v2\/product_tag?post=52296"}],"curies":[{"name":"wp","href":"https:\/\/api.w.org\/{rel}","templated":true}]}}