{"id":52306,"date":"2023-02-13T12:49:43","date_gmt":"2023-02-13T11:49:43","guid":{"rendered":"https:\/\/ak47.nu\/produkt\/thunderer-grepp-svart\/"},"modified":"2025-12-03T22:21:59","modified_gmt":"2025-12-03T21:21:59","slug":"thunderer-griff-schwarz","status":"publish","type":"product","link":"https:\/\/ak47.nu\/de\/produkt\/replikor\/tillbehor-replikor\/thunderer-griff-schwarz\/","title":{"rendered":"Thunderer Griff Schwarz | Kolser"},"content":{"rendered":"<h1>Thunderer Griff - Schwarz<\/h1>\n<h2>Kolser Thunderer Revolver Griff<\/h2>\n<p>Verbessern Sie den Griff und das Aussehen Ihres Kolser Thunderer Revolvers mit diesem robusten, schwarzen Griff. Dieser aus strapazierf\u00e4higem Harz gefertigte Griff bietet sowohl Komfort als auch Kontrolle. Bitte beachten Sie, dass der Griff sicher sitzt und bei Entfernung besch\u00e4digt werden kann.<\/p>\n<h3>Produktinformationen:<\/h3>\n<ul>\n <li><strong>Farbe:<\/strong> Schwarz<\/li>\n <li><strong>Material:<\/strong> Widerstandsf\u00e4higes Harz<\/li>\n <li><strong>Kompatibilit\u00e4t:<\/strong> Kolser Thunderer Revolver Modell 1056<\/li>\n <li><strong>Artikelnummer:<\/strong> 47-1033<\/li>\n<\/ul>\n<p>Dieser Griff wurde speziell f\u00fcr den Kolser Thunderer Revolver (Modell 1056) entwickelt und bietet einen sicheren und komfortablen Halt. <a href=\"https:\/\/ak47.nu\/de\/butik\/\">R\u00fcsten Sie Ihren Kolser Revolver<\/a> mit diesem widerstandsf\u00e4higen Griff auf, der nicht nur die Handhabung verbessert, sondern auch ein stilvolles Aussehen verleiht. Dieser Griff ist ideal f\u00fcr Sammler und Enthusiasten und eine unverzichtbare Erg\u00e4nzung f\u00fcr Ihren Revolver.<\/p>\n<p><strong>Wichtige Informationen:<\/strong> Bitte beachten Sie, dass dieser Griff f\u00fcr eine dauerhafte Installation vorgesehen ist. Der Versuch, ihn zu entfernen, kann zu Sch\u00e4den am Griff f\u00fchren. Behandeln Sie Ihren Kolser Thunderer Revolver mit Sorgfalt und genie\u00dfen Sie einen verbesserten Griff. Entdecken Sie unsere <a href=\"https:\/\/ak47.nu\/de\/replikor\/\">Auswahl an Kolser Zubeh\u00f6r<\/a>, um weitere M\u00f6glichkeiten zur Verbesserung Ihres Schie\u00dferlebnisses zu finden. Besuchen Sie <a href=\"https:\/\/ak47.nu\/de\/\">unsere Website<\/a>, um unser gesamtes Sortiment zu sehen!<\/p>","protected":false},"excerpt":{"rendered":"<p>Hitta de b\u00e4sta Thunderer greppen i svart f\u00e4rg &#8211; k\u00f6p online nu! Med v\u00e5rt breda utbud av Thunderer grepp i svart f\u00e4rg kan du f\u00f6rb\u00e4ttra din bilens prestanda och s\u00e4kerhet. Best\u00e4ll idag och f\u00e5 snabb leverans till konkurrenskraftiga priser.<\/p>","protected":false},"featured_media":52302,"template":"","meta":[],"product_brand":[],"product_cat":[449],"product_tag":[],"class_list":{"0":"post-52306","1":"product","2":"type-product","3":"status-publish","4":"has-post-thumbnail","6":"product_cat-tillbehor-replikor","7":"pa_brand-kolser","8":"pa_farg-svart","10":"first","11":"instock","12":"sale","13":"taxable","14":"shipping-taxable","15":"purchasable","16":"product-type-simple"},"_links":{"self":[{"href":"https:\/\/ak47.nu\/de\/wp-json\/wp\/v2\/product\/52306","targetHints":{"allow":["GET"]}}],"collection":[{"href":"https:\/\/ak47.nu\/de\/wp-json\/wp\/v2\/product"}],"about":[{"href":"https:\/\/ak47.nu\/de\/wp-json\/wp\/v2\/types\/product"}],"wp:featuredmedia":[{"embeddable":true,"href":"https:\/\/ak47.nu\/de\/wp-json\/wp\/v2\/media\/52302"}],"wp:attachment":[{"href":"https:\/\/ak47.nu\/de\/wp-json\/wp\/v2\/media?parent=52306"}],"wp:term":[{"taxonomy":"product_brand","embeddable":true,"href":"https:\/\/ak47.nu\/de\/wp-json\/wp\/v2\/product_brand?post=52306"},{"taxonomy":"product_cat","embeddable":true,"href":"https:\/\/ak47.nu\/de\/wp-json\/wp\/v2\/product_cat?post=52306"},{"taxonomy":"product_tag","embeddable":true,"href":"https:\/\/ak47.nu\/de\/wp-json\/wp\/v2\/product_tag?post=52306"}],"curies":[{"name":"wp","href":"https:\/\/api.w.org\/{rel}","templated":true}]}}