{"id":52317,"date":"2023-02-14T08:45:27","date_gmt":"2023-02-14T07:45:27","guid":{"rendered":"https:\/\/ak47.nu\/produkt\/luftgevars-replika-swiss-arms-fn-herstal-m4-ras-co2-4-5mm-nbb\/"},"modified":"2025-12-03T22:39:23","modified_gmt":"2025-12-03T21:39:23","slug":"swiss-arms-fn-m4-ras-co2-luftgewehr-nachbildung","status":"publish","type":"product","link":"https:\/\/ak47.nu\/de\/produkt\/luftvapen\/co2-airguns\/automatkarbiner-co2-airguns\/swiss-arms-fn-m4-ras-co2-luftgewehr-nachbildung\/","title":{"rendered":"Swiss Arms FN M4 RAS CO2 Luftgewehr-Nachbildung | 4.5mm"},"content":{"rendered":"<h1>Luftgewehr-Nachbildung - Swiss Arms FN Herstal M4 RAS - Co2 - 4.5mm - NBB<\/h1>\n<h2>Swiss Arms FN Herstal M4 RAS Co2 Luftgewehr-Nachbildung<\/h2>\n<p>Die Swiss Arms FN Herstal Tan M4 RAS ist eine halbautomatische Nachbildung aus Metall mit einem verstellbaren Kolben. Dieses Luftgewehr kombiniert Realismus mit Leistung und ist somit ideal f\u00fcr Anf\u00e4nger und erfahrene Sch\u00fctzen. Erleben Sie Pr\u00e4zision und Kraft bei jedem Schuss mit dieser sorgf\u00e4ltig gefertigten Nachbildung. Entdecken Sie unsere Auswahl an <a href=\"https:\/\/ak47.nu\/de\/butik\/\">anderen Luftgewehren<\/a>, um das f\u00fcr Sie passende zu finden. Verpassen Sie auch nicht unsere anderen <a href=\"https:\/\/ak47.nu\/de\/luftvapen\/co2-airguns\/automatkarbiner-co2-airguns\/\">Gewehre<\/a>.<\/p>\n<h3>Paket enth\u00e4lt:<\/h3>\n<ul>\n <li>1 x Swiss Arms FN M4 4,5mm Luftgewehr<\/li>\n <li>1 x Magazin<\/li>\n <li>1 x Benutzerhandbuch<\/li>\n <li>1 x Inbusschl\u00fcssel<\/li>\n<\/ul>\n<h3>Details:<\/h3>\n<ul>\n <li>Kaliber: 4.5mm<\/li>\n <li>Antrieb: Co2<\/li>\n <li>Farbe: Schwarz, Tan<\/li>\n <li>Gewicht: 2.15 kg<\/li>\n <li>Leistung: 3.9 Joule<\/li>\n <li>Schussmodi: Sicher, Halbautomatisch<\/li>\n <li>Material: Metall<\/li>\n <li>Waffenl\u00e4nge: 812 mm<\/li>\n <li>BBs Kapazit\u00e4t: 18<\/li>\n<\/ul>\n<p>Mit einer robusten Konstruktion und einem verstellbaren Kolben bietet die Swiss Arms FN Herstal M4 RAS sowohl Haltbarkeit als auch Komfort. Die Metallkonstruktion sorgt f\u00fcr ein realistisches Gef\u00fchl und erh\u00f6ht die Lebensdauer des Luftgewehrs. Der verstellbare Kolben erm\u00f6glicht es, das Gewehr an die Vorlieben des Sch\u00fctzen anzupassen, was sowohl Pr\u00e4zision als auch Komfort verbessert. F\u00fcr weitere Informationen besuchen Sie <a href=\"https:\/\/ak47.nu\/de\/\">unsere Website<\/a>.<\/p>","protected":false},"excerpt":{"rendered":"<p>K\u00f6p Swiss Arms FN Herstal M4 RAS Co2-luftgev\u00e4rs replika &#8211; 4.5mm NBB. Utforska v\u00e5rt sortiment av h\u00f6gkvalitativa luftgev\u00e4r f\u00f6r din jakt- och skyttebehov. Best\u00e4ll nu f\u00f6r snabb leverans och \u00f6verl\u00e4gsen prestanda.<\/p>","protected":false},"featured_media":52309,"template":"","meta":[],"product_brand":[],"product_cat":[434],"product_tag":[],"class_list":{"0":"post-52317","1":"product","2":"type-product","3":"status-publish","4":"has-post-thumbnail","6":"product_cat-automatkarbiner-co2-airguns","7":"pa_brand-swiss-arms","9":"first","10":"instock","11":"sale","12":"taxable","13":"shipping-taxable","14":"purchasable","15":"product-type-simple"},"_links":{"self":[{"href":"https:\/\/ak47.nu\/de\/wp-json\/wp\/v2\/product\/52317","targetHints":{"allow":["GET"]}}],"collection":[{"href":"https:\/\/ak47.nu\/de\/wp-json\/wp\/v2\/product"}],"about":[{"href":"https:\/\/ak47.nu\/de\/wp-json\/wp\/v2\/types\/product"}],"wp:featuredmedia":[{"embeddable":true,"href":"https:\/\/ak47.nu\/de\/wp-json\/wp\/v2\/media\/52309"}],"wp:attachment":[{"href":"https:\/\/ak47.nu\/de\/wp-json\/wp\/v2\/media?parent=52317"}],"wp:term":[{"taxonomy":"product_brand","embeddable":true,"href":"https:\/\/ak47.nu\/de\/wp-json\/wp\/v2\/product_brand?post=52317"},{"taxonomy":"product_cat","embeddable":true,"href":"https:\/\/ak47.nu\/de\/wp-json\/wp\/v2\/product_cat?post=52317"},{"taxonomy":"product_tag","embeddable":true,"href":"https:\/\/ak47.nu\/de\/wp-json\/wp\/v2\/product_tag?post=52317"}],"curies":[{"name":"wp","href":"https:\/\/api.w.org\/{rel}","templated":true}]}}