{"id":53259,"date":"2023-04-17T14:03:30","date_gmt":"2023-04-17T12:03:30","guid":{"rendered":"https:\/\/ak47.nu\/produkt\/ak-airsoft-sxr-8870-hagelgevar-fjader-airsoft-replika\/"},"modified":"2025-12-03T22:52:27","modified_gmt":"2025-12-03T21:52:27","slug":"a-k-sxr-8870-federdruck-airsoft-schrotflinte","status":"publish","type":"product","link":"https:\/\/ak47.nu\/de\/produkt\/airsoft\/fjader\/hagelgevar-fjader\/a-k-sxr-8870-federdruck-airsoft-schrotflinte\/","title":{"rendered":"A&K SXR-8870 Federdruck Airsoft Schrotflinte"},"content":{"rendered":"<h1>A&K SXR-8870 Federdruck Airsoft Schrotflinte Replika<\/h1>\n<h2>Solide Federdruck Schrotflinten Replika<\/h2>\n<p>Diese Federdruck-Replika einer Schrotflinte aus der SXR-Serie besteht aus einer Kombination von Metall und haltbarem Polymer. Abgesehen vom Polymer-Pistolengriff und dem vorderen Teil ist der Rest der Replika aus Metall gefertigt. Dies verleiht der Replika ein realistisches Gewicht von etwas \u00fcber 2 kg und tr\u00e4gt zu einem soliden Gef\u00fchl bei. Gut zusammengesetzte Teile und hochwertige Materialien sorgen daf\u00fcr, dass die SXR-8870 direkt beim Anfassen einen robusten Eindruck macht. <\/p>\n<p>Die Replika wird von einer Feder angetrieben und mit einem Magazin geliefert, das 40 BBs fasst. Erlebe mit dieser gut verarbeiteten Schrotflinte ein realistisches Airsoft-Erlebnis. Entdecken Sie verschiedene <a href=\"https:\/\/ak47.nu\/de\/butik\/\">Airsoft Waffen<\/a>.<\/p>\n<h3>Das Set beinhaltet:<\/h3>\n<ul>\n <li>Replika<\/li>\n <li>Magazin<\/li>\n<\/ul>\n<h3>Spezifikationen:<\/h3>\n<ul>\n <li>Geschwindigkeit: ~300 FPS<\/li>\n <li>Antrieb: Feder<\/li>\n <li>Feuermodus: Einzeln<\/li>\n <li>L\u00e4nge: 565 mm<\/li>\n <li>Gewicht: 2060 g<\/li>\n <li>Magazintyp: Mid-Cap<\/li>\n <li>Magazinkapazit\u00e4t: 40 BBs<\/li>\n <li>Hop-Up: Ja<\/li>\n <li>Material: Polymer + Metall<\/li>\n<\/ul>\n<p>Entdecken Sie weitere hochwertige Airsoft-Repliken auf <a href=\"https:\/\/ak47.nu\/de\/butik\/\">unserer Airsoft-Seite<\/a>. Entdecken Sie unser breites Angebot an <a href=\"https:\/\/ak47.nu\/de\/airsoft\/\">Airsoft-Schrotflinten<\/a>, um das perfekte Modell f\u00fcr Ihre Bed\u00fcrfnisse zu finden. Besuchen Sie <a href=\"https:\/\/ak47.nu\/de\/\">unsere Homepage<\/a>, um unser gesamtes Sortiment zu sehen.<\/p>","protected":false},"excerpt":{"rendered":"<p>K\u00f6p A&amp;K Airsoft SXR-8870 Hagelgev\u00e4r fj\u00e4der Airsoft Replika online hos oss. Vi erbjuder h\u00f6gkvalitativa Airsoft replikor till konkurrenskraftiga priser. Utforska v\u00e5rt sortiment idag och njut av en autentisk och sp\u00e4nnande Airsoft-upplevelse.<\/p>","protected":false},"featured_media":53235,"template":"","meta":[],"product_brand":[],"product_cat":[498],"product_tag":[],"class_list":{"0":"post-53259","1":"product","2":"type-product","3":"status-publish","4":"has-post-thumbnail","6":"product_cat-hagelgevar-fjader","7":"pa_brand-ak","9":"first","10":"outofstock","11":"sale","12":"taxable","13":"shipping-taxable","14":"purchasable","15":"product-type-simple"},"_links":{"self":[{"href":"https:\/\/ak47.nu\/de\/wp-json\/wp\/v2\/product\/53259","targetHints":{"allow":["GET"]}}],"collection":[{"href":"https:\/\/ak47.nu\/de\/wp-json\/wp\/v2\/product"}],"about":[{"href":"https:\/\/ak47.nu\/de\/wp-json\/wp\/v2\/types\/product"}],"wp:featuredmedia":[{"embeddable":true,"href":"https:\/\/ak47.nu\/de\/wp-json\/wp\/v2\/media\/53235"}],"wp:attachment":[{"href":"https:\/\/ak47.nu\/de\/wp-json\/wp\/v2\/media?parent=53259"}],"wp:term":[{"taxonomy":"product_brand","embeddable":true,"href":"https:\/\/ak47.nu\/de\/wp-json\/wp\/v2\/product_brand?post=53259"},{"taxonomy":"product_cat","embeddable":true,"href":"https:\/\/ak47.nu\/de\/wp-json\/wp\/v2\/product_cat?post=53259"},{"taxonomy":"product_tag","embeddable":true,"href":"https:\/\/ak47.nu\/de\/wp-json\/wp\/v2\/product_tag?post=53259"}],"curies":[{"name":"wp","href":"https:\/\/api.w.org\/{rel}","templated":true}]}}