{"id":53796,"date":"2023-05-23T13:38:33","date_gmt":"2023-05-23T11:38:33","guid":{"rendered":"https:\/\/ak47.nu\/produkt\/el-elak74n-elektrisk-essential-automatkarbin-airsoft-replika-aeg-6mm\/"},"modified":"2025-12-03T23:15:39","modified_gmt":"2025-12-03T22:15:39","slug":"el-elak74n-essential-automatische-gewehr-airsoft-aeg","status":"publish","type":"product","link":"https:\/\/ak47.nu\/de\/produkt\/airsoft\/el-drivna\/automatkarbiner\/el-elak74n-essential-automatische-gewehr-airsoft-aeg\/","title":{"rendered":"E&L ELAK74N Essential AEG Airsoft Replika"},"content":{"rendered":"<h1>E&L ELAK74N Essential AEG Automatisches Gewehr - Airsoft Replika<\/h1>\n<h2>Authentisches Gef\u00fchl und robuste Konstruktion<\/h2>\n<p>Die legend\u00e4re E&L ELAK74N Essential AEG Airsoft-Replika ist zur\u00fcck und bietet eine erschwingliche L\u00f6sung ohne Kompromisse bei der Qualit\u00e4t. Diese Replika ist vollst\u00e4ndig aus Stahl gefertigt, hat ein realistisches Aussehen und ein robustes Getriebe, was sie perfekt f\u00fcr Airsoft-Enthusiasten macht. Bitte beachten Sie, dass Akku und Ladeger\u00e4t nicht in diesem Set enthalten sind.<\/p>\n\n<p>E&L Airsoft-Repliken werden in einer Fabrik montiert, in der echte Schusswaffen hergestellt werden, wodurch die Replika das gleiche authentische Gef\u00fchl wie das Original erh\u00e4lt. Einige \u00e4u\u00dfere Elemente stammen sogar aus derselben Produktionslinie. Der Hersteller hat sich bem\u00fcht, die Replika dem Original so \u00e4hnlich wie m\u00f6glich zu machen. Entdecken Sie unsere Auswahl an <a href=\"https:\/\/ak47.nu\/de\/butik\/\">kompatiblem Airsoft-Zubeh\u00f6r<\/a>, um Ihr Spielerlebnis zu verbessern.<\/p>\n\n<h3>Eigenschaften der E&L ELAK74N Essential:<\/h3>\n<ul>\n    <li>100% Stahlkonstruktion (keine ZnAl-Elemente)<\/li>\n    <li>Handschutz, Schaft und Staubschutz aus lackiertem Holz<\/li>\n    <li>Stahlteile mit Oxidation bedeckt<\/li>\n    <li>Pistolengriff aus Polymermaterial<\/li>\n    <li>Batteriefach unter dem Staubschutz<\/li>\n    <li>Seitliche Montageschiene f\u00fcr Optiken<\/li>\n    <li>Metall Hop-Up Kammer<\/li>\n    <li>Teilweise Demontage ohne Werkzeug<\/li>\n    <li>Magwell-Abstandshalter f\u00fcr schnelle Magazinwechsel<\/li>\n    <li>Mid-Cap Magazin (150 BBs)<\/li>\n<\/ul>\n<p>Entdecken Sie unsere breite Palette von <a href=\"https:\/\/ak47.nu\/de\/airsoft\/\">Airsoft AEG-Gewehren<\/a>, um weitere Optionen zu finden.<\/p>\n\n<h3>Getriebe und interne Komponenten<\/h3>\n<p>Das V3-Getriebe verf\u00fcgt \u00fcber ein schnelles Federwechselsystem und ein MOSFET-System f\u00fcr verbesserte Triggerreaktion und ROF, auch mit st\u00e4rkeren Federn und Batterien. Die Schaltung wurde mit einem 13,5V LiPo-Akku und einer M150-Feder getestet.<\/p>\n\n<ul>\n    <li>Edelstahlzylinder<\/li>\n    <li>Polycarbonat-Kolben mit 1 Stahlzahn<\/li>\n    <li>Verschlei\u00dffeste POM-Tappet Plate<\/li>\n    <li>9 mm Stahlkugellager<\/li>\n    <li>Robuste Pulverstahlzahnr\u00e4der<\/li>\n    <li>Stahltrigger<\/li>\n<\/ul>\n\n<h3>Zus\u00e4tzliche Informationen<\/h3>\n<p><b>Bitte beachten:<\/b> Akku und Ladeger\u00e4t sind nicht enthalten. Bereichern Sie Ihr Airsoft-Erlebnis mit hochwertigen <a href=\"https:\/\/ak47.nu\/de\/\">Airsoft-Produkten<\/a> aus unserem Sortiment.<\/p>\n\n<p><b>Das Set beinhaltet:<\/b> Replika, Mid-Cap Magazin, \u00d6ler, Bedienungsanleitung und QC-Zertifikat.<\/p>","protected":false},"excerpt":{"rendered":"<p>K\u00f6p E&amp;L ELAK74N Elektrisk Essential automatkarbin airsoft replika &#8211; AEG &#8211; 6mm hos oss. Vi erbjuder h\u00f6gkvalitativa airsoft replikor till konkurrenskraftiga priser. Utforska v\u00e5rt breda sortiment och njut av en realistisk och sp\u00e4nnande airsoft-upplevelse.<\/p>","protected":false},"featured_media":53760,"template":"","meta":[],"product_brand":[],"product_cat":[400],"product_tag":[],"class_list":{"0":"post-53796","1":"product","2":"type-product","3":"status-publish","4":"has-post-thumbnail","6":"product_cat-automatkarbiner","7":"pa_brand-el","9":"first","10":"outofstock","11":"taxable","12":"shipping-taxable","13":"purchasable","14":"product-type-simple"},"_links":{"self":[{"href":"https:\/\/ak47.nu\/de\/wp-json\/wp\/v2\/product\/53796","targetHints":{"allow":["GET"]}}],"collection":[{"href":"https:\/\/ak47.nu\/de\/wp-json\/wp\/v2\/product"}],"about":[{"href":"https:\/\/ak47.nu\/de\/wp-json\/wp\/v2\/types\/product"}],"wp:featuredmedia":[{"embeddable":true,"href":"https:\/\/ak47.nu\/de\/wp-json\/wp\/v2\/media\/53760"}],"wp:attachment":[{"href":"https:\/\/ak47.nu\/de\/wp-json\/wp\/v2\/media?parent=53796"}],"wp:term":[{"taxonomy":"product_brand","embeddable":true,"href":"https:\/\/ak47.nu\/de\/wp-json\/wp\/v2\/product_brand?post=53796"},{"taxonomy":"product_cat","embeddable":true,"href":"https:\/\/ak47.nu\/de\/wp-json\/wp\/v2\/product_cat?post=53796"},{"taxonomy":"product_tag","embeddable":true,"href":"https:\/\/ak47.nu\/de\/wp-json\/wp\/v2\/product_tag?post=53796"}],"curies":[{"name":"wp","href":"https:\/\/api.w.org\/{rel}","templated":true}]}}