{"id":54577,"date":"2023-07-16T13:22:20","date_gmt":"2023-07-16T11:22:20","guid":{"rendered":"https:\/\/ak47.nu\/produkt\/kolser-replika-1700-tals-rak-flintlaspistol-2\/"},"modified":"2025-12-17T11:59:20","modified_gmt":"2025-12-17T10:59:20","slug":"kolser-replika-1700-tals-rak-flintlaspistol-2","status":"publish","type":"product","link":"https:\/\/ak47.nu\/de\/produkt\/replikor\/ovriga-vapen-replikor\/kolser-replika-1700-tals-rak-flintlaspistol-2\/","title":{"rendered":"Kolser &#8211; Replika &#8211; 1700-tals rak flintl\u00e5spistol"},"content":{"rendered":"<p>Kolser &#8211; rak flintl\u00e5s Pistol<\/p>\n<p>Denna sk\u00f6nhet av ett vapen gjord av Kolser ser ut som n\u00e5got Louis XV skulle anv\u00e4nda och \u00f6verraskar oss med sin unika charm. Den har en metallgravering som innefattar dess ormformade hammare tillsammans med dess utl\u00f6sare.<\/p>\n<p>En l\u00e5ng, rak fat. Kolser har f\u00f6rs\u00f6kt lyfta fram sin storhet genom att tillverka den i harts och metall; material som garanterar dess h\u00e5llbarhet.<\/p>\n<p>41 cm<\/p>","protected":false},"excerpt":{"rendered":"<p>K\u00f6p en h\u00f6gkvalitativ replika av en 1700-tals rak flintl\u00e5spistol fr\u00e5n Kolser. Perfekt f\u00f6r samlare och historieentusiaster. Uppt\u00e4ck v\u00e5rt imponerande sortiment av autentiska och detaljerade replikor f\u00f6r att komplettera din vapensamling. Best\u00e4ll nu och njut av en unik och autentisk upplevelse fr\u00e5n Kolser.<\/p>","protected":false},"featured_media":54588,"template":"","meta":[],"product_brand":[],"product_cat":[448],"product_tag":[],"class_list":{"0":"post-54577","1":"product","2":"type-product","3":"status-publish","4":"has-post-thumbnail","6":"product_cat-ovriga-vapen-replikor","7":"pa_brand-kolser","8":"pa_modell-brass","9":"pa_modell-silver","11":"first","12":"instock","13":"sale","14":"taxable","15":"shipping-taxable","16":"purchasable","17":"product-type-variable"},"_links":{"self":[{"href":"https:\/\/ak47.nu\/de\/wp-json\/wp\/v2\/product\/54577","targetHints":{"allow":["GET"]}}],"collection":[{"href":"https:\/\/ak47.nu\/de\/wp-json\/wp\/v2\/product"}],"about":[{"href":"https:\/\/ak47.nu\/de\/wp-json\/wp\/v2\/types\/product"}],"wp:featuredmedia":[{"embeddable":true,"href":"https:\/\/ak47.nu\/de\/wp-json\/wp\/v2\/media\/54588"}],"wp:attachment":[{"href":"https:\/\/ak47.nu\/de\/wp-json\/wp\/v2\/media?parent=54577"}],"wp:term":[{"taxonomy":"product_brand","embeddable":true,"href":"https:\/\/ak47.nu\/de\/wp-json\/wp\/v2\/product_brand?post=54577"},{"taxonomy":"product_cat","embeddable":true,"href":"https:\/\/ak47.nu\/de\/wp-json\/wp\/v2\/product_cat?post=54577"},{"taxonomy":"product_tag","embeddable":true,"href":"https:\/\/ak47.nu\/de\/wp-json\/wp\/v2\/product_tag?post=54577"}],"curies":[{"name":"wp","href":"https:\/\/api.w.org\/{rel}","templated":true}]}}