{"id":55544,"date":"2023-09-18T15:22:27","date_gmt":"2023-09-18T13:22:27","guid":{"rendered":"https:\/\/ak47.nu\/produkt\/nxwerks-nx92-premium-commando-4-5mm-luftpistol-co2\/"},"modified":"2025-08-21T10:32:42","modified_gmt":"2025-08-21T08:32:42","slug":"nxwerks-nx92-commando-4-5mm-co2-luftpistole","status":"publish","type":"product","link":"https:\/\/ak47.nu\/de\/produkt\/luftvapen\/co2-airguns\/pistoler-co2-airguns\/nxwerks-nx92-commando-4-5mm-co2-luftpistole\/","title":{"rendered":"NxWerks NX92 Commando 4.5mm Co2 Luftpistole"},"content":{"rendered":"<h1>NxWerks NX92 Premium Commando 4.5mm Co2 Luftpistole<\/h1>\n<h2>Realistische und leistungsstarke Luftpistole<\/h2>\n<p>Die Luftpistolen der Nx92-Serie im Beretta-Stil zeichnen sich durch einen unglaublich starken R\u00fccksto\u00df aus, der 12-g-CO2-Kartuschen als Antriebsquelle nutzt. Dadurch erreichen diese Luftpistolen eine Leistung von 300 FPS und eine Schlagenergie von bis zu 2 Joule. Diese Luftpistolen werden mit viel Liebe zum Detail gefertigt. NxWerks hat hart daran gearbeitet, die Eigenschaften der Nx92-Serie so realistisch wie m\u00f6glich zu gestalten.<\/p>\n<p>Erleben Sie das realistische Gef\u00fchl und die Kraft der NxWerks NX92 Premium Commando Luftpistole. Angetrieben von 12-g-CO2-Kartuschen liefert diese Luftpistole eine beeindruckende Leistung von 300 FPS und eine Schlagenergie von bis zu 2 Joule. Perfekt f\u00fcr Ziel\u00fcbungen und Training! <a href=\"https:\/\/ak47.nu\/de\/butik\/\">Entdecken Sie unser Angebot an CO2-Kartuschen<\/a>, damit Ihre Luftpistole immer einsatzbereit ist.<\/p>\n<h3>Mitgeliefertes Zubeh\u00f6r<\/h3>\n<ul>\n <li>NxWerks NX92 Premium Commando Co2 Blowback Pistole Kal. 4,5 mm BB schwarz<\/li>\n <li>Premium Hartschalenkoffer<\/li>\n <li>Speed Loader<\/li>\n <li>Bedienungsanleitung<\/li>\n<\/ul>\n<p>Alles, was Sie f\u00fcr den Anfang ben\u00f6tigen, ist im Lieferumfang enthalten. Verstauen Sie Ihre Luftpistole sicher im mitgelieferten Hartschalenkoffer und laden Sie das Magazin schnell mit dem Speedloader. Verpassen Sie nicht diese fantastische <a href=\"https:\/\/ak47.nu\/de\/luftvapen\/co2-airguns\/\">Luftpistole<\/a>!<\/p>\n<h3>Spezifikationen<\/h3>\n<ul>\n <li><b>Kaliber:<\/b> .177 Cal 4,5 mm<\/li>\n <li><b>Munition:<\/b> Stahl BBs<\/li>\n <li><b>System:<\/b> Co2 Blowback, halbautomatisch<\/li>\n <li><b>Angetrieben durch:<\/b> 12g Co2 Kartusche<\/li>\n <li><b>Magazin:<\/b> 20 Schuss<\/li>\n <li><b>Leistung:<\/b> max. 2 Joule, 300 FPS<\/li>\n <li><b>Lauf:<\/b> Metall, glatt, 105 mm<\/li>\n <li><b>Visier:<\/b> Kimme und Korn, fest<\/li>\n <li><b>Sicherheit:<\/b> Manuelle Sicherheit, beidseitig<\/li>\n <li><b>Abzug:<\/b> Single Action, Double Action<\/li>\n <li><b>Schlittenmaterial:<\/b> Metall<\/li>\n <li><b>Geh\u00e4usematerial:<\/b> Metall<\/li>\n <li><b>L\u00e4nge:<\/b> 21 cm<\/li>\n <li><b>Gewicht:<\/b> 930g<\/li>\n <li><b>Farbe:<\/b> Schwarz<\/li>\n <li><b>Marke:<\/b> NxWerks Precision Arms<\/li>\n <li><b>Synthetischer Griff<\/b><\/li>\n <li><b>All-in-One-Magazin<\/b><\/li>\n<\/ul>\n<p>Die NxWerks NX92 Premium Commando Co2 Blowback Luftpistole ist sowohl auf Pr\u00e4zision als auch auf Realismus ausgelegt. Bestellen Sie Ihre noch heute in <a href=\"https:\/\/ak47.nu\/de\/\">unserem Shop<\/a>!<\/p>","protected":false},"excerpt":{"rendered":"<p>K\u00f6p NxWerks NX92 Premium Commando 4.5mm Luftpistol Co2 &#8211; B\u00e4sta pris online. Utforska v\u00e5rt sortiment av premium luftpistoler hos NxWerks. Best\u00e4ll idag och njut av h\u00f6gkvalitativt skjutande med denna Co2-drivna luftpistol.<\/p>","protected":false},"featured_media":55532,"template":"","meta":[],"product_brand":[],"product_cat":[431,375,432],"product_tag":[],"class_list":{"0":"post-55544","1":"product","2":"type-product","3":"status-publish","4":"has-post-thumbnail","6":"product_cat-co2-airguns","7":"product_cat-luftvapen","8":"product_cat-pistoler-co2-airguns","9":"pa_brand-nxwerks-precision-arms","10":"pa_farg-svart","12":"first","13":"outofstock","14":"sale","15":"taxable","16":"shipping-taxable","17":"purchasable","18":"product-type-simple"},"_links":{"self":[{"href":"https:\/\/ak47.nu\/de\/wp-json\/wp\/v2\/product\/55544","targetHints":{"allow":["GET"]}}],"collection":[{"href":"https:\/\/ak47.nu\/de\/wp-json\/wp\/v2\/product"}],"about":[{"href":"https:\/\/ak47.nu\/de\/wp-json\/wp\/v2\/types\/product"}],"wp:featuredmedia":[{"embeddable":true,"href":"https:\/\/ak47.nu\/de\/wp-json\/wp\/v2\/media\/55532"}],"wp:attachment":[{"href":"https:\/\/ak47.nu\/de\/wp-json\/wp\/v2\/media?parent=55544"}],"wp:term":[{"taxonomy":"product_brand","embeddable":true,"href":"https:\/\/ak47.nu\/de\/wp-json\/wp\/v2\/product_brand?post=55544"},{"taxonomy":"product_cat","embeddable":true,"href":"https:\/\/ak47.nu\/de\/wp-json\/wp\/v2\/product_cat?post=55544"},{"taxonomy":"product_tag","embeddable":true,"href":"https:\/\/ak47.nu\/de\/wp-json\/wp\/v2\/product_tag?post=55544"}],"curies":[{"name":"wp","href":"https:\/\/api.w.org\/{rel}","templated":true}]}}