{"id":56146,"date":"2023-10-17T13:31:46","date_gmt":"2023-10-17T11:31:46","guid":{"rendered":"https:\/\/ak47.nu\/produkt\/confederate-revolver-replika-usa-1860-2\/"},"modified":"2026-03-18T00:03:35","modified_gmt":"2026-03-17T23:03:35","slug":"konfoederierten-revolver-replikat-usa-1861","status":"publish","type":"product","link":"https:\/\/ak47.nu\/de\/produkt\/replikor\/revolvrar-replikor\/konfoederierten-revolver-replikat-usa-1861\/","title":{"rendered":"Konf\u00f6derierten Revolver Replikat USA 1860 | Denix"},"content":{"rendered":"<h1>Konf\u00f6derierten Revolver Replikat USA 1860 Schwarz<\/h1>\n<h2>Authentische Replik des Griswold & Gunnison Confederate Revolvers<\/h2>\n<p>Das Denix Replikat des Griswold &amp; Gunnison Confederate Revolvers ist eine sorgf\u00e4ltig nachgebildete Hommage an das Original von 1860. Diese au\u00dfergew\u00f6hnliche Replik f\u00e4ngt die Essenz der historischen Schusswaffe mit einem Kaliber von .36 und einem Single-Action-Percussion-Mechanismus originalgetreu ein. Erleben Sie Geschichte neu mit dieser authentischen Replik. Wenn Sie nach weiteren Repliken suchen, schauen Sie sich unsere Auswahl an <a href=\"https:\/\/ak47.nu\/de\/butik\/\">historischen Waffenrepliken<\/a> an.<\/p>\n<h3>Funktionen und Vorteile<\/h3>\n<ul>\n <li><strong>Authentisches Design:<\/strong> Sorgf\u00e4ltig nachgebildet, um dem Original von 1860 zu \u00e4hneln.<\/li>\n <li><strong>Historisches Kaliber:<\/strong> Die Replik verf\u00fcgt \u00fcber ein Kaliber von .36, das die Spezifikationen des Originals widerspiegelt.<\/li>\n <li><strong>Single-Action-Mechanismus:<\/strong> Genau wie das Original verf\u00fcgt die Replik \u00fcber einen Single-Action-Percussion-Mechanismus f\u00fcr ein authentisches Erlebnis.<\/li>\n <li><strong>Sechssch\u00fcssiger Zylinder:<\/strong> Mit einem sechssch\u00fcssigen Zylinder erleben Sie das Gef\u00fchl, wie die Originalwaffe verwendet wurde.<\/li>\n <li><strong>Ergonomischer Griff:<\/strong> Der sorgf\u00e4ltig gefertigte ergonomische Griff bietet ein komfortables und taktiles Erlebnis.<\/li>\n<\/ul>\n<p>Der Besitz dieser Replik ist wie der Besitz eines greifbaren St\u00fccks Geschichte. F\u00fcr Geschichtsinteressierte und Sammler ist diese Denix-Replik eine unverzichtbare Erg\u00e4nzung jeder Sammlung. Seine Authentizit\u00e4t und Genauigkeit machen es zu einem herausragenden St\u00fcck. Entdecken Sie unsere gro\u00dfe Auswahl an <a href=\"https:\/\/ak47.nu\/de\/replikor\/\">Replica-Waffen<\/a>, um weitere historische Sch\u00e4tze zu finden, und verpassen Sie nicht unsere <a href=\"https:\/\/ak47.nu\/de\/\">Hauptauswahl<\/a>.<\/p>\n<p>Abmessungen: 35 cm<br>Gewicht: 975 g<\/p>\n<p>Umfassen Sie den Reiz der Vergangenheit mit dem Denix Replikat des Griswold &amp; Gunnison Confederate Revolvers, einer wahren Verk\u00f6rperung historischer Genauigkeit und Kunstfertigkeit. Jeder Blick auf diese fein gearbeitete Replik versetzt Sie zur\u00fcck in eine entscheidende Periode der amerikanischen Geschichte.<\/p>","protected":false},"excerpt":{"rendered":"<p>Hitta h\u00f6gkvalitativa Confederate revolver replikor fr\u00e5n USA 1860 &#8211; Perfekt f\u00f6r samlare och historieentusiaster. Utforska v\u00e5rt breda utbud av autentiska replikor och f\u00e5 en unik inblick i den amerikanska historien. Best\u00e4ll din Confederate revolver replika idag och ta del av en bit av det f\u00f6rflutna.<\/p>","protected":false},"featured_media":56114,"template":"","meta":[],"product_brand":[],"product_cat":[443],"product_tag":[],"class_list":{"0":"post-56146","1":"product","2":"type-product","3":"status-publish","4":"has-post-thumbnail","6":"product_cat-revolvrar-replikor","7":"pa_brand-denix","8":"pa_farg-svart","10":"first","11":"instock","12":"sale","13":"taxable","14":"shipping-taxable","15":"purchasable","16":"product-type-simple"},"_links":{"self":[{"href":"https:\/\/ak47.nu\/de\/wp-json\/wp\/v2\/product\/56146","targetHints":{"allow":["GET"]}}],"collection":[{"href":"https:\/\/ak47.nu\/de\/wp-json\/wp\/v2\/product"}],"about":[{"href":"https:\/\/ak47.nu\/de\/wp-json\/wp\/v2\/types\/product"}],"wp:featuredmedia":[{"embeddable":true,"href":"https:\/\/ak47.nu\/de\/wp-json\/wp\/v2\/media\/56114"}],"wp:attachment":[{"href":"https:\/\/ak47.nu\/de\/wp-json\/wp\/v2\/media?parent=56146"}],"wp:term":[{"taxonomy":"product_brand","embeddable":true,"href":"https:\/\/ak47.nu\/de\/wp-json\/wp\/v2\/product_brand?post=56146"},{"taxonomy":"product_cat","embeddable":true,"href":"https:\/\/ak47.nu\/de\/wp-json\/wp\/v2\/product_cat?post=56146"},{"taxonomy":"product_tag","embeddable":true,"href":"https:\/\/ak47.nu\/de\/wp-json\/wp\/v2\/product_tag?post=56146"}],"curies":[{"name":"wp","href":"https:\/\/api.w.org\/{rel}","templated":true}]}}