{"id":56829,"date":"2024-01-12T08:47:41","date_gmt":"2024-01-12T07:47:41","guid":{"rendered":"https:\/\/ak47.nu\/produkt\/replica-of-military-sharps-carbine-usa-1859\/"},"modified":"2025-08-21T10:31:57","modified_gmt":"2025-08-21T08:31:57","slug":"replika-militaer-sharps-karabiner-usa-1859","status":"publish","type":"product","link":"https:\/\/ak47.nu\/de\/produkt\/replikor\/gevar-replikor\/replika-militaer-sharps-karabiner-usa-1859\/","title":{"rendered":"Replika Milit\u00e4r Sharps Karabiner, USA 1859 | DENIX"},"content":{"rendered":"<h1>Replika des milit\u00e4rischen Sharps Karabiners, USA 1859<\/h1>\n<h2>Historische Nachbildung eines Sharps Karabiners aus dem amerikanischen B\u00fcrgerkrieg<\/h2>\n<p>Erleben Sie Ihre historischen Nachbildungen des amerikanischen B\u00fcrgerkriegs mit der DENIX-Nachbildung dieses Karabiners! Diese Reproduktion eines Karabiners ist aus Metall und Holz gefertigt, mit simuliertem Lade- und Schussmechanismus. <a href=\"https:\/\/ak47.nu\/de\/\">Entdecken Sie unser Angebot an Replikatwaffen<\/a>.<\/p>\n<h3>Sharps Karabiner: Ein bahnbrechendes Design<\/h3>\n<p>Der Sharps Karabiner, entworfen von Christian Sharps im Jahr 1848, war ein Hinterlader-Karabiner, der zus\u00e4tzlich zur Verwendung der Standard-Z\u00fcndkapsel einen eher ungew\u00f6hnlichen Z\u00fcndmechanismus besa\u00df. Er enthielt eine S\u00e4ule von Z\u00fcndkapseln und setzte jedes Mal eine auf den Z\u00fcndnippel, wenn der Abzug bet\u00e4tigt wurde und der Hammer fiel, was das Abfeuern erleichterte. <a href=\"https:\/\/ak47.nu\/de\/replikor\/gevar-replikor\/\">Entdecken Sie weitere Repliken aus dem amerikanischen B\u00fcrgerkrieg<\/a>.<\/p>\n<h3>Beliebt w\u00e4hrend des B\u00fcrgerkriegs und der Indianerkriege<\/h3>\n<p>Die Karabinerversion der Sharps-Gewehre war sowohl bei der Unions- als auch bei der Konf\u00f6derationskavallerie sehr beliebt, und im Gegensatz zum Gewehr wurden etwa 90.000 St\u00fcck des Modells 1859 hergestellt. Sein Hinterlader eignete sich f\u00fcr Umbauten. In den sp\u00e4ten 1860er Jahren wurden neue Metallpatronen entwickelt, so dass viele Karabiner in den Jahrzehnten nach dem amerikanischen B\u00fcrgerkrieg (1861-1865) w\u00e4hrend der Indianerkriege eingesetzt wurden. <a href=\"https:\/\/ak47.nu\/de\/butik\/\">Sehen Sie \u00e4hnliche historische Waffenrepliken<\/a>.<\/p>\n<ul>\n <li>Abmessungen: 101 cm<\/li>\n <li>Gewicht: 2.505 g<\/li>\n<\/ul>","protected":false},"excerpt":{"rendered":"<p>Replika des milit\u00e4rischen Sharps Karabiners, USA 1859 Historische Nachbildung eines Sharps Karabiners aus dem amerikanischen B\u00fcrgerkrieg Erleben Sie Ihre historischen Nachbildungen des amerikanischen B\u00fcrgerkriegs mit der DENIX-Nachbildung dieses Karabiners! Diese Reproduktion eines Karabiners ist aus Metall und Holz gefertigt, mit simuliertem Lade- und Schussmechanismus. Entdecken Sie unser Angebot an Replikatwaffen. Sharps Karabiner: Ein bahnbrechendes Design [&#8230;]","protected":false},"featured_media":56793,"template":"","meta":[],"product_brand":[],"product_cat":[446,441],"product_tag":[],"class_list":{"0":"post-56829","1":"product","2":"type-product","3":"status-publish","4":"has-post-thumbnail","6":"product_cat-gevar-replikor","7":"product_cat-replikor","8":"pa_brand-denix","10":"first","11":"outofstock","12":"sale","13":"taxable","14":"shipping-taxable","15":"purchasable","16":"product-type-simple"},"_links":{"self":[{"href":"https:\/\/ak47.nu\/de\/wp-json\/wp\/v2\/product\/56829","targetHints":{"allow":["GET"]}}],"collection":[{"href":"https:\/\/ak47.nu\/de\/wp-json\/wp\/v2\/product"}],"about":[{"href":"https:\/\/ak47.nu\/de\/wp-json\/wp\/v2\/types\/product"}],"wp:featuredmedia":[{"embeddable":true,"href":"https:\/\/ak47.nu\/de\/wp-json\/wp\/v2\/media\/56793"}],"wp:attachment":[{"href":"https:\/\/ak47.nu\/de\/wp-json\/wp\/v2\/media?parent=56829"}],"wp:term":[{"taxonomy":"product_brand","embeddable":true,"href":"https:\/\/ak47.nu\/de\/wp-json\/wp\/v2\/product_brand?post=56829"},{"taxonomy":"product_cat","embeddable":true,"href":"https:\/\/ak47.nu\/de\/wp-json\/wp\/v2\/product_cat?post=56829"},{"taxonomy":"product_tag","embeddable":true,"href":"https:\/\/ak47.nu\/de\/wp-json\/wp\/v2\/product_tag?post=56829"}],"curies":[{"name":"wp","href":"https:\/\/api.w.org\/{rel}","templated":true}]}}